{"id":5023,"date":"2025-09-26T12:35:32","date_gmt":"2025-09-26T11:35:32","guid":{"rendered":"https:\/\/irenca.si\/?post_type=product&#038;p=5023"},"modified":"2025-09-26T12:39:45","modified_gmt":"2025-09-26T11:39:45","slug":"pobarvanka-srce-nageljnov","status":"publish","type":"product","link":"https:\/\/irenca.si\/en\/trgovina\/brezplacno\/pobarvanka-srce-nageljnov\/","title":{"rendered":"Pobarvanka Srce nageljnov"},"content":{"rendered":"<p>Srce iz nageljnov<br \/>\nSrce, oblikovano iz nageljnov, predstavlja ljubezen, vitalnost in ne\u017eno \u017eensko energijo.<\/p>","protected":false},"excerpt":{"rendered":"<p>Brezpla\u010dna pobarvanka, sprintaj si in u\u017eivaj<\/p>\n<p>Srce iz nageljnov<br \/>\nSrce, oblikovano iz nageljnov, predstavlja ljubezen, vitalnost in ne\u017eno \u017eensko energijo.<\/p>","protected":false},"featured_media":5021,"comment_status":"open","ping_status":"closed","template":"","meta":{"_themeisle_gutenberg_block_has_review":false},"product_brand":[],"product_cat":[85],"product_tag":[],"class_list":{"0":"post-5023","1":"product","2":"type-product","3":"status-publish","4":"has-post-thumbnail","6":"product_cat-brezplacno","8":"first","9":"instock","10":"downloadable","11":"sold-individually","12":"shipping-taxable","13":"purchasable","14":"product-type-simple"},"yoast_head":"<!-- This site is optimized with the Yoast SEO plugin v26.6 - https:\/\/yoast.com\/wordpress\/plugins\/seo\/ -->\n<title>Pobarvanka Srce nageljnov - IrenaHappyArt<\/title>\n<meta name=\"robots\" content=\"index, follow, max-snippet:-1, max-image-preview:large, max-video-preview:-1\" \/>\n<link rel=\"canonical\" href=\"https:\/\/irenca.si\/en\/trgovina\/brezplacno\/pobarvanka-srce-nageljnov\/\" \/>\n<meta property=\"og:locale\" content=\"en_US\" \/>\n<meta property=\"og:type\" content=\"article\" \/>\n<meta property=\"og:title\" content=\"Pobarvanka Srce nageljnov - IrenaHappyArt\" \/>\n<meta property=\"og:description\" content=\"Brezpla\u010dna pobarvanka, sprintaj si in u\u017eivaj  Srce iz nageljnov Srce, oblikovano iz nageljnov, predstavlja ljubezen, vitalnost in ne\u017eno \u017eensko energijo.\" \/>\n<meta property=\"og:url\" content=\"https:\/\/irenca.si\/en\/trgovina\/brezplacno\/pobarvanka-srce-nageljnov\/\" \/>\n<meta property=\"og:site_name\" content=\"IrenaHappyArt\" \/>\n<meta property=\"article:publisher\" content=\"https:\/\/www.facebook.com\/IrenaHappyArt\/\" \/>\n<meta property=\"article:modified_time\" content=\"2025-09-26T11:39:45+00:00\" \/>\n<meta property=\"og:image\" content=\"https:\/\/irenca.si\/wp-content\/uploads\/2025\/09\/file_00000000c74c620abb313e739de11cca.png\" \/>\n\t<meta property=\"og:image:width\" content=\"1024\" \/>\n\t<meta property=\"og:image:height\" content=\"1024\" \/>\n\t<meta property=\"og:image:type\" content=\"image\/png\" \/>\n<meta name=\"twitter:card\" content=\"summary_large_image\" \/>\n<meta name=\"twitter:site\" content=\"@irenahappy\" \/>\n<meta name=\"twitter:label1\" content=\"Est. reading time\" \/>\n\t<meta name=\"twitter:data1\" content=\"1 minute\" \/>\n<script type=\"application\/ld+json\" class=\"yoast-schema-graph\">{\"@context\":\"https:\/\/schema.org\",\"@graph\":[{\"@type\":\"WebPage\",\"@id\":\"https:\/\/irenca.si\/trgovina\/brezplacno\/pobarvanka-srce-nageljnov\/\",\"url\":\"https:\/\/irenca.si\/trgovina\/brezplacno\/pobarvanka-srce-nageljnov\/\",\"name\":\"Pobarvanka Srce nageljnov - IrenaHappyArt\",\"isPartOf\":{\"@id\":\"https:\/\/irenca.si\/#website\"},\"primaryImageOfPage\":{\"@id\":\"https:\/\/irenca.si\/trgovina\/brezplacno\/pobarvanka-srce-nageljnov\/#primaryimage\"},\"image\":{\"@id\":\"https:\/\/irenca.si\/trgovina\/brezplacno\/pobarvanka-srce-nageljnov\/#primaryimage\"},\"thumbnailUrl\":\"https:\/\/irenca.si\/wp-content\/uploads\/2025\/09\/file_00000000c74c620abb313e739de11cca.png\",\"datePublished\":\"2025-09-26T11:35:32+00:00\",\"dateModified\":\"2025-09-26T11:39:45+00:00\",\"breadcrumb\":{\"@id\":\"https:\/\/irenca.si\/trgovina\/brezplacno\/pobarvanka-srce-nageljnov\/#breadcrumb\"},\"inLanguage\":\"en-US\",\"potentialAction\":[{\"@type\":\"ReadAction\",\"target\":[\"https:\/\/irenca.si\/trgovina\/brezplacno\/pobarvanka-srce-nageljnov\/\"]}]},{\"@type\":\"ImageObject\",\"inLanguage\":\"en-US\",\"@id\":\"https:\/\/irenca.si\/trgovina\/brezplacno\/pobarvanka-srce-nageljnov\/#primaryimage\",\"url\":\"https:\/\/irenca.si\/wp-content\/uploads\/2025\/09\/file_00000000c74c620abb313e739de11cca.png\",\"contentUrl\":\"https:\/\/irenca.si\/wp-content\/uploads\/2025\/09\/file_00000000c74c620abb313e739de11cca.png\",\"width\":1024,\"height\":1024},{\"@type\":\"BreadcrumbList\",\"@id\":\"https:\/\/irenca.si\/trgovina\/brezplacno\/pobarvanka-srce-nageljnov\/#breadcrumb\",\"itemListElement\":[{\"@type\":\"ListItem\",\"position\":1,\"name\":\"Home\",\"item\":\"https:\/\/irenca.si\/\"},{\"@type\":\"ListItem\",\"position\":2,\"name\":\"Trgovina\",\"item\":\"https:\/\/irenca.si\/trgovina\/\"},{\"@type\":\"ListItem\",\"position\":3,\"name\":\"Pobarvanka Srce nageljnov\"}]},{\"@type\":\"WebSite\",\"@id\":\"https:\/\/irenca.si\/#website\",\"url\":\"https:\/\/irenca.si\/\",\"name\":\"Irenca.si\",\"description\":\"Narejeno z ljubeznijo\",\"publisher\":{\"@id\":\"https:\/\/irenca.si\/#organization\"},\"alternateName\":\"IrenaHappyArt\",\"potentialAction\":[{\"@type\":\"SearchAction\",\"target\":{\"@type\":\"EntryPoint\",\"urlTemplate\":\"https:\/\/irenca.si\/?s={search_term_string}\"},\"query-input\":{\"@type\":\"PropertyValueSpecification\",\"valueRequired\":true,\"valueName\":\"search_term_string\"}}],\"inLanguage\":\"en-US\"},{\"@type\":\"Organization\",\"@id\":\"https:\/\/irenca.si\/#organization\",\"name\":\"IrenaHappyArt\",\"url\":\"https:\/\/irenca.si\/\",\"logo\":{\"@type\":\"ImageObject\",\"inLanguage\":\"en-US\",\"@id\":\"https:\/\/irenca.si\/#\/schema\/logo\/image\/\",\"url\":\"https:\/\/irenca.si\/wp-content\/uploads\/2024\/12\/IrenaHappyArt_-_Logo-1.png\",\"contentUrl\":\"https:\/\/irenca.si\/wp-content\/uploads\/2024\/12\/IrenaHappyArt_-_Logo-1.png\",\"width\":777,\"height\":200,\"caption\":\"IrenaHappyArt\"},\"image\":{\"@id\":\"https:\/\/irenca.si\/#\/schema\/logo\/image\/\"},\"sameAs\":[\"https:\/\/www.facebook.com\/IrenaHappyArt\/\",\"https:\/\/x.com\/irenahappy\",\"https:\/\/www.instagram.com\/irena_plevnjak\",\"https:\/\/snipfeed.co\/irenahappyart\"]}]}<\/script>\n<!-- \/ Yoast SEO plugin. -->","yoast_head_json":{"title":"Pobarvanka Srce nageljnov - IrenaHappyArt","robots":{"index":"index","follow":"follow","max-snippet":"max-snippet:-1","max-image-preview":"max-image-preview:large","max-video-preview":"max-video-preview:-1"},"canonical":"https:\/\/irenca.si\/en\/trgovina\/brezplacno\/pobarvanka-srce-nageljnov\/","og_locale":"en_US","og_type":"article","og_title":"Pobarvanka Srce nageljnov - IrenaHappyArt","og_description":"Brezpla\u010dna pobarvanka, sprintaj si in u\u017eivaj  Srce iz nageljnov Srce, oblikovano iz nageljnov, predstavlja ljubezen, vitalnost in ne\u017eno \u017eensko energijo.","og_url":"https:\/\/irenca.si\/en\/trgovina\/brezplacno\/pobarvanka-srce-nageljnov\/","og_site_name":"IrenaHappyArt","article_publisher":"https:\/\/www.facebook.com\/IrenaHappyArt\/","article_modified_time":"2025-09-26T11:39:45+00:00","og_image":[{"width":1024,"height":1024,"url":"https:\/\/irenca.si\/wp-content\/uploads\/2025\/09\/file_00000000c74c620abb313e739de11cca.png","type":"image\/png"}],"twitter_card":"summary_large_image","twitter_site":"@irenahappy","twitter_misc":{"Est. reading time":"1 minute"},"schema":{"@context":"https:\/\/schema.org","@graph":[{"@type":"WebPage","@id":"https:\/\/irenca.si\/trgovina\/brezplacno\/pobarvanka-srce-nageljnov\/","url":"https:\/\/irenca.si\/trgovina\/brezplacno\/pobarvanka-srce-nageljnov\/","name":"Pobarvanka Srce nageljnov - IrenaHappyArt","isPartOf":{"@id":"https:\/\/irenca.si\/#website"},"primaryImageOfPage":{"@id":"https:\/\/irenca.si\/trgovina\/brezplacno\/pobarvanka-srce-nageljnov\/#primaryimage"},"image":{"@id":"https:\/\/irenca.si\/trgovina\/brezplacno\/pobarvanka-srce-nageljnov\/#primaryimage"},"thumbnailUrl":"https:\/\/irenca.si\/wp-content\/uploads\/2025\/09\/file_00000000c74c620abb313e739de11cca.png","datePublished":"2025-09-26T11:35:32+00:00","dateModified":"2025-09-26T11:39:45+00:00","breadcrumb":{"@id":"https:\/\/irenca.si\/trgovina\/brezplacno\/pobarvanka-srce-nageljnov\/#breadcrumb"},"inLanguage":"en-US","potentialAction":[{"@type":"ReadAction","target":["https:\/\/irenca.si\/trgovina\/brezplacno\/pobarvanka-srce-nageljnov\/"]}]},{"@type":"ImageObject","inLanguage":"en-US","@id":"https:\/\/irenca.si\/trgovina\/brezplacno\/pobarvanka-srce-nageljnov\/#primaryimage","url":"https:\/\/irenca.si\/wp-content\/uploads\/2025\/09\/file_00000000c74c620abb313e739de11cca.png","contentUrl":"https:\/\/irenca.si\/wp-content\/uploads\/2025\/09\/file_00000000c74c620abb313e739de11cca.png","width":1024,"height":1024},{"@type":"BreadcrumbList","@id":"https:\/\/irenca.si\/trgovina\/brezplacno\/pobarvanka-srce-nageljnov\/#breadcrumb","itemListElement":[{"@type":"ListItem","position":1,"name":"Home","item":"https:\/\/irenca.si\/"},{"@type":"ListItem","position":2,"name":"Trgovina","item":"https:\/\/irenca.si\/trgovina\/"},{"@type":"ListItem","position":3,"name":"Pobarvanka Srce nageljnov"}]},{"@type":"WebSite","@id":"https:\/\/irenca.si\/#website","url":"https:\/\/irenca.si\/","name":"Irenca.si","description":"Narejeno z ljubeznijo","publisher":{"@id":"https:\/\/irenca.si\/#organization"},"alternateName":"IrenaHappyArt","potentialAction":[{"@type":"SearchAction","target":{"@type":"EntryPoint","urlTemplate":"https:\/\/irenca.si\/?s={search_term_string}"},"query-input":{"@type":"PropertyValueSpecification","valueRequired":true,"valueName":"search_term_string"}}],"inLanguage":"en-US"},{"@type":"Organization","@id":"https:\/\/irenca.si\/#organization","name":"IrenaHappyArt","url":"https:\/\/irenca.si\/","logo":{"@type":"ImageObject","inLanguage":"en-US","@id":"https:\/\/irenca.si\/#\/schema\/logo\/image\/","url":"https:\/\/irenca.si\/wp-content\/uploads\/2024\/12\/IrenaHappyArt_-_Logo-1.png","contentUrl":"https:\/\/irenca.si\/wp-content\/uploads\/2024\/12\/IrenaHappyArt_-_Logo-1.png","width":777,"height":200,"caption":"IrenaHappyArt"},"image":{"@id":"https:\/\/irenca.si\/#\/schema\/logo\/image\/"},"sameAs":["https:\/\/www.facebook.com\/IrenaHappyArt\/","https:\/\/x.com\/irenahappy","https:\/\/www.instagram.com\/irena_plevnjak","https:\/\/snipfeed.co\/irenahappyart"]}]}},"_links":{"self":[{"href":"https:\/\/irenca.si\/en\/wp-json\/wp\/v2\/product\/5023","targetHints":{"allow":["GET"]}}],"collection":[{"href":"https:\/\/irenca.si\/en\/wp-json\/wp\/v2\/product"}],"about":[{"href":"https:\/\/irenca.si\/en\/wp-json\/wp\/v2\/types\/product"}],"replies":[{"embeddable":true,"href":"https:\/\/irenca.si\/en\/wp-json\/wp\/v2\/comments?post=5023"}],"wp:featuredmedia":[{"embeddable":true,"href":"https:\/\/irenca.si\/en\/wp-json\/wp\/v2\/media\/5021"}],"wp:attachment":[{"href":"https:\/\/irenca.si\/en\/wp-json\/wp\/v2\/media?parent=5023"}],"wp:term":[{"taxonomy":"product_brand","embeddable":true,"href":"https:\/\/irenca.si\/en\/wp-json\/wp\/v2\/product_brand?post=5023"},{"taxonomy":"product_cat","embeddable":true,"href":"https:\/\/irenca.si\/en\/wp-json\/wp\/v2\/product_cat?post=5023"},{"taxonomy":"product_tag","embeddable":true,"href":"https:\/\/irenca.si\/en\/wp-json\/wp\/v2\/product_tag?post=5023"}],"curies":[{"name":"wp","href":"https:\/\/api.w.org\/{rel}","templated":true}]}}