{"id":5009,"date":"2025-09-16T08:10:30","date_gmt":"2025-09-16T07:10:30","guid":{"rendered":"https:\/\/irenca.si\/?post_type=product&#038;p=5009"},"modified":"2025-09-16T08:10:31","modified_gmt":"2025-09-16T07:10:31","slug":"pobarvanka-roza-zivljenja","status":"publish","type":"product","link":"https:\/\/irenca.si\/en\/trgovina\/brezplacno\/pobarvanka-roza-zivljenja\/","title":{"rendered":"Pobarvanka Ro\u017ea \u017divljenja"},"content":{"rendered":"<p>Sakralna geometrija v obliki cveta \u017eivljenja prina\u0161a harmonijo in notranje ravnovesje.<\/p>","protected":false},"excerpt":{"rendered":"<p>Free coloring sheet \u2013 print it out and enjoy! \ud83c\udfa8<\/p>\n<p>Sakralna geometrija v obliki cveta \u017eivljenja prina\u0161a harmonijo in notranje ravnovesje.<\/p>","protected":false},"featured_media":5003,"comment_status":"open","ping_status":"closed","template":"","meta":{"_themeisle_gutenberg_block_has_review":false},"product_brand":[],"product_cat":[85],"product_tag":[],"class_list":{"0":"post-5009","1":"product","2":"type-product","3":"status-publish","4":"has-post-thumbnail","6":"product_cat-brezplacno","8":"first","9":"instock","10":"downloadable","11":"sold-individually","12":"shipping-taxable","13":"purchasable","14":"product-type-simple"},"yoast_head":"<!-- This site is optimized with the Yoast SEO plugin v26.6 - https:\/\/yoast.com\/wordpress\/plugins\/seo\/ -->\n<title>Pobarvanka Ro\u017ea \u017divljenja - IrenaHappyArt<\/title>\n<meta name=\"robots\" content=\"index, follow, max-snippet:-1, max-image-preview:large, max-video-preview:-1\" \/>\n<link rel=\"canonical\" href=\"https:\/\/irenca.si\/en\/trgovina\/brezplacno\/pobarvanka-roza-zivljenja\/\" \/>\n<meta property=\"og:locale\" content=\"en_US\" \/>\n<meta property=\"og:type\" content=\"article\" \/>\n<meta property=\"og:title\" content=\"Pobarvanka Ro\u017ea \u017divljenja - IrenaHappyArt\" \/>\n<meta property=\"og:description\" content=\"Brezpla\u010dna pobarvanka - sprintaj si in u\u017eivaj  Sakralna geometrija v obliki cveta \u017eivljenja prina\u0161a harmonijo in notranje ravnovesje.\" \/>\n<meta property=\"og:url\" content=\"https:\/\/irenca.si\/en\/trgovina\/brezplacno\/pobarvanka-roza-zivljenja\/\" \/>\n<meta property=\"og:site_name\" content=\"IrenaHappyArt\" \/>\n<meta property=\"article:publisher\" content=\"https:\/\/www.facebook.com\/IrenaHappyArt\/\" \/>\n<meta property=\"article:modified_time\" content=\"2025-09-16T07:10:31+00:00\" \/>\n<meta property=\"og:image\" content=\"https:\/\/irenca.si\/wp-content\/uploads\/2025\/09\/file_00000000706062438d762c6420f54d0e-1.png\" \/>\n\t<meta property=\"og:image:width\" content=\"1024\" \/>\n\t<meta property=\"og:image:height\" content=\"1024\" \/>\n\t<meta property=\"og:image:type\" content=\"image\/png\" \/>\n<meta name=\"twitter:card\" content=\"summary_large_image\" \/>\n<meta name=\"twitter:site\" content=\"@irenahappy\" \/>\n<meta name=\"twitter:label1\" content=\"Est. reading time\" \/>\n\t<meta name=\"twitter:data1\" content=\"1 minute\" \/>\n<script type=\"application\/ld+json\" class=\"yoast-schema-graph\">{\"@context\":\"https:\/\/schema.org\",\"@graph\":[{\"@type\":\"WebPage\",\"@id\":\"https:\/\/irenca.si\/trgovina\/brezplacno\/pobarvanka-roza-zivljenja\/\",\"url\":\"https:\/\/irenca.si\/trgovina\/brezplacno\/pobarvanka-roza-zivljenja\/\",\"name\":\"Pobarvanka Ro\u017ea \u017divljenja - IrenaHappyArt\",\"isPartOf\":{\"@id\":\"https:\/\/irenca.si\/#website\"},\"primaryImageOfPage\":{\"@id\":\"https:\/\/irenca.si\/trgovina\/brezplacno\/pobarvanka-roza-zivljenja\/#primaryimage\"},\"image\":{\"@id\":\"https:\/\/irenca.si\/trgovina\/brezplacno\/pobarvanka-roza-zivljenja\/#primaryimage\"},\"thumbnailUrl\":\"https:\/\/irenca.si\/wp-content\/uploads\/2025\/09\/file_00000000706062438d762c6420f54d0e-1.png\",\"datePublished\":\"2025-09-16T07:10:30+00:00\",\"dateModified\":\"2025-09-16T07:10:31+00:00\",\"breadcrumb\":{\"@id\":\"https:\/\/irenca.si\/trgovina\/brezplacno\/pobarvanka-roza-zivljenja\/#breadcrumb\"},\"inLanguage\":\"en-US\",\"potentialAction\":[{\"@type\":\"ReadAction\",\"target\":[\"https:\/\/irenca.si\/trgovina\/brezplacno\/pobarvanka-roza-zivljenja\/\"]}]},{\"@type\":\"ImageObject\",\"inLanguage\":\"en-US\",\"@id\":\"https:\/\/irenca.si\/trgovina\/brezplacno\/pobarvanka-roza-zivljenja\/#primaryimage\",\"url\":\"https:\/\/irenca.si\/wp-content\/uploads\/2025\/09\/file_00000000706062438d762c6420f54d0e-1.png\",\"contentUrl\":\"https:\/\/irenca.si\/wp-content\/uploads\/2025\/09\/file_00000000706062438d762c6420f54d0e-1.png\",\"width\":1024,\"height\":1024},{\"@type\":\"BreadcrumbList\",\"@id\":\"https:\/\/irenca.si\/trgovina\/brezplacno\/pobarvanka-roza-zivljenja\/#breadcrumb\",\"itemListElement\":[{\"@type\":\"ListItem\",\"position\":1,\"name\":\"Home\",\"item\":\"https:\/\/irenca.si\/\"},{\"@type\":\"ListItem\",\"position\":2,\"name\":\"Trgovina\",\"item\":\"https:\/\/irenca.si\/trgovina\/\"},{\"@type\":\"ListItem\",\"position\":3,\"name\":\"Pobarvanka Ro\u017ea \u017divljenja\"}]},{\"@type\":\"WebSite\",\"@id\":\"https:\/\/irenca.si\/#website\",\"url\":\"https:\/\/irenca.si\/\",\"name\":\"Irenca.si\",\"description\":\"Narejeno z ljubeznijo\",\"publisher\":{\"@id\":\"https:\/\/irenca.si\/#organization\"},\"alternateName\":\"IrenaHappyArt\",\"potentialAction\":[{\"@type\":\"SearchAction\",\"target\":{\"@type\":\"EntryPoint\",\"urlTemplate\":\"https:\/\/irenca.si\/?s={search_term_string}\"},\"query-input\":{\"@type\":\"PropertyValueSpecification\",\"valueRequired\":true,\"valueName\":\"search_term_string\"}}],\"inLanguage\":\"en-US\"},{\"@type\":\"Organization\",\"@id\":\"https:\/\/irenca.si\/#organization\",\"name\":\"IrenaHappyArt\",\"url\":\"https:\/\/irenca.si\/\",\"logo\":{\"@type\":\"ImageObject\",\"inLanguage\":\"en-US\",\"@id\":\"https:\/\/irenca.si\/#\/schema\/logo\/image\/\",\"url\":\"https:\/\/irenca.si\/wp-content\/uploads\/2024\/12\/IrenaHappyArt_-_Logo-1.png\",\"contentUrl\":\"https:\/\/irenca.si\/wp-content\/uploads\/2024\/12\/IrenaHappyArt_-_Logo-1.png\",\"width\":777,\"height\":200,\"caption\":\"IrenaHappyArt\"},\"image\":{\"@id\":\"https:\/\/irenca.si\/#\/schema\/logo\/image\/\"},\"sameAs\":[\"https:\/\/www.facebook.com\/IrenaHappyArt\/\",\"https:\/\/x.com\/irenahappy\",\"https:\/\/www.instagram.com\/irena_plevnjak\",\"https:\/\/snipfeed.co\/irenahappyart\"]}]}<\/script>\n<!-- \/ Yoast SEO plugin. -->","yoast_head_json":{"title":"Pobarvanka Ro\u017ea \u017divljenja - IrenaHappyArt","robots":{"index":"index","follow":"follow","max-snippet":"max-snippet:-1","max-image-preview":"max-image-preview:large","max-video-preview":"max-video-preview:-1"},"canonical":"https:\/\/irenca.si\/en\/trgovina\/brezplacno\/pobarvanka-roza-zivljenja\/","og_locale":"en_US","og_type":"article","og_title":"Pobarvanka Ro\u017ea \u017divljenja - IrenaHappyArt","og_description":"Brezpla\u010dna pobarvanka - sprintaj si in u\u017eivaj  Sakralna geometrija v obliki cveta \u017eivljenja prina\u0161a harmonijo in notranje ravnovesje.","og_url":"https:\/\/irenca.si\/en\/trgovina\/brezplacno\/pobarvanka-roza-zivljenja\/","og_site_name":"IrenaHappyArt","article_publisher":"https:\/\/www.facebook.com\/IrenaHappyArt\/","article_modified_time":"2025-09-16T07:10:31+00:00","og_image":[{"width":1024,"height":1024,"url":"https:\/\/irenca.si\/wp-content\/uploads\/2025\/09\/file_00000000706062438d762c6420f54d0e-1.png","type":"image\/png"}],"twitter_card":"summary_large_image","twitter_site":"@irenahappy","twitter_misc":{"Est. reading time":"1 minute"},"schema":{"@context":"https:\/\/schema.org","@graph":[{"@type":"WebPage","@id":"https:\/\/irenca.si\/trgovina\/brezplacno\/pobarvanka-roza-zivljenja\/","url":"https:\/\/irenca.si\/trgovina\/brezplacno\/pobarvanka-roza-zivljenja\/","name":"Pobarvanka Ro\u017ea \u017divljenja - IrenaHappyArt","isPartOf":{"@id":"https:\/\/irenca.si\/#website"},"primaryImageOfPage":{"@id":"https:\/\/irenca.si\/trgovina\/brezplacno\/pobarvanka-roza-zivljenja\/#primaryimage"},"image":{"@id":"https:\/\/irenca.si\/trgovina\/brezplacno\/pobarvanka-roza-zivljenja\/#primaryimage"},"thumbnailUrl":"https:\/\/irenca.si\/wp-content\/uploads\/2025\/09\/file_00000000706062438d762c6420f54d0e-1.png","datePublished":"2025-09-16T07:10:30+00:00","dateModified":"2025-09-16T07:10:31+00:00","breadcrumb":{"@id":"https:\/\/irenca.si\/trgovina\/brezplacno\/pobarvanka-roza-zivljenja\/#breadcrumb"},"inLanguage":"en-US","potentialAction":[{"@type":"ReadAction","target":["https:\/\/irenca.si\/trgovina\/brezplacno\/pobarvanka-roza-zivljenja\/"]}]},{"@type":"ImageObject","inLanguage":"en-US","@id":"https:\/\/irenca.si\/trgovina\/brezplacno\/pobarvanka-roza-zivljenja\/#primaryimage","url":"https:\/\/irenca.si\/wp-content\/uploads\/2025\/09\/file_00000000706062438d762c6420f54d0e-1.png","contentUrl":"https:\/\/irenca.si\/wp-content\/uploads\/2025\/09\/file_00000000706062438d762c6420f54d0e-1.png","width":1024,"height":1024},{"@type":"BreadcrumbList","@id":"https:\/\/irenca.si\/trgovina\/brezplacno\/pobarvanka-roza-zivljenja\/#breadcrumb","itemListElement":[{"@type":"ListItem","position":1,"name":"Home","item":"https:\/\/irenca.si\/"},{"@type":"ListItem","position":2,"name":"Trgovina","item":"https:\/\/irenca.si\/trgovina\/"},{"@type":"ListItem","position":3,"name":"Pobarvanka Ro\u017ea \u017divljenja"}]},{"@type":"WebSite","@id":"https:\/\/irenca.si\/#website","url":"https:\/\/irenca.si\/","name":"Irenca.si","description":"Narejeno z ljubeznijo","publisher":{"@id":"https:\/\/irenca.si\/#organization"},"alternateName":"IrenaHappyArt","potentialAction":[{"@type":"SearchAction","target":{"@type":"EntryPoint","urlTemplate":"https:\/\/irenca.si\/?s={search_term_string}"},"query-input":{"@type":"PropertyValueSpecification","valueRequired":true,"valueName":"search_term_string"}}],"inLanguage":"en-US"},{"@type":"Organization","@id":"https:\/\/irenca.si\/#organization","name":"IrenaHappyArt","url":"https:\/\/irenca.si\/","logo":{"@type":"ImageObject","inLanguage":"en-US","@id":"https:\/\/irenca.si\/#\/schema\/logo\/image\/","url":"https:\/\/irenca.si\/wp-content\/uploads\/2024\/12\/IrenaHappyArt_-_Logo-1.png","contentUrl":"https:\/\/irenca.si\/wp-content\/uploads\/2024\/12\/IrenaHappyArt_-_Logo-1.png","width":777,"height":200,"caption":"IrenaHappyArt"},"image":{"@id":"https:\/\/irenca.si\/#\/schema\/logo\/image\/"},"sameAs":["https:\/\/www.facebook.com\/IrenaHappyArt\/","https:\/\/x.com\/irenahappy","https:\/\/www.instagram.com\/irena_plevnjak","https:\/\/snipfeed.co\/irenahappyart"]}]}},"_links":{"self":[{"href":"https:\/\/irenca.si\/en\/wp-json\/wp\/v2\/product\/5009","targetHints":{"allow":["GET"]}}],"collection":[{"href":"https:\/\/irenca.si\/en\/wp-json\/wp\/v2\/product"}],"about":[{"href":"https:\/\/irenca.si\/en\/wp-json\/wp\/v2\/types\/product"}],"replies":[{"embeddable":true,"href":"https:\/\/irenca.si\/en\/wp-json\/wp\/v2\/comments?post=5009"}],"wp:featuredmedia":[{"embeddable":true,"href":"https:\/\/irenca.si\/en\/wp-json\/wp\/v2\/media\/5003"}],"wp:attachment":[{"href":"https:\/\/irenca.si\/en\/wp-json\/wp\/v2\/media?parent=5009"}],"wp:term":[{"taxonomy":"product_brand","embeddable":true,"href":"https:\/\/irenca.si\/en\/wp-json\/wp\/v2\/product_brand?post=5009"},{"taxonomy":"product_cat","embeddable":true,"href":"https:\/\/irenca.si\/en\/wp-json\/wp\/v2\/product_cat?post=5009"},{"taxonomy":"product_tag","embeddable":true,"href":"https:\/\/irenca.si\/en\/wp-json\/wp\/v2\/product_tag?post=5009"}],"curies":[{"name":"wp","href":"https:\/\/api.w.org\/{rel}","templated":true}]}}