{"id":4951,"date":"2025-08-09T19:11:31","date_gmt":"2025-08-09T18:11:31","guid":{"rendered":"https:\/\/irenca.si\/?post_type=product&#038;p=4951"},"modified":"2025-08-09T19:55:12","modified_gmt":"2025-08-09T18:55:12","slug":"ai-prediction-premium","status":"publish","type":"product","link":"https:\/\/irenca.si\/en\/trgovina\/ai-predictions\/ai-prediction-premium\/","title":{"rendered":"AI Prediction \u2013 Premium \ud83d\udd2e"},"content":{"rendered":"<h3><strong>AI Future Predictor \u2013 for entertainment with a touch of mystery \u2728<\/strong> \u2728<\/h3>\n<h4>Welcome to a world where artificial intelligence meets the art of future prediction.<\/h4>\n<h4 class=\"translation-block\">Our <strong>AI Future Predictor<\/strong> uses state-of-the-art technology to create a unique, personalized, and inspiring prediction based on your data and questions.<\/h4>\n<h4><\/h4>\n<h4 class=\"translation-block\">\u26a0\ufe0f <strong>Note:<\/strong> Predictions are created for entertainment and personal inspiration only. They do not represent medical, financial, or legal advice and should not be taken as facts.<\/h4>\n<p>&nbsp;<\/p>\n<h3>Kaj vklju\u010duje Premium napoved?<\/h3>\n<p>Podrobna napoved za vse tri glavne sfere: ljubezen, zdravje, denar.<\/p>\n<p>Posebni skrivnostni vpogledi na podlagi astrolo\u0161kih podatkov (\u010de jih navedete).<\/p>\n<p>Napoved klju\u010dnih dogodkov za naslednjih 12 mesecev.<\/p>\n<p>Dodatni energijski nasveti za vas osebno.<\/p>\n<p>Ve\u010dstranski pogled na va\u0161e vpra\u0161anje z ve\u010d razli\u010dnimi vidiki in interpretacijami.<\/p>\n<p>&nbsp;<\/p>","protected":false},"excerpt":{"rendered":"<p>Welcome to a world where artificial intelligence meets the art of future prediction.<\/p>","protected":false},"featured_media":4952,"comment_status":"open","ping_status":"closed","template":"","meta":{"_themeisle_gutenberg_block_has_review":false},"product_brand":[],"product_cat":[84],"product_tag":[],"class_list":{"0":"post-4951","1":"product","2":"type-product","3":"status-publish","4":"has-post-thumbnail","6":"product_cat-ai-predictions","8":"first","9":"instock","10":"virtual","11":"sold-individually","12":"purchasable","13":"product-type-simple"},"yoast_head":"<!-- This site is optimized with the Yoast SEO plugin v26.6 - https:\/\/yoast.com\/wordpress\/plugins\/seo\/ -->\n<title>AI Napoved - Premium napoved \ud83d\udd2e - IrenaHappyArt<\/title>\n<meta name=\"robots\" content=\"index, follow, max-snippet:-1, max-image-preview:large, max-video-preview:-1\" \/>\n<link rel=\"canonical\" href=\"https:\/\/irenca.si\/en\/trgovina\/ai-predictions\/ai-prediction-premium\/\" \/>\n<meta property=\"og:locale\" content=\"en_US\" \/>\n<meta property=\"og:type\" content=\"article\" \/>\n<meta property=\"og:title\" content=\"AI Napoved - Premium napoved \ud83d\udd2e - IrenaHappyArt\" \/>\n<meta property=\"og:description\" content=\"Dobrodo\u0161li v svetu, kjer se umetna inteligenca prepleta z umetnostjo napovedovanja prihodnosti. \u2728\" \/>\n<meta property=\"og:url\" content=\"https:\/\/irenca.si\/en\/trgovina\/ai-predictions\/ai-prediction-premium\/\" \/>\n<meta property=\"og:site_name\" content=\"IrenaHappyArt\" \/>\n<meta property=\"article:publisher\" content=\"https:\/\/www.facebook.com\/IrenaHappyArt\/\" \/>\n<meta property=\"article:modified_time\" content=\"2025-08-09T18:55:12+00:00\" \/>\n<meta property=\"og:image\" content=\"https:\/\/irenca.si\/wp-content\/uploads\/2025\/08\/product-premium.png\" \/>\n\t<meta property=\"og:image:width\" content=\"1024\" \/>\n\t<meta property=\"og:image:height\" content=\"1024\" \/>\n\t<meta property=\"og:image:type\" content=\"image\/png\" \/>\n<meta name=\"twitter:card\" content=\"summary_large_image\" \/>\n<meta name=\"twitter:site\" content=\"@irenahappy\" \/>\n<meta name=\"twitter:label1\" content=\"Est. reading time\" \/>\n\t<meta name=\"twitter:data1\" content=\"1 minute\" \/>\n<script type=\"application\/ld+json\" class=\"yoast-schema-graph\">{\"@context\":\"https:\/\/schema.org\",\"@graph\":[{\"@type\":\"WebPage\",\"@id\":\"https:\/\/irenca.si\/trgovina\/ai-predictions\/ai-prediction-premium\/\",\"url\":\"https:\/\/irenca.si\/trgovina\/ai-predictions\/ai-prediction-premium\/\",\"name\":\"AI Napoved - Premium napoved \ud83d\udd2e - IrenaHappyArt\",\"isPartOf\":{\"@id\":\"https:\/\/irenca.si\/#website\"},\"primaryImageOfPage\":{\"@id\":\"https:\/\/irenca.si\/trgovina\/ai-predictions\/ai-prediction-premium\/#primaryimage\"},\"image\":{\"@id\":\"https:\/\/irenca.si\/trgovina\/ai-predictions\/ai-prediction-premium\/#primaryimage\"},\"thumbnailUrl\":\"https:\/\/irenca.si\/wp-content\/uploads\/2025\/08\/product-premium.png\",\"datePublished\":\"2025-08-09T18:11:31+00:00\",\"dateModified\":\"2025-08-09T18:55:12+00:00\",\"breadcrumb\":{\"@id\":\"https:\/\/irenca.si\/trgovina\/ai-predictions\/ai-prediction-premium\/#breadcrumb\"},\"inLanguage\":\"en-US\",\"potentialAction\":[{\"@type\":\"ReadAction\",\"target\":[\"https:\/\/irenca.si\/trgovina\/ai-predictions\/ai-prediction-premium\/\"]}]},{\"@type\":\"ImageObject\",\"inLanguage\":\"en-US\",\"@id\":\"https:\/\/irenca.si\/trgovina\/ai-predictions\/ai-prediction-premium\/#primaryimage\",\"url\":\"https:\/\/irenca.si\/wp-content\/uploads\/2025\/08\/product-premium.png\",\"contentUrl\":\"https:\/\/irenca.si\/wp-content\/uploads\/2025\/08\/product-premium.png\",\"width\":1024,\"height\":1024},{\"@type\":\"BreadcrumbList\",\"@id\":\"https:\/\/irenca.si\/trgovina\/ai-predictions\/ai-prediction-premium\/#breadcrumb\",\"itemListElement\":[{\"@type\":\"ListItem\",\"position\":1,\"name\":\"Home\",\"item\":\"https:\/\/irenca.si\/\"},{\"@type\":\"ListItem\",\"position\":2,\"name\":\"Trgovina\",\"item\":\"https:\/\/irenca.si\/trgovina\/\"},{\"@type\":\"ListItem\",\"position\":3,\"name\":\"AI Napoved &#8211; Premium napoved \ud83d\udd2e\"}]},{\"@type\":\"WebSite\",\"@id\":\"https:\/\/irenca.si\/#website\",\"url\":\"https:\/\/irenca.si\/\",\"name\":\"Irenca.si\",\"description\":\"Narejeno z ljubeznijo\",\"publisher\":{\"@id\":\"https:\/\/irenca.si\/#organization\"},\"alternateName\":\"IrenaHappyArt\",\"potentialAction\":[{\"@type\":\"SearchAction\",\"target\":{\"@type\":\"EntryPoint\",\"urlTemplate\":\"https:\/\/irenca.si\/?s={search_term_string}\"},\"query-input\":{\"@type\":\"PropertyValueSpecification\",\"valueRequired\":true,\"valueName\":\"search_term_string\"}}],\"inLanguage\":\"en-US\"},{\"@type\":\"Organization\",\"@id\":\"https:\/\/irenca.si\/#organization\",\"name\":\"IrenaHappyArt\",\"url\":\"https:\/\/irenca.si\/\",\"logo\":{\"@type\":\"ImageObject\",\"inLanguage\":\"en-US\",\"@id\":\"https:\/\/irenca.si\/#\/schema\/logo\/image\/\",\"url\":\"https:\/\/irenca.si\/wp-content\/uploads\/2024\/12\/IrenaHappyArt_-_Logo-1.png\",\"contentUrl\":\"https:\/\/irenca.si\/wp-content\/uploads\/2024\/12\/IrenaHappyArt_-_Logo-1.png\",\"width\":777,\"height\":200,\"caption\":\"IrenaHappyArt\"},\"image\":{\"@id\":\"https:\/\/irenca.si\/#\/schema\/logo\/image\/\"},\"sameAs\":[\"https:\/\/www.facebook.com\/IrenaHappyArt\/\",\"https:\/\/x.com\/irenahappy\",\"https:\/\/www.instagram.com\/irena_plevnjak\",\"https:\/\/snipfeed.co\/irenahappyart\"]}]}<\/script>\n<!-- \/ Yoast SEO plugin. -->","yoast_head_json":{"title":"AI Napoved - Premium napoved \ud83d\udd2e - IrenaHappyArt","robots":{"index":"index","follow":"follow","max-snippet":"max-snippet:-1","max-image-preview":"max-image-preview:large","max-video-preview":"max-video-preview:-1"},"canonical":"https:\/\/irenca.si\/en\/trgovina\/ai-predictions\/ai-prediction-premium\/","og_locale":"en_US","og_type":"article","og_title":"AI Napoved - Premium napoved \ud83d\udd2e - IrenaHappyArt","og_description":"Dobrodo\u0161li v svetu, kjer se umetna inteligenca prepleta z umetnostjo napovedovanja prihodnosti. \u2728","og_url":"https:\/\/irenca.si\/en\/trgovina\/ai-predictions\/ai-prediction-premium\/","og_site_name":"IrenaHappyArt","article_publisher":"https:\/\/www.facebook.com\/IrenaHappyArt\/","article_modified_time":"2025-08-09T18:55:12+00:00","og_image":[{"width":1024,"height":1024,"url":"https:\/\/irenca.si\/wp-content\/uploads\/2025\/08\/product-premium.png","type":"image\/png"}],"twitter_card":"summary_large_image","twitter_site":"@irenahappy","twitter_misc":{"Est. reading time":"1 minute"},"schema":{"@context":"https:\/\/schema.org","@graph":[{"@type":"WebPage","@id":"https:\/\/irenca.si\/trgovina\/ai-predictions\/ai-prediction-premium\/","url":"https:\/\/irenca.si\/trgovina\/ai-predictions\/ai-prediction-premium\/","name":"AI Napoved - Premium napoved \ud83d\udd2e - IrenaHappyArt","isPartOf":{"@id":"https:\/\/irenca.si\/#website"},"primaryImageOfPage":{"@id":"https:\/\/irenca.si\/trgovina\/ai-predictions\/ai-prediction-premium\/#primaryimage"},"image":{"@id":"https:\/\/irenca.si\/trgovina\/ai-predictions\/ai-prediction-premium\/#primaryimage"},"thumbnailUrl":"https:\/\/irenca.si\/wp-content\/uploads\/2025\/08\/product-premium.png","datePublished":"2025-08-09T18:11:31+00:00","dateModified":"2025-08-09T18:55:12+00:00","breadcrumb":{"@id":"https:\/\/irenca.si\/trgovina\/ai-predictions\/ai-prediction-premium\/#breadcrumb"},"inLanguage":"en-US","potentialAction":[{"@type":"ReadAction","target":["https:\/\/irenca.si\/trgovina\/ai-predictions\/ai-prediction-premium\/"]}]},{"@type":"ImageObject","inLanguage":"en-US","@id":"https:\/\/irenca.si\/trgovina\/ai-predictions\/ai-prediction-premium\/#primaryimage","url":"https:\/\/irenca.si\/wp-content\/uploads\/2025\/08\/product-premium.png","contentUrl":"https:\/\/irenca.si\/wp-content\/uploads\/2025\/08\/product-premium.png","width":1024,"height":1024},{"@type":"BreadcrumbList","@id":"https:\/\/irenca.si\/trgovina\/ai-predictions\/ai-prediction-premium\/#breadcrumb","itemListElement":[{"@type":"ListItem","position":1,"name":"Home","item":"https:\/\/irenca.si\/"},{"@type":"ListItem","position":2,"name":"Trgovina","item":"https:\/\/irenca.si\/trgovina\/"},{"@type":"ListItem","position":3,"name":"AI Napoved &#8211; Premium napoved \ud83d\udd2e"}]},{"@type":"WebSite","@id":"https:\/\/irenca.si\/#website","url":"https:\/\/irenca.si\/","name":"Irenca.si","description":"Narejeno z ljubeznijo","publisher":{"@id":"https:\/\/irenca.si\/#organization"},"alternateName":"IrenaHappyArt","potentialAction":[{"@type":"SearchAction","target":{"@type":"EntryPoint","urlTemplate":"https:\/\/irenca.si\/?s={search_term_string}"},"query-input":{"@type":"PropertyValueSpecification","valueRequired":true,"valueName":"search_term_string"}}],"inLanguage":"en-US"},{"@type":"Organization","@id":"https:\/\/irenca.si\/#organization","name":"IrenaHappyArt","url":"https:\/\/irenca.si\/","logo":{"@type":"ImageObject","inLanguage":"en-US","@id":"https:\/\/irenca.si\/#\/schema\/logo\/image\/","url":"https:\/\/irenca.si\/wp-content\/uploads\/2024\/12\/IrenaHappyArt_-_Logo-1.png","contentUrl":"https:\/\/irenca.si\/wp-content\/uploads\/2024\/12\/IrenaHappyArt_-_Logo-1.png","width":777,"height":200,"caption":"IrenaHappyArt"},"image":{"@id":"https:\/\/irenca.si\/#\/schema\/logo\/image\/"},"sameAs":["https:\/\/www.facebook.com\/IrenaHappyArt\/","https:\/\/x.com\/irenahappy","https:\/\/www.instagram.com\/irena_plevnjak","https:\/\/snipfeed.co\/irenahappyart"]}]}},"_links":{"self":[{"href":"https:\/\/irenca.si\/en\/wp-json\/wp\/v2\/product\/4951","targetHints":{"allow":["GET"]}}],"collection":[{"href":"https:\/\/irenca.si\/en\/wp-json\/wp\/v2\/product"}],"about":[{"href":"https:\/\/irenca.si\/en\/wp-json\/wp\/v2\/types\/product"}],"replies":[{"embeddable":true,"href":"https:\/\/irenca.si\/en\/wp-json\/wp\/v2\/comments?post=4951"}],"wp:featuredmedia":[{"embeddable":true,"href":"https:\/\/irenca.si\/en\/wp-json\/wp\/v2\/media\/4952"}],"wp:attachment":[{"href":"https:\/\/irenca.si\/en\/wp-json\/wp\/v2\/media?parent=4951"}],"wp:term":[{"taxonomy":"product_brand","embeddable":true,"href":"https:\/\/irenca.si\/en\/wp-json\/wp\/v2\/product_brand?post=4951"},{"taxonomy":"product_cat","embeddable":true,"href":"https:\/\/irenca.si\/en\/wp-json\/wp\/v2\/product_cat?post=4951"},{"taxonomy":"product_tag","embeddable":true,"href":"https:\/\/irenca.si\/en\/wp-json\/wp\/v2\/product_tag?post=4951"}],"curies":[{"name":"wp","href":"https:\/\/api.w.org\/{rel}","templated":true}]}}