{"id":4845,"date":"2025-07-02T08:30:07","date_gmt":"2025-07-02T07:30:07","guid":{"rendered":"https:\/\/irenca.si\/?post_type=product&#038;p=4845"},"modified":"2025-11-29T12:41:30","modified_gmt":"2025-11-29T11:41:30","slug":"mala-egipcanka","status":"publish","type":"product","link":"https:\/\/irenca.si\/en\/trgovina\/torbice\/mala-egipcanka\/","title":{"rendered":"ODDANA Mala Egip\u010danka"},"content":{"rendered":"<p>ODDANA<\/p>\n<p>Mala Egip\u010danka zdru\u017euje eleganco, mo\u010d, misterioznost.<br \/>\nRo\u010dno sem jo za\u0161ila od glave do pete \ud83d\ude01<br \/>\nProstor ima za telefon, denarnico, rob\u010dke. Le za osnovne stvari, ko rabi\u0161 na hitro nekam sko\u010dit \ud83d\ude0a<br \/>\nUmetno usnje z egip\u010danskim motivom. Mal\u010dek kombinirana z \u017eametom. Obesek mala piramidica.<\/p>","protected":false},"excerpt":{"rendered":"<p>ODDANA<\/p>\n<p>Torbica Mala Egip\u010danka<br \/>\nRo\u010dno sem jo za\u0161ila od glave do pete \ud83d\ude1d<br \/>\nMaterial: Umetno usnje s kombinacijo \u017eameta<br \/>\nVe\u010d pod rubriko Opis<\/p>","protected":false},"featured_media":4846,"comment_status":"open","ping_status":"closed","template":"","meta":{"_themeisle_gutenberg_block_has_review":false},"product_brand":[],"product_cat":[38],"product_tag":[],"class_list":{"0":"post-4845","1":"product","2":"type-product","3":"status-publish","4":"has-post-thumbnail","6":"product_cat-torbice","7":"product_shipping_class-big-package","9":"first","10":"outofstock","11":"sold-individually","12":"shipping-taxable","13":"purchasable","14":"product-type-simple"},"yoast_head":"<!-- This site is optimized with the Yoast SEO plugin v26.6 - https:\/\/yoast.com\/wordpress\/plugins\/seo\/ -->\n<title>ODDANA Mala Egip\u010danka - IrenaHappyArt<\/title>\n<meta name=\"robots\" content=\"index, follow, max-snippet:-1, max-image-preview:large, max-video-preview:-1\" \/>\n<link rel=\"canonical\" href=\"https:\/\/irenca.si\/en\/trgovina\/torbice\/mala-egipcanka\/\" \/>\n<meta property=\"og:locale\" content=\"en_US\" \/>\n<meta property=\"og:type\" content=\"article\" \/>\n<meta property=\"og:title\" content=\"ODDANA Mala Egip\u010danka - IrenaHappyArt\" \/>\n<meta property=\"og:description\" content=\"ODDANA  Torbica Mala Egip\u010danka Ro\u010dno sem jo za\u0161ila od glave do pete \ud83d\ude1d Material: Umetno usnje s kombinacijo \u017eameta Ve\u010d pod rubriko Opis\" \/>\n<meta property=\"og:url\" content=\"https:\/\/irenca.si\/en\/trgovina\/torbice\/mala-egipcanka\/\" \/>\n<meta property=\"og:site_name\" content=\"IrenaHappyArt\" \/>\n<meta property=\"article:publisher\" content=\"https:\/\/www.facebook.com\/IrenaHappyArt\/\" \/>\n<meta property=\"article:modified_time\" content=\"2025-11-29T11:41:30+00:00\" \/>\n<meta property=\"og:image\" content=\"https:\/\/irenca.si\/wp-content\/uploads\/2025\/07\/20250529_111240-scaled.jpg\" \/>\n\t<meta property=\"og:image:width\" content=\"2560\" \/>\n\t<meta property=\"og:image:height\" content=\"1440\" \/>\n\t<meta property=\"og:image:type\" content=\"image\/jpeg\" \/>\n<meta name=\"twitter:card\" content=\"summary_large_image\" \/>\n<meta name=\"twitter:site\" content=\"@irenahappy\" \/>\n<meta name=\"twitter:label1\" content=\"Est. reading time\" \/>\n\t<meta name=\"twitter:data1\" content=\"1 minute\" \/>\n<script type=\"application\/ld+json\" class=\"yoast-schema-graph\">{\"@context\":\"https:\/\/schema.org\",\"@graph\":[{\"@type\":\"WebPage\",\"@id\":\"https:\/\/irenca.si\/trgovina\/torbice\/mala-egipcanka\/\",\"url\":\"https:\/\/irenca.si\/trgovina\/torbice\/mala-egipcanka\/\",\"name\":\"ODDANA Mala Egip\u010danka - IrenaHappyArt\",\"isPartOf\":{\"@id\":\"https:\/\/irenca.si\/#website\"},\"primaryImageOfPage\":{\"@id\":\"https:\/\/irenca.si\/trgovina\/torbice\/mala-egipcanka\/#primaryimage\"},\"image\":{\"@id\":\"https:\/\/irenca.si\/trgovina\/torbice\/mala-egipcanka\/#primaryimage\"},\"thumbnailUrl\":\"https:\/\/irenca.si\/wp-content\/uploads\/2025\/07\/20250529_111240-scaled.jpg\",\"datePublished\":\"2025-07-02T07:30:07+00:00\",\"dateModified\":\"2025-11-29T11:41:30+00:00\",\"breadcrumb\":{\"@id\":\"https:\/\/irenca.si\/trgovina\/torbice\/mala-egipcanka\/#breadcrumb\"},\"inLanguage\":\"en-US\",\"potentialAction\":[{\"@type\":\"ReadAction\",\"target\":[\"https:\/\/irenca.si\/trgovina\/torbice\/mala-egipcanka\/\"]}]},{\"@type\":\"ImageObject\",\"inLanguage\":\"en-US\",\"@id\":\"https:\/\/irenca.si\/trgovina\/torbice\/mala-egipcanka\/#primaryimage\",\"url\":\"https:\/\/irenca.si\/wp-content\/uploads\/2025\/07\/20250529_111240-scaled.jpg\",\"contentUrl\":\"https:\/\/irenca.si\/wp-content\/uploads\/2025\/07\/20250529_111240-scaled.jpg\",\"width\":2560,\"height\":1440},{\"@type\":\"BreadcrumbList\",\"@id\":\"https:\/\/irenca.si\/trgovina\/torbice\/mala-egipcanka\/#breadcrumb\",\"itemListElement\":[{\"@type\":\"ListItem\",\"position\":1,\"name\":\"Home\",\"item\":\"https:\/\/irenca.si\/\"},{\"@type\":\"ListItem\",\"position\":2,\"name\":\"Trgovina\",\"item\":\"https:\/\/irenca.si\/trgovina\/\"},{\"@type\":\"ListItem\",\"position\":3,\"name\":\"ODDANA Mala Egip\u010danka\"}]},{\"@type\":\"WebSite\",\"@id\":\"https:\/\/irenca.si\/#website\",\"url\":\"https:\/\/irenca.si\/\",\"name\":\"Irenca.si\",\"description\":\"Narejeno z ljubeznijo\",\"publisher\":{\"@id\":\"https:\/\/irenca.si\/#organization\"},\"alternateName\":\"IrenaHappyArt\",\"potentialAction\":[{\"@type\":\"SearchAction\",\"target\":{\"@type\":\"EntryPoint\",\"urlTemplate\":\"https:\/\/irenca.si\/?s={search_term_string}\"},\"query-input\":{\"@type\":\"PropertyValueSpecification\",\"valueRequired\":true,\"valueName\":\"search_term_string\"}}],\"inLanguage\":\"en-US\"},{\"@type\":\"Organization\",\"@id\":\"https:\/\/irenca.si\/#organization\",\"name\":\"IrenaHappyArt\",\"url\":\"https:\/\/irenca.si\/\",\"logo\":{\"@type\":\"ImageObject\",\"inLanguage\":\"en-US\",\"@id\":\"https:\/\/irenca.si\/#\/schema\/logo\/image\/\",\"url\":\"https:\/\/irenca.si\/wp-content\/uploads\/2024\/12\/IrenaHappyArt_-_Logo-1.png\",\"contentUrl\":\"https:\/\/irenca.si\/wp-content\/uploads\/2024\/12\/IrenaHappyArt_-_Logo-1.png\",\"width\":777,\"height\":200,\"caption\":\"IrenaHappyArt\"},\"image\":{\"@id\":\"https:\/\/irenca.si\/#\/schema\/logo\/image\/\"},\"sameAs\":[\"https:\/\/www.facebook.com\/IrenaHappyArt\/\",\"https:\/\/x.com\/irenahappy\",\"https:\/\/www.instagram.com\/irena_plevnjak\",\"https:\/\/snipfeed.co\/irenahappyart\"]}]}<\/script>\n<!-- \/ Yoast SEO plugin. -->","yoast_head_json":{"title":"ODDANA Mala Egip\u010danka - IrenaHappyArt","robots":{"index":"index","follow":"follow","max-snippet":"max-snippet:-1","max-image-preview":"max-image-preview:large","max-video-preview":"max-video-preview:-1"},"canonical":"https:\/\/irenca.si\/en\/trgovina\/torbice\/mala-egipcanka\/","og_locale":"en_US","og_type":"article","og_title":"ODDANA Mala Egip\u010danka - IrenaHappyArt","og_description":"ODDANA  Torbica Mala Egip\u010danka Ro\u010dno sem jo za\u0161ila od glave do pete \ud83d\ude1d Material: Umetno usnje s kombinacijo \u017eameta Ve\u010d pod rubriko Opis","og_url":"https:\/\/irenca.si\/en\/trgovina\/torbice\/mala-egipcanka\/","og_site_name":"IrenaHappyArt","article_publisher":"https:\/\/www.facebook.com\/IrenaHappyArt\/","article_modified_time":"2025-11-29T11:41:30+00:00","og_image":[{"width":2560,"height":1440,"url":"https:\/\/irenca.si\/wp-content\/uploads\/2025\/07\/20250529_111240-scaled.jpg","type":"image\/jpeg"}],"twitter_card":"summary_large_image","twitter_site":"@irenahappy","twitter_misc":{"Est. reading time":"1 minute"},"schema":{"@context":"https:\/\/schema.org","@graph":[{"@type":"WebPage","@id":"https:\/\/irenca.si\/trgovina\/torbice\/mala-egipcanka\/","url":"https:\/\/irenca.si\/trgovina\/torbice\/mala-egipcanka\/","name":"ODDANA Mala Egip\u010danka - IrenaHappyArt","isPartOf":{"@id":"https:\/\/irenca.si\/#website"},"primaryImageOfPage":{"@id":"https:\/\/irenca.si\/trgovina\/torbice\/mala-egipcanka\/#primaryimage"},"image":{"@id":"https:\/\/irenca.si\/trgovina\/torbice\/mala-egipcanka\/#primaryimage"},"thumbnailUrl":"https:\/\/irenca.si\/wp-content\/uploads\/2025\/07\/20250529_111240-scaled.jpg","datePublished":"2025-07-02T07:30:07+00:00","dateModified":"2025-11-29T11:41:30+00:00","breadcrumb":{"@id":"https:\/\/irenca.si\/trgovina\/torbice\/mala-egipcanka\/#breadcrumb"},"inLanguage":"en-US","potentialAction":[{"@type":"ReadAction","target":["https:\/\/irenca.si\/trgovina\/torbice\/mala-egipcanka\/"]}]},{"@type":"ImageObject","inLanguage":"en-US","@id":"https:\/\/irenca.si\/trgovina\/torbice\/mala-egipcanka\/#primaryimage","url":"https:\/\/irenca.si\/wp-content\/uploads\/2025\/07\/20250529_111240-scaled.jpg","contentUrl":"https:\/\/irenca.si\/wp-content\/uploads\/2025\/07\/20250529_111240-scaled.jpg","width":2560,"height":1440},{"@type":"BreadcrumbList","@id":"https:\/\/irenca.si\/trgovina\/torbice\/mala-egipcanka\/#breadcrumb","itemListElement":[{"@type":"ListItem","position":1,"name":"Home","item":"https:\/\/irenca.si\/"},{"@type":"ListItem","position":2,"name":"Trgovina","item":"https:\/\/irenca.si\/trgovina\/"},{"@type":"ListItem","position":3,"name":"ODDANA Mala Egip\u010danka"}]},{"@type":"WebSite","@id":"https:\/\/irenca.si\/#website","url":"https:\/\/irenca.si\/","name":"Irenca.si","description":"Narejeno z ljubeznijo","publisher":{"@id":"https:\/\/irenca.si\/#organization"},"alternateName":"IrenaHappyArt","potentialAction":[{"@type":"SearchAction","target":{"@type":"EntryPoint","urlTemplate":"https:\/\/irenca.si\/?s={search_term_string}"},"query-input":{"@type":"PropertyValueSpecification","valueRequired":true,"valueName":"search_term_string"}}],"inLanguage":"en-US"},{"@type":"Organization","@id":"https:\/\/irenca.si\/#organization","name":"IrenaHappyArt","url":"https:\/\/irenca.si\/","logo":{"@type":"ImageObject","inLanguage":"en-US","@id":"https:\/\/irenca.si\/#\/schema\/logo\/image\/","url":"https:\/\/irenca.si\/wp-content\/uploads\/2024\/12\/IrenaHappyArt_-_Logo-1.png","contentUrl":"https:\/\/irenca.si\/wp-content\/uploads\/2024\/12\/IrenaHappyArt_-_Logo-1.png","width":777,"height":200,"caption":"IrenaHappyArt"},"image":{"@id":"https:\/\/irenca.si\/#\/schema\/logo\/image\/"},"sameAs":["https:\/\/www.facebook.com\/IrenaHappyArt\/","https:\/\/x.com\/irenahappy","https:\/\/www.instagram.com\/irena_plevnjak","https:\/\/snipfeed.co\/irenahappyart"]}]}},"_links":{"self":[{"href":"https:\/\/irenca.si\/en\/wp-json\/wp\/v2\/product\/4845","targetHints":{"allow":["GET"]}}],"collection":[{"href":"https:\/\/irenca.si\/en\/wp-json\/wp\/v2\/product"}],"about":[{"href":"https:\/\/irenca.si\/en\/wp-json\/wp\/v2\/types\/product"}],"replies":[{"embeddable":true,"href":"https:\/\/irenca.si\/en\/wp-json\/wp\/v2\/comments?post=4845"}],"wp:featuredmedia":[{"embeddable":true,"href":"https:\/\/irenca.si\/en\/wp-json\/wp\/v2\/media\/4846"}],"wp:attachment":[{"href":"https:\/\/irenca.si\/en\/wp-json\/wp\/v2\/media?parent=4845"}],"wp:term":[{"taxonomy":"product_brand","embeddable":true,"href":"https:\/\/irenca.si\/en\/wp-json\/wp\/v2\/product_brand?post=4845"},{"taxonomy":"product_cat","embeddable":true,"href":"https:\/\/irenca.si\/en\/wp-json\/wp\/v2\/product_cat?post=4845"},{"taxonomy":"product_tag","embeddable":true,"href":"https:\/\/irenca.si\/en\/wp-json\/wp\/v2\/product_tag?post=4845"}],"curies":[{"name":"wp","href":"https:\/\/api.w.org\/{rel}","templated":true}]}}