{"id":4714,"date":"2025-02-23T16:19:41","date_gmt":"2025-02-23T15:19:41","guid":{"rendered":"https:\/\/irenca.si\/?post_type=product&#038;p=4714"},"modified":"2025-02-27T13:19:21","modified_gmt":"2025-02-27T12:19:21","slug":"verizica-pinky","status":"publish","type":"product","link":"https:\/\/irenca.si\/en\/trgovina\/verizice\/verizica-pinky\/","title":{"rendered":"Veri\u017eica Roza"},"content":{"rendered":"<p>Okrasite se z ogrlico \u010carobni Cvet, o\u010darljivo stvaritvijo ro\u017enatih in belih biserov, ki iz\u017eareva eleganco in mistiko. Ro\u017enati biseri simbolizirajo ljubezen in sr\u010dno energijo, beli pa \u010distost in modrost, ustvarjata harmonijo duha. Njen cikcak vzorec, navdihnjen s \u0161tevilom 3, predstavlja enotnost in kozmi\u010dno poravnavo. Nosite jo za zaupanje, pozitivnost in povezavo z duhovnostjo \u2013 prava mojstrovina magi\u010dne lepote.<\/p>\n<p>\ud83e\ude77\ud83e\ude77\ud83e\ude77\ud83e\ude77\ud83e\ude77\ud83e\ude77\ud83e\ude77\ud83e\ude77\ud83e\ude77\ud83e\ude77\ud83e\ude77\ud83e\ude77<\/p>\n<p>Adorn yourself with the Enchanted Blossom Necklace, a captivating creation of pink and white pearls radiating elegance and mystique. Pink pearls symbolize love and heart energy, while white pearls represent purity and wisdom, creating spiritual harmony. Its zigzag pattern, inspired by the number 3, signifies unity and cosmic alignment. Wear it for confidence, positivity, and a connection to spirituality\u2014a true masterpiece of magical beauty.<\/p>\n<p>\ud83e\ude77\ud83e\ude77\ud83e\ude77<\/p>","protected":false},"excerpt":{"rendered":"<p>Ro\u010dno izdelana veri\u017eica<br \/>\nMaterial: laks, perlice \ud83e\ude77<br \/>\nPremer cc 12 cm<br \/>\nVec si preberite pod Opis<\/p>","protected":false},"featured_media":4643,"comment_status":"open","ping_status":"closed","template":"","meta":{"_themeisle_gutenberg_block_has_review":false},"product_brand":[],"product_cat":[81],"product_tag":[],"class_list":{"0":"post-4714","1":"product","2":"type-product","3":"status-publish","4":"has-post-thumbnail","6":"product_cat-verizice","8":"first","9":"instock","10":"sale","11":"sold-individually","12":"shipping-taxable","13":"purchasable","14":"product-type-simple"},"yoast_head":"<!-- This site is optimized with the Yoast SEO plugin v26.6 - https:\/\/yoast.com\/wordpress\/plugins\/seo\/ -->\n<title>Veri\u017eica Roza - IrenaHappyArt<\/title>\n<meta name=\"robots\" content=\"index, follow, max-snippet:-1, max-image-preview:large, max-video-preview:-1\" \/>\n<link rel=\"canonical\" href=\"https:\/\/irenca.si\/en\/trgovina\/verizice\/verizica-pinky\/\" \/>\n<meta property=\"og:locale\" content=\"en_US\" \/>\n<meta property=\"og:type\" content=\"article\" \/>\n<meta property=\"og:title\" content=\"Veri\u017eica Roza - IrenaHappyArt\" \/>\n<meta property=\"og:description\" content=\"Ro\u010dno izdelana veri\u017eica Material: laks, perlice \ud83e\ude77 Premer cc 12 cm Vec si preberite pod Opis\" \/>\n<meta property=\"og:url\" content=\"https:\/\/irenca.si\/en\/trgovina\/verizice\/verizica-pinky\/\" \/>\n<meta property=\"og:site_name\" content=\"IrenaHappyArt\" \/>\n<meta property=\"article:publisher\" content=\"https:\/\/www.facebook.com\/IrenaHappyArt\/\" \/>\n<meta property=\"article:modified_time\" content=\"2025-02-27T12:19:21+00:00\" \/>\n<meta property=\"og:image\" content=\"https:\/\/irenca.si\/wp-content\/uploads\/2025\/02\/20250223_1215002.jpg\" \/>\n\t<meta property=\"og:image:width\" content=\"1000\" \/>\n\t<meta property=\"og:image:height\" content=\"1000\" \/>\n\t<meta property=\"og:image:type\" content=\"image\/jpeg\" \/>\n<meta name=\"twitter:card\" content=\"summary_large_image\" \/>\n<meta name=\"twitter:site\" content=\"@irenahappy\" \/>\n<meta name=\"twitter:label1\" content=\"Est. reading time\" \/>\n\t<meta name=\"twitter:data1\" content=\"1 minute\" \/>\n<script type=\"application\/ld+json\" class=\"yoast-schema-graph\">{\"@context\":\"https:\/\/schema.org\",\"@graph\":[{\"@type\":\"WebPage\",\"@id\":\"https:\/\/irenca.si\/trgovina\/verizice\/verizica-pinky\/\",\"url\":\"https:\/\/irenca.si\/trgovina\/verizice\/verizica-pinky\/\",\"name\":\"Veri\u017eica Roza - IrenaHappyArt\",\"isPartOf\":{\"@id\":\"https:\/\/irenca.si\/#website\"},\"primaryImageOfPage\":{\"@id\":\"https:\/\/irenca.si\/trgovina\/verizice\/verizica-pinky\/#primaryimage\"},\"image\":{\"@id\":\"https:\/\/irenca.si\/trgovina\/verizice\/verizica-pinky\/#primaryimage\"},\"thumbnailUrl\":\"https:\/\/irenca.si\/wp-content\/uploads\/2025\/02\/20250223_1215002.jpg\",\"datePublished\":\"2025-02-23T15:19:41+00:00\",\"dateModified\":\"2025-02-27T12:19:21+00:00\",\"breadcrumb\":{\"@id\":\"https:\/\/irenca.si\/trgovina\/verizice\/verizica-pinky\/#breadcrumb\"},\"inLanguage\":\"en-US\",\"potentialAction\":[{\"@type\":\"ReadAction\",\"target\":[\"https:\/\/irenca.si\/trgovina\/verizice\/verizica-pinky\/\"]}]},{\"@type\":\"ImageObject\",\"inLanguage\":\"en-US\",\"@id\":\"https:\/\/irenca.si\/trgovina\/verizice\/verizica-pinky\/#primaryimage\",\"url\":\"https:\/\/irenca.si\/wp-content\/uploads\/2025\/02\/20250223_1215002.jpg\",\"contentUrl\":\"https:\/\/irenca.si\/wp-content\/uploads\/2025\/02\/20250223_1215002.jpg\",\"width\":1000,\"height\":1000},{\"@type\":\"BreadcrumbList\",\"@id\":\"https:\/\/irenca.si\/trgovina\/verizice\/verizica-pinky\/#breadcrumb\",\"itemListElement\":[{\"@type\":\"ListItem\",\"position\":1,\"name\":\"Home\",\"item\":\"https:\/\/irenca.si\/\"},{\"@type\":\"ListItem\",\"position\":2,\"name\":\"Trgovina\",\"item\":\"https:\/\/irenca.si\/trgovina\/\"},{\"@type\":\"ListItem\",\"position\":3,\"name\":\"Veri\u017eica Roza\"}]},{\"@type\":\"WebSite\",\"@id\":\"https:\/\/irenca.si\/#website\",\"url\":\"https:\/\/irenca.si\/\",\"name\":\"Irenca.si\",\"description\":\"Narejeno z ljubeznijo\",\"publisher\":{\"@id\":\"https:\/\/irenca.si\/#organization\"},\"alternateName\":\"IrenaHappyArt\",\"potentialAction\":[{\"@type\":\"SearchAction\",\"target\":{\"@type\":\"EntryPoint\",\"urlTemplate\":\"https:\/\/irenca.si\/?s={search_term_string}\"},\"query-input\":{\"@type\":\"PropertyValueSpecification\",\"valueRequired\":true,\"valueName\":\"search_term_string\"}}],\"inLanguage\":\"en-US\"},{\"@type\":\"Organization\",\"@id\":\"https:\/\/irenca.si\/#organization\",\"name\":\"IrenaHappyArt\",\"url\":\"https:\/\/irenca.si\/\",\"logo\":{\"@type\":\"ImageObject\",\"inLanguage\":\"en-US\",\"@id\":\"https:\/\/irenca.si\/#\/schema\/logo\/image\/\",\"url\":\"https:\/\/irenca.si\/wp-content\/uploads\/2024\/12\/IrenaHappyArt_-_Logo-1.png\",\"contentUrl\":\"https:\/\/irenca.si\/wp-content\/uploads\/2024\/12\/IrenaHappyArt_-_Logo-1.png\",\"width\":777,\"height\":200,\"caption\":\"IrenaHappyArt\"},\"image\":{\"@id\":\"https:\/\/irenca.si\/#\/schema\/logo\/image\/\"},\"sameAs\":[\"https:\/\/www.facebook.com\/IrenaHappyArt\/\",\"https:\/\/x.com\/irenahappy\",\"https:\/\/www.instagram.com\/irena_plevnjak\",\"https:\/\/snipfeed.co\/irenahappyart\"]}]}<\/script>\n<!-- \/ Yoast SEO plugin. -->","yoast_head_json":{"title":"Veri\u017eica Roza - IrenaHappyArt","robots":{"index":"index","follow":"follow","max-snippet":"max-snippet:-1","max-image-preview":"max-image-preview:large","max-video-preview":"max-video-preview:-1"},"canonical":"https:\/\/irenca.si\/en\/trgovina\/verizice\/verizica-pinky\/","og_locale":"en_US","og_type":"article","og_title":"Veri\u017eica Roza - IrenaHappyArt","og_description":"Ro\u010dno izdelana veri\u017eica Material: laks, perlice \ud83e\ude77 Premer cc 12 cm Vec si preberite pod Opis","og_url":"https:\/\/irenca.si\/en\/trgovina\/verizice\/verizica-pinky\/","og_site_name":"IrenaHappyArt","article_publisher":"https:\/\/www.facebook.com\/IrenaHappyArt\/","article_modified_time":"2025-02-27T12:19:21+00:00","og_image":[{"width":1000,"height":1000,"url":"https:\/\/irenca.si\/wp-content\/uploads\/2025\/02\/20250223_1215002.jpg","type":"image\/jpeg"}],"twitter_card":"summary_large_image","twitter_site":"@irenahappy","twitter_misc":{"Est. reading time":"1 minute"},"schema":{"@context":"https:\/\/schema.org","@graph":[{"@type":"WebPage","@id":"https:\/\/irenca.si\/trgovina\/verizice\/verizica-pinky\/","url":"https:\/\/irenca.si\/trgovina\/verizice\/verizica-pinky\/","name":"Veri\u017eica Roza - IrenaHappyArt","isPartOf":{"@id":"https:\/\/irenca.si\/#website"},"primaryImageOfPage":{"@id":"https:\/\/irenca.si\/trgovina\/verizice\/verizica-pinky\/#primaryimage"},"image":{"@id":"https:\/\/irenca.si\/trgovina\/verizice\/verizica-pinky\/#primaryimage"},"thumbnailUrl":"https:\/\/irenca.si\/wp-content\/uploads\/2025\/02\/20250223_1215002.jpg","datePublished":"2025-02-23T15:19:41+00:00","dateModified":"2025-02-27T12:19:21+00:00","breadcrumb":{"@id":"https:\/\/irenca.si\/trgovina\/verizice\/verizica-pinky\/#breadcrumb"},"inLanguage":"en-US","potentialAction":[{"@type":"ReadAction","target":["https:\/\/irenca.si\/trgovina\/verizice\/verizica-pinky\/"]}]},{"@type":"ImageObject","inLanguage":"en-US","@id":"https:\/\/irenca.si\/trgovina\/verizice\/verizica-pinky\/#primaryimage","url":"https:\/\/irenca.si\/wp-content\/uploads\/2025\/02\/20250223_1215002.jpg","contentUrl":"https:\/\/irenca.si\/wp-content\/uploads\/2025\/02\/20250223_1215002.jpg","width":1000,"height":1000},{"@type":"BreadcrumbList","@id":"https:\/\/irenca.si\/trgovina\/verizice\/verizica-pinky\/#breadcrumb","itemListElement":[{"@type":"ListItem","position":1,"name":"Home","item":"https:\/\/irenca.si\/"},{"@type":"ListItem","position":2,"name":"Trgovina","item":"https:\/\/irenca.si\/trgovina\/"},{"@type":"ListItem","position":3,"name":"Veri\u017eica Roza"}]},{"@type":"WebSite","@id":"https:\/\/irenca.si\/#website","url":"https:\/\/irenca.si\/","name":"Irenca.si","description":"Narejeno z ljubeznijo","publisher":{"@id":"https:\/\/irenca.si\/#organization"},"alternateName":"IrenaHappyArt","potentialAction":[{"@type":"SearchAction","target":{"@type":"EntryPoint","urlTemplate":"https:\/\/irenca.si\/?s={search_term_string}"},"query-input":{"@type":"PropertyValueSpecification","valueRequired":true,"valueName":"search_term_string"}}],"inLanguage":"en-US"},{"@type":"Organization","@id":"https:\/\/irenca.si\/#organization","name":"IrenaHappyArt","url":"https:\/\/irenca.si\/","logo":{"@type":"ImageObject","inLanguage":"en-US","@id":"https:\/\/irenca.si\/#\/schema\/logo\/image\/","url":"https:\/\/irenca.si\/wp-content\/uploads\/2024\/12\/IrenaHappyArt_-_Logo-1.png","contentUrl":"https:\/\/irenca.si\/wp-content\/uploads\/2024\/12\/IrenaHappyArt_-_Logo-1.png","width":777,"height":200,"caption":"IrenaHappyArt"},"image":{"@id":"https:\/\/irenca.si\/#\/schema\/logo\/image\/"},"sameAs":["https:\/\/www.facebook.com\/IrenaHappyArt\/","https:\/\/x.com\/irenahappy","https:\/\/www.instagram.com\/irena_plevnjak","https:\/\/snipfeed.co\/irenahappyart"]}]}},"_links":{"self":[{"href":"https:\/\/irenca.si\/en\/wp-json\/wp\/v2\/product\/4714","targetHints":{"allow":["GET"]}}],"collection":[{"href":"https:\/\/irenca.si\/en\/wp-json\/wp\/v2\/product"}],"about":[{"href":"https:\/\/irenca.si\/en\/wp-json\/wp\/v2\/types\/product"}],"replies":[{"embeddable":true,"href":"https:\/\/irenca.si\/en\/wp-json\/wp\/v2\/comments?post=4714"}],"wp:featuredmedia":[{"embeddable":true,"href":"https:\/\/irenca.si\/en\/wp-json\/wp\/v2\/media\/4643"}],"wp:attachment":[{"href":"https:\/\/irenca.si\/en\/wp-json\/wp\/v2\/media?parent=4714"}],"wp:term":[{"taxonomy":"product_brand","embeddable":true,"href":"https:\/\/irenca.si\/en\/wp-json\/wp\/v2\/product_brand?post=4714"},{"taxonomy":"product_cat","embeddable":true,"href":"https:\/\/irenca.si\/en\/wp-json\/wp\/v2\/product_cat?post=4714"},{"taxonomy":"product_tag","embeddable":true,"href":"https:\/\/irenca.si\/en\/wp-json\/wp\/v2\/product_tag?post=4714"}],"curies":[{"name":"wp","href":"https:\/\/api.w.org\/{rel}","templated":true}]}}