{"id":4713,"date":"2025-02-23T16:16:38","date_gmt":"2025-02-23T15:16:38","guid":{"rendered":"https:\/\/irenca.si\/?post_type=product&#038;p=4713"},"modified":"2025-02-28T13:07:16","modified_gmt":"2025-02-28T12:07:16","slug":"verizica-bela","status":"publish","type":"product","link":"https:\/\/irenca.si\/en\/trgovina\/verizice\/verizica-bela\/","title":{"rendered":"Veri\u017eica Bela"},"content":{"rendered":"<p>Ta veri\u017eica, ki sem jo ustvarila, ni le eleganten kos nakita, temve\u010d tudi nosilec globokih simbolnih pomenov.\ud83e\udd0d<br \/>\nNjeni vzorci in perlice predstavljajo povezavo z neznanim, notranji mir in razsvetljenje. Biserno bela in prozorna barva simbolizirata \u010distost in harmonijo, medtem ko \u0161tevilo perlic, na primer 7 ali 12, nosi pomen popolnosti in kozmi\u010dnega reda.\ud83e\udd0d<\/p>\n<p>\ud83e\udd0d\ud83e\udd0d\ud83e\udd0d\ud83e\udd0d\ud83e\udd0d\ud83e\udd0d\ud83e\udd0d\ud83e\udd0d\ud83e\udd0d\ud83e\udd0d\ud83e\udd0d\ud83e\udd0d\ud83e\udd0d<\/p>\n<p>This necklace, which I created, is not just an elegant piece of jewelry but also carries deep symbolic meanings. \ud83e\udd0d<br \/>\nIts patterns and beads represent a connection to the unknown, inner peace, and enlightenment. The pearlescent white and transparent colors symbolize purity and harmony, while the number of beads, such as 7 or 12, holds significance for perfection and cosmic order.\ud83e\udd0d<\/p>","protected":false},"excerpt":{"rendered":"<p>Ro\u010dno izdelana veri\u017eica \ud83e\udd0d<br \/>\nMaterial: laks, perlice<br \/>\nPremer cc 12 cm<br \/>\nVe\u010d si lahko preberete pod Opis<\/p>","protected":false},"featured_media":4602,"comment_status":"open","ping_status":"closed","template":"","meta":{"_themeisle_gutenberg_block_has_review":false},"product_brand":[],"product_cat":[81],"product_tag":[],"class_list":{"0":"post-4713","1":"product","2":"type-product","3":"status-publish","4":"has-post-thumbnail","6":"product_cat-verizice","8":"first","9":"instock","10":"sale","11":"sold-individually","12":"shipping-taxable","13":"purchasable","14":"product-type-simple"},"yoast_head":"<!-- This site is optimized with the Yoast SEO plugin v26.6 - https:\/\/yoast.com\/wordpress\/plugins\/seo\/ -->\n<title>Veri\u017eica Bela - IrenaHappyArt<\/title>\n<meta name=\"robots\" content=\"index, follow, max-snippet:-1, max-image-preview:large, max-video-preview:-1\" \/>\n<link rel=\"canonical\" href=\"https:\/\/irenca.si\/en\/trgovina\/verizice\/verizica-bela\/\" \/>\n<meta property=\"og:locale\" content=\"en_US\" \/>\n<meta property=\"og:type\" content=\"article\" \/>\n<meta property=\"og:title\" content=\"Veri\u017eica Bela - IrenaHappyArt\" \/>\n<meta property=\"og:description\" content=\"Ro\u010dno izdelana veri\u017eica \ud83e\udd0d Material: laks, perlice Premer cc 12 cm Ve\u010d si lahko preberete pod Opis\" \/>\n<meta property=\"og:url\" content=\"https:\/\/irenca.si\/en\/trgovina\/verizice\/verizica-bela\/\" \/>\n<meta property=\"og:site_name\" content=\"IrenaHappyArt\" \/>\n<meta property=\"article:publisher\" content=\"https:\/\/www.facebook.com\/IrenaHappyArt\/\" \/>\n<meta property=\"article:modified_time\" content=\"2025-02-28T12:07:16+00:00\" \/>\n<meta property=\"og:image\" content=\"https:\/\/irenca.si\/wp-content\/uploads\/2025\/02\/20250223_1216362.jpg\" \/>\n\t<meta property=\"og:image:width\" content=\"1000\" \/>\n\t<meta property=\"og:image:height\" content=\"1000\" \/>\n\t<meta property=\"og:image:type\" content=\"image\/jpeg\" \/>\n<meta name=\"twitter:card\" content=\"summary_large_image\" \/>\n<meta name=\"twitter:site\" content=\"@irenahappy\" \/>\n<meta name=\"twitter:label1\" content=\"Est. reading time\" \/>\n\t<meta name=\"twitter:data1\" content=\"1 minute\" \/>\n<script type=\"application\/ld+json\" class=\"yoast-schema-graph\">{\"@context\":\"https:\/\/schema.org\",\"@graph\":[{\"@type\":\"WebPage\",\"@id\":\"https:\/\/irenca.si\/trgovina\/verizice\/verizica-bela\/\",\"url\":\"https:\/\/irenca.si\/trgovina\/verizice\/verizica-bela\/\",\"name\":\"Veri\u017eica Bela - IrenaHappyArt\",\"isPartOf\":{\"@id\":\"https:\/\/irenca.si\/#website\"},\"primaryImageOfPage\":{\"@id\":\"https:\/\/irenca.si\/trgovina\/verizice\/verizica-bela\/#primaryimage\"},\"image\":{\"@id\":\"https:\/\/irenca.si\/trgovina\/verizice\/verizica-bela\/#primaryimage\"},\"thumbnailUrl\":\"https:\/\/irenca.si\/wp-content\/uploads\/2025\/02\/20250223_1216362.jpg\",\"datePublished\":\"2025-02-23T15:16:38+00:00\",\"dateModified\":\"2025-02-28T12:07:16+00:00\",\"breadcrumb\":{\"@id\":\"https:\/\/irenca.si\/trgovina\/verizice\/verizica-bela\/#breadcrumb\"},\"inLanguage\":\"en-US\",\"potentialAction\":[{\"@type\":\"ReadAction\",\"target\":[\"https:\/\/irenca.si\/trgovina\/verizice\/verizica-bela\/\"]}]},{\"@type\":\"ImageObject\",\"inLanguage\":\"en-US\",\"@id\":\"https:\/\/irenca.si\/trgovina\/verizice\/verizica-bela\/#primaryimage\",\"url\":\"https:\/\/irenca.si\/wp-content\/uploads\/2025\/02\/20250223_1216362.jpg\",\"contentUrl\":\"https:\/\/irenca.si\/wp-content\/uploads\/2025\/02\/20250223_1216362.jpg\",\"width\":1000,\"height\":1000},{\"@type\":\"BreadcrumbList\",\"@id\":\"https:\/\/irenca.si\/trgovina\/verizice\/verizica-bela\/#breadcrumb\",\"itemListElement\":[{\"@type\":\"ListItem\",\"position\":1,\"name\":\"Home\",\"item\":\"https:\/\/irenca.si\/\"},{\"@type\":\"ListItem\",\"position\":2,\"name\":\"Trgovina\",\"item\":\"https:\/\/irenca.si\/trgovina\/\"},{\"@type\":\"ListItem\",\"position\":3,\"name\":\"Veri\u017eica Bela\"}]},{\"@type\":\"WebSite\",\"@id\":\"https:\/\/irenca.si\/#website\",\"url\":\"https:\/\/irenca.si\/\",\"name\":\"Irenca.si\",\"description\":\"Narejeno z ljubeznijo\",\"publisher\":{\"@id\":\"https:\/\/irenca.si\/#organization\"},\"alternateName\":\"IrenaHappyArt\",\"potentialAction\":[{\"@type\":\"SearchAction\",\"target\":{\"@type\":\"EntryPoint\",\"urlTemplate\":\"https:\/\/irenca.si\/?s={search_term_string}\"},\"query-input\":{\"@type\":\"PropertyValueSpecification\",\"valueRequired\":true,\"valueName\":\"search_term_string\"}}],\"inLanguage\":\"en-US\"},{\"@type\":\"Organization\",\"@id\":\"https:\/\/irenca.si\/#organization\",\"name\":\"IrenaHappyArt\",\"url\":\"https:\/\/irenca.si\/\",\"logo\":{\"@type\":\"ImageObject\",\"inLanguage\":\"en-US\",\"@id\":\"https:\/\/irenca.si\/#\/schema\/logo\/image\/\",\"url\":\"https:\/\/irenca.si\/wp-content\/uploads\/2024\/12\/IrenaHappyArt_-_Logo-1.png\",\"contentUrl\":\"https:\/\/irenca.si\/wp-content\/uploads\/2024\/12\/IrenaHappyArt_-_Logo-1.png\",\"width\":777,\"height\":200,\"caption\":\"IrenaHappyArt\"},\"image\":{\"@id\":\"https:\/\/irenca.si\/#\/schema\/logo\/image\/\"},\"sameAs\":[\"https:\/\/www.facebook.com\/IrenaHappyArt\/\",\"https:\/\/x.com\/irenahappy\",\"https:\/\/www.instagram.com\/irena_plevnjak\",\"https:\/\/snipfeed.co\/irenahappyart\"]}]}<\/script>\n<!-- \/ Yoast SEO plugin. -->","yoast_head_json":{"title":"Veri\u017eica Bela - IrenaHappyArt","robots":{"index":"index","follow":"follow","max-snippet":"max-snippet:-1","max-image-preview":"max-image-preview:large","max-video-preview":"max-video-preview:-1"},"canonical":"https:\/\/irenca.si\/en\/trgovina\/verizice\/verizica-bela\/","og_locale":"en_US","og_type":"article","og_title":"Veri\u017eica Bela - IrenaHappyArt","og_description":"Ro\u010dno izdelana veri\u017eica \ud83e\udd0d Material: laks, perlice Premer cc 12 cm Ve\u010d si lahko preberete pod Opis","og_url":"https:\/\/irenca.si\/en\/trgovina\/verizice\/verizica-bela\/","og_site_name":"IrenaHappyArt","article_publisher":"https:\/\/www.facebook.com\/IrenaHappyArt\/","article_modified_time":"2025-02-28T12:07:16+00:00","og_image":[{"width":1000,"height":1000,"url":"https:\/\/irenca.si\/wp-content\/uploads\/2025\/02\/20250223_1216362.jpg","type":"image\/jpeg"}],"twitter_card":"summary_large_image","twitter_site":"@irenahappy","twitter_misc":{"Est. reading time":"1 minute"},"schema":{"@context":"https:\/\/schema.org","@graph":[{"@type":"WebPage","@id":"https:\/\/irenca.si\/trgovina\/verizice\/verizica-bela\/","url":"https:\/\/irenca.si\/trgovina\/verizice\/verizica-bela\/","name":"Veri\u017eica Bela - IrenaHappyArt","isPartOf":{"@id":"https:\/\/irenca.si\/#website"},"primaryImageOfPage":{"@id":"https:\/\/irenca.si\/trgovina\/verizice\/verizica-bela\/#primaryimage"},"image":{"@id":"https:\/\/irenca.si\/trgovina\/verizice\/verizica-bela\/#primaryimage"},"thumbnailUrl":"https:\/\/irenca.si\/wp-content\/uploads\/2025\/02\/20250223_1216362.jpg","datePublished":"2025-02-23T15:16:38+00:00","dateModified":"2025-02-28T12:07:16+00:00","breadcrumb":{"@id":"https:\/\/irenca.si\/trgovina\/verizice\/verizica-bela\/#breadcrumb"},"inLanguage":"en-US","potentialAction":[{"@type":"ReadAction","target":["https:\/\/irenca.si\/trgovina\/verizice\/verizica-bela\/"]}]},{"@type":"ImageObject","inLanguage":"en-US","@id":"https:\/\/irenca.si\/trgovina\/verizice\/verizica-bela\/#primaryimage","url":"https:\/\/irenca.si\/wp-content\/uploads\/2025\/02\/20250223_1216362.jpg","contentUrl":"https:\/\/irenca.si\/wp-content\/uploads\/2025\/02\/20250223_1216362.jpg","width":1000,"height":1000},{"@type":"BreadcrumbList","@id":"https:\/\/irenca.si\/trgovina\/verizice\/verizica-bela\/#breadcrumb","itemListElement":[{"@type":"ListItem","position":1,"name":"Home","item":"https:\/\/irenca.si\/"},{"@type":"ListItem","position":2,"name":"Trgovina","item":"https:\/\/irenca.si\/trgovina\/"},{"@type":"ListItem","position":3,"name":"Veri\u017eica Bela"}]},{"@type":"WebSite","@id":"https:\/\/irenca.si\/#website","url":"https:\/\/irenca.si\/","name":"Irenca.si","description":"Narejeno z ljubeznijo","publisher":{"@id":"https:\/\/irenca.si\/#organization"},"alternateName":"IrenaHappyArt","potentialAction":[{"@type":"SearchAction","target":{"@type":"EntryPoint","urlTemplate":"https:\/\/irenca.si\/?s={search_term_string}"},"query-input":{"@type":"PropertyValueSpecification","valueRequired":true,"valueName":"search_term_string"}}],"inLanguage":"en-US"},{"@type":"Organization","@id":"https:\/\/irenca.si\/#organization","name":"IrenaHappyArt","url":"https:\/\/irenca.si\/","logo":{"@type":"ImageObject","inLanguage":"en-US","@id":"https:\/\/irenca.si\/#\/schema\/logo\/image\/","url":"https:\/\/irenca.si\/wp-content\/uploads\/2024\/12\/IrenaHappyArt_-_Logo-1.png","contentUrl":"https:\/\/irenca.si\/wp-content\/uploads\/2024\/12\/IrenaHappyArt_-_Logo-1.png","width":777,"height":200,"caption":"IrenaHappyArt"},"image":{"@id":"https:\/\/irenca.si\/#\/schema\/logo\/image\/"},"sameAs":["https:\/\/www.facebook.com\/IrenaHappyArt\/","https:\/\/x.com\/irenahappy","https:\/\/www.instagram.com\/irena_plevnjak","https:\/\/snipfeed.co\/irenahappyart"]}]}},"_links":{"self":[{"href":"https:\/\/irenca.si\/en\/wp-json\/wp\/v2\/product\/4713","targetHints":{"allow":["GET"]}}],"collection":[{"href":"https:\/\/irenca.si\/en\/wp-json\/wp\/v2\/product"}],"about":[{"href":"https:\/\/irenca.si\/en\/wp-json\/wp\/v2\/types\/product"}],"replies":[{"embeddable":true,"href":"https:\/\/irenca.si\/en\/wp-json\/wp\/v2\/comments?post=4713"}],"wp:featuredmedia":[{"embeddable":true,"href":"https:\/\/irenca.si\/en\/wp-json\/wp\/v2\/media\/4602"}],"wp:attachment":[{"href":"https:\/\/irenca.si\/en\/wp-json\/wp\/v2\/media?parent=4713"}],"wp:term":[{"taxonomy":"product_brand","embeddable":true,"href":"https:\/\/irenca.si\/en\/wp-json\/wp\/v2\/product_brand?post=4713"},{"taxonomy":"product_cat","embeddable":true,"href":"https:\/\/irenca.si\/en\/wp-json\/wp\/v2\/product_cat?post=4713"},{"taxonomy":"product_tag","embeddable":true,"href":"https:\/\/irenca.si\/en\/wp-json\/wp\/v2\/product_tag?post=4713"}],"curies":[{"name":"wp","href":"https:\/\/api.w.org\/{rel}","templated":true}]}}