{"id":4407,"date":"2025-01-08T09:06:38","date_gmt":"2025-01-08T08:06:38","guid":{"rendered":"https:\/\/irenca.si\/?post_type=product&#038;p=4407"},"modified":"2025-08-09T13:02:39","modified_gmt":"2025-08-09T12:02:39","slug":"avocado-2","status":"publish","type":"product","link":"https:\/\/irenca.si\/en\/trgovina\/slike\/avocado-2\/","title":{"rendered":"Avokado slika\/Avocado painting"},"content":{"rendered":"<p>Naslov: &#8220;Avokadova Harmonija&#8221;<\/p>\n<p>Opis:<br \/>\nSlika govori o ravnovesju, dvojnosti in notranji celovitosti. Dve polovici avokada predstavljata \u017eivljenjsko pot \u2013 ena stran je popolna in prizemljena s semenom potenciala, druga pa odprta, pripravljena sprejeti rast in nove mo\u017enosti. Leseno seme simbolizira vztrajnost in naravne cikle ustvarjanja, medtem ko ble\u0161\u010de\u010di rjavi lesk prikli\u010de kozmi\u010dno energijo, ki nas opominja na zvezde, ki jih nosimo v sebi.<\/p>\n<p>Rumeno ozadje predstavlja \u017eivljenje prina\u0161ajo\u010de sonce, ki osvetljuje pot do samoodkrivanja. V duhovni simboliki avokadovo seme ponazarja srce preobrazbe, opomin, da nosimo vse odgovore v sebi. Polovici, \u010deprav lo\u010deni, sta usojeni, da se ponovno zdru\u017eita, kar odra\u017ea sveto zlitje med jazom in vesoljem, med mo\u0161ko in \u017eensko energijo.<\/p>\n<p>Ta slika nagovarja gledalca, naj objame svoj potencial, zaupa v notranje seme veli\u010dine in najde ravnovesje v plesu med znanim in tistim, kar \u0161ele prihaja.<\/p>\n<p>Title: &#8220;Avocado Harmony&#8221;<\/p>\n<p>Description:<br \/>\nThis painting speaks of balance, duality, and inner wholeness. The two halves of the avocado represent the journey of life\u2014one side complete and grounded with the seed of potential, and the other open, waiting to be filled with growth and possibility. The wooden pit symbolizes resilience and the natural cycles of creation, grounding the viewer in earthly wisdom, while the shimmering brown glitter evokes cosmic energy, reminding us of the stars we carry within.<\/p>\n<p>The yellow background represents the life-giving sun, illuminating the path to self-discovery. In spiritual symbolism, the avocado seed is the heart of transformation, a reminder that we carry all the answers within us. The halves, though separate, are destined to reunite, reflecting the sacred union of the self and the universe, of masculine and feminine energies.<\/p>\n<p>This painting invites the viewer to embrace their potential, trust in their inner seed of greatness, and find balance in the dance between what is known and what is yet to be discovered.<\/p>","protected":false},"excerpt":{"rendered":"<p>Canvas painting<br \/>\nDimensions: 40\u00d740 cm<br \/>\nMaterial: platno, akrilne barve, ble\u0161\u010dice, lesena ko\u0161\u010dica<\/p>","protected":false},"featured_media":4232,"comment_status":"open","ping_status":"closed","template":"","meta":{"_themeisle_gutenberg_block_has_review":false},"product_brand":[],"product_cat":[36],"product_tag":[],"class_list":{"0":"post-4407","1":"product","2":"type-product","3":"status-publish","4":"has-post-thumbnail","6":"product_cat-slike","7":"product_shipping_class-big-package","9":"first","10":"instock","11":"sale","12":"sold-individually","13":"shipping-taxable","14":"purchasable","15":"product-type-simple"},"yoast_head":"<!-- This site is optimized with the Yoast SEO plugin v26.6 - https:\/\/yoast.com\/wordpress\/plugins\/seo\/ -->\n<title>Avokado slika\/Avocado painting - IrenaHappyArt<\/title>\n<meta name=\"robots\" content=\"index, follow, max-snippet:-1, max-image-preview:large, max-video-preview:-1\" \/>\n<link rel=\"canonical\" href=\"https:\/\/irenca.si\/en\/trgovina\/slike\/avocado-2\/\" \/>\n<meta property=\"og:locale\" content=\"en_US\" \/>\n<meta property=\"og:type\" content=\"article\" \/>\n<meta property=\"og:title\" content=\"Avokado slika\/Avocado painting - IrenaHappyArt\" \/>\n<meta property=\"og:description\" content=\"Slika na platnu Dimenzije:40x40 cm Material: platno, akrilne barve, ble\u0161\u010dice, lesena ko\u0161\u010dica\" \/>\n<meta property=\"og:url\" content=\"https:\/\/irenca.si\/en\/trgovina\/slike\/avocado-2\/\" \/>\n<meta property=\"og:site_name\" content=\"IrenaHappyArt\" \/>\n<meta property=\"article:publisher\" content=\"https:\/\/www.facebook.com\/IrenaHappyArt\/\" \/>\n<meta property=\"article:modified_time\" content=\"2025-08-09T12:02:39+00:00\" \/>\n<meta property=\"og:image\" content=\"https:\/\/irenca.si\/wp-content\/uploads\/2024\/12\/avocados-wall.jpg\" \/>\n\t<meta property=\"og:image:width\" content=\"1140\" \/>\n\t<meta property=\"og:image:height\" content=\"1711\" \/>\n\t<meta property=\"og:image:type\" content=\"image\/jpeg\" \/>\n<meta name=\"twitter:card\" content=\"summary_large_image\" \/>\n<meta name=\"twitter:site\" content=\"@irenahappy\" \/>\n<meta name=\"twitter:label1\" content=\"Est. reading time\" \/>\n\t<meta name=\"twitter:data1\" content=\"2 minutes\" \/>\n<script type=\"application\/ld+json\" class=\"yoast-schema-graph\">{\"@context\":\"https:\/\/schema.org\",\"@graph\":[{\"@type\":\"WebPage\",\"@id\":\"https:\/\/irenca.si\/trgovina\/slike\/avocado-2\/\",\"url\":\"https:\/\/irenca.si\/trgovina\/slike\/avocado-2\/\",\"name\":\"Avokado slika\/Avocado painting - IrenaHappyArt\",\"isPartOf\":{\"@id\":\"https:\/\/irenca.si\/#website\"},\"primaryImageOfPage\":{\"@id\":\"https:\/\/irenca.si\/trgovina\/slike\/avocado-2\/#primaryimage\"},\"image\":{\"@id\":\"https:\/\/irenca.si\/trgovina\/slike\/avocado-2\/#primaryimage\"},\"thumbnailUrl\":\"https:\/\/irenca.si\/wp-content\/uploads\/2024\/12\/avocados-wall.jpg\",\"datePublished\":\"2025-01-08T08:06:38+00:00\",\"dateModified\":\"2025-08-09T12:02:39+00:00\",\"breadcrumb\":{\"@id\":\"https:\/\/irenca.si\/trgovina\/slike\/avocado-2\/#breadcrumb\"},\"inLanguage\":\"en-US\",\"potentialAction\":[{\"@type\":\"ReadAction\",\"target\":[\"https:\/\/irenca.si\/trgovina\/slike\/avocado-2\/\"]}]},{\"@type\":\"ImageObject\",\"inLanguage\":\"en-US\",\"@id\":\"https:\/\/irenca.si\/trgovina\/slike\/avocado-2\/#primaryimage\",\"url\":\"https:\/\/irenca.si\/wp-content\/uploads\/2024\/12\/avocados-wall.jpg\",\"contentUrl\":\"https:\/\/irenca.si\/wp-content\/uploads\/2024\/12\/avocados-wall.jpg\",\"width\":1140,\"height\":1711},{\"@type\":\"BreadcrumbList\",\"@id\":\"https:\/\/irenca.si\/trgovina\/slike\/avocado-2\/#breadcrumb\",\"itemListElement\":[{\"@type\":\"ListItem\",\"position\":1,\"name\":\"Home\",\"item\":\"https:\/\/irenca.si\/\"},{\"@type\":\"ListItem\",\"position\":2,\"name\":\"Trgovina\",\"item\":\"https:\/\/irenca.si\/trgovina\/\"},{\"@type\":\"ListItem\",\"position\":3,\"name\":\"Avokado slika\/Avocado painting\"}]},{\"@type\":\"WebSite\",\"@id\":\"https:\/\/irenca.si\/#website\",\"url\":\"https:\/\/irenca.si\/\",\"name\":\"Irenca.si\",\"description\":\"Narejeno z ljubeznijo\",\"publisher\":{\"@id\":\"https:\/\/irenca.si\/#organization\"},\"alternateName\":\"IrenaHappyArt\",\"potentialAction\":[{\"@type\":\"SearchAction\",\"target\":{\"@type\":\"EntryPoint\",\"urlTemplate\":\"https:\/\/irenca.si\/?s={search_term_string}\"},\"query-input\":{\"@type\":\"PropertyValueSpecification\",\"valueRequired\":true,\"valueName\":\"search_term_string\"}}],\"inLanguage\":\"en-US\"},{\"@type\":\"Organization\",\"@id\":\"https:\/\/irenca.si\/#organization\",\"name\":\"IrenaHappyArt\",\"url\":\"https:\/\/irenca.si\/\",\"logo\":{\"@type\":\"ImageObject\",\"inLanguage\":\"en-US\",\"@id\":\"https:\/\/irenca.si\/#\/schema\/logo\/image\/\",\"url\":\"https:\/\/irenca.si\/wp-content\/uploads\/2024\/12\/IrenaHappyArt_-_Logo-1.png\",\"contentUrl\":\"https:\/\/irenca.si\/wp-content\/uploads\/2024\/12\/IrenaHappyArt_-_Logo-1.png\",\"width\":777,\"height\":200,\"caption\":\"IrenaHappyArt\"},\"image\":{\"@id\":\"https:\/\/irenca.si\/#\/schema\/logo\/image\/\"},\"sameAs\":[\"https:\/\/www.facebook.com\/IrenaHappyArt\/\",\"https:\/\/x.com\/irenahappy\",\"https:\/\/www.instagram.com\/irena_plevnjak\",\"https:\/\/snipfeed.co\/irenahappyart\"]}]}<\/script>\n<!-- \/ Yoast SEO plugin. -->","yoast_head_json":{"title":"Avokado slika\/Avocado painting - IrenaHappyArt","robots":{"index":"index","follow":"follow","max-snippet":"max-snippet:-1","max-image-preview":"max-image-preview:large","max-video-preview":"max-video-preview:-1"},"canonical":"https:\/\/irenca.si\/en\/trgovina\/slike\/avocado-2\/","og_locale":"en_US","og_type":"article","og_title":"Avokado slika\/Avocado painting - IrenaHappyArt","og_description":"Slika na platnu Dimenzije:40x40 cm Material: platno, akrilne barve, ble\u0161\u010dice, lesena ko\u0161\u010dica","og_url":"https:\/\/irenca.si\/en\/trgovina\/slike\/avocado-2\/","og_site_name":"IrenaHappyArt","article_publisher":"https:\/\/www.facebook.com\/IrenaHappyArt\/","article_modified_time":"2025-08-09T12:02:39+00:00","og_image":[{"width":1140,"height":1711,"url":"https:\/\/irenca.si\/wp-content\/uploads\/2024\/12\/avocados-wall.jpg","type":"image\/jpeg"}],"twitter_card":"summary_large_image","twitter_site":"@irenahappy","twitter_misc":{"Est. reading time":"2 minutes"},"schema":{"@context":"https:\/\/schema.org","@graph":[{"@type":"WebPage","@id":"https:\/\/irenca.si\/trgovina\/slike\/avocado-2\/","url":"https:\/\/irenca.si\/trgovina\/slike\/avocado-2\/","name":"Avokado slika\/Avocado painting - IrenaHappyArt","isPartOf":{"@id":"https:\/\/irenca.si\/#website"},"primaryImageOfPage":{"@id":"https:\/\/irenca.si\/trgovina\/slike\/avocado-2\/#primaryimage"},"image":{"@id":"https:\/\/irenca.si\/trgovina\/slike\/avocado-2\/#primaryimage"},"thumbnailUrl":"https:\/\/irenca.si\/wp-content\/uploads\/2024\/12\/avocados-wall.jpg","datePublished":"2025-01-08T08:06:38+00:00","dateModified":"2025-08-09T12:02:39+00:00","breadcrumb":{"@id":"https:\/\/irenca.si\/trgovina\/slike\/avocado-2\/#breadcrumb"},"inLanguage":"en-US","potentialAction":[{"@type":"ReadAction","target":["https:\/\/irenca.si\/trgovina\/slike\/avocado-2\/"]}]},{"@type":"ImageObject","inLanguage":"en-US","@id":"https:\/\/irenca.si\/trgovina\/slike\/avocado-2\/#primaryimage","url":"https:\/\/irenca.si\/wp-content\/uploads\/2024\/12\/avocados-wall.jpg","contentUrl":"https:\/\/irenca.si\/wp-content\/uploads\/2024\/12\/avocados-wall.jpg","width":1140,"height":1711},{"@type":"BreadcrumbList","@id":"https:\/\/irenca.si\/trgovina\/slike\/avocado-2\/#breadcrumb","itemListElement":[{"@type":"ListItem","position":1,"name":"Home","item":"https:\/\/irenca.si\/"},{"@type":"ListItem","position":2,"name":"Trgovina","item":"https:\/\/irenca.si\/trgovina\/"},{"@type":"ListItem","position":3,"name":"Avokado slika\/Avocado painting"}]},{"@type":"WebSite","@id":"https:\/\/irenca.si\/#website","url":"https:\/\/irenca.si\/","name":"Irenca.si","description":"Narejeno z ljubeznijo","publisher":{"@id":"https:\/\/irenca.si\/#organization"},"alternateName":"IrenaHappyArt","potentialAction":[{"@type":"SearchAction","target":{"@type":"EntryPoint","urlTemplate":"https:\/\/irenca.si\/?s={search_term_string}"},"query-input":{"@type":"PropertyValueSpecification","valueRequired":true,"valueName":"search_term_string"}}],"inLanguage":"en-US"},{"@type":"Organization","@id":"https:\/\/irenca.si\/#organization","name":"IrenaHappyArt","url":"https:\/\/irenca.si\/","logo":{"@type":"ImageObject","inLanguage":"en-US","@id":"https:\/\/irenca.si\/#\/schema\/logo\/image\/","url":"https:\/\/irenca.si\/wp-content\/uploads\/2024\/12\/IrenaHappyArt_-_Logo-1.png","contentUrl":"https:\/\/irenca.si\/wp-content\/uploads\/2024\/12\/IrenaHappyArt_-_Logo-1.png","width":777,"height":200,"caption":"IrenaHappyArt"},"image":{"@id":"https:\/\/irenca.si\/#\/schema\/logo\/image\/"},"sameAs":["https:\/\/www.facebook.com\/IrenaHappyArt\/","https:\/\/x.com\/irenahappy","https:\/\/www.instagram.com\/irena_plevnjak","https:\/\/snipfeed.co\/irenahappyart"]}]}},"_links":{"self":[{"href":"https:\/\/irenca.si\/en\/wp-json\/wp\/v2\/product\/4407","targetHints":{"allow":["GET"]}}],"collection":[{"href":"https:\/\/irenca.si\/en\/wp-json\/wp\/v2\/product"}],"about":[{"href":"https:\/\/irenca.si\/en\/wp-json\/wp\/v2\/types\/product"}],"replies":[{"embeddable":true,"href":"https:\/\/irenca.si\/en\/wp-json\/wp\/v2\/comments?post=4407"}],"wp:featuredmedia":[{"embeddable":true,"href":"https:\/\/irenca.si\/en\/wp-json\/wp\/v2\/media\/4232"}],"wp:attachment":[{"href":"https:\/\/irenca.si\/en\/wp-json\/wp\/v2\/media?parent=4407"}],"wp:term":[{"taxonomy":"product_brand","embeddable":true,"href":"https:\/\/irenca.si\/en\/wp-json\/wp\/v2\/product_brand?post=4407"},{"taxonomy":"product_cat","embeddable":true,"href":"https:\/\/irenca.si\/en\/wp-json\/wp\/v2\/product_cat?post=4407"},{"taxonomy":"product_tag","embeddable":true,"href":"https:\/\/irenca.si\/en\/wp-json\/wp\/v2\/product_tag?post=4407"}],"curies":[{"name":"wp","href":"https:\/\/api.w.org\/{rel}","templated":true}]}}