{"id":4226,"date":"2024-12-30T17:27:10","date_gmt":"2024-12-30T16:27:10","guid":{"rendered":"https:\/\/irenca.si\/?post_type=product&#038;p=4226"},"modified":"2025-01-20T09:09:14","modified_gmt":"2025-01-20T08:09:14","slug":"tooney-toon","status":"publish","type":"product","link":"https:\/\/irenca.si\/en\/trgovina\/zapestnice\/tooney-toon\/","title":{"rendered":"Zaj\u010dica Lona \/ Lona Bunny"},"content":{"rendered":"<p>Zaj\u010dica Lona&#8221;<\/p>\n<p>Izdelana iz \u017eivahne rumene in mehke ro\u017enate vrvice, ta makrame zapestnica simbolizira zdru\u017eitev radosti in ljubezni. Rumena predstavlja energijo sonca, ki iz\u017eareva pozitivnost in obilje, medtem ko ro\u017enata pooseblja ne\u017eno toplino brezpogojne ljubezni in harmonije.<\/p>\n<p>V njenem srcu je okrasek z obrazom Lona zaj\u010dice \u2013 varuhinje igrivosti in intuicije. V folklori zajci veljajo za vodnike v neznano, ki nas u\u010dijo zaupati svoji intuiciji in sprejemati \u010darobne ritme \u017eivljenja. Lona zaj\u010dica te vabi, da se pove\u017ee\u0161 s svojim notranjim otrokom, neguje\u0161 svojo ustvarjalnost in z zaupanjem ter milino sko\u010di\u0161 v svoje sanje.<\/p>\n<p>Ta zapestnica ni le kos nakita; je talisman ravnovesja, pozitivnosti in duhovne prenove. Nosite jo, da uskladite svojo energijo, privabite radost in se spomnite, da vsak son\u010dni vzhod prina\u0161a nove prilo\u017enosti.<\/p>","protected":false},"excerpt":{"rendered":"<p>I hand-wove each bracelet. I chose every thread and decoration intuitively. Each one told me its own story and a special message for which it is intended.<br \/>\nYou can see the details under the Description section. \ud83d\udc9c<\/p>","protected":false},"featured_media":3833,"comment_status":"open","ping_status":"closed","template":"","meta":{"_themeisle_gutenberg_block_has_review":false},"product_brand":[],"product_cat":[78],"product_tag":[],"class_list":{"0":"post-4226","1":"product","2":"type-product","3":"status-publish","4":"has-post-thumbnail","6":"product_cat-zapestnice","8":"first","9":"instock","10":"sold-individually","11":"shipping-taxable","12":"purchasable","13":"product-type-simple"},"yoast_head":"<!-- This site is optimized with the Yoast SEO plugin v26.6 - https:\/\/yoast.com\/wordpress\/plugins\/seo\/ -->\n<title>Zaj\u010dica Lona \/ Lona Bunny - IrenaHappyArt<\/title>\n<meta name=\"robots\" content=\"index, follow, max-snippet:-1, max-image-preview:large, max-video-preview:-1\" \/>\n<link rel=\"canonical\" href=\"https:\/\/irenca.si\/en\/trgovina\/zapestnice\/tooney-toon\/\" \/>\n<meta property=\"og:locale\" content=\"en_US\" \/>\n<meta property=\"og:type\" content=\"article\" \/>\n<meta property=\"og:title\" content=\"Zaj\u010dica Lona \/ Lona Bunny - IrenaHappyArt\" \/>\n<meta property=\"og:description\" content=\"Vsako zapestnico sem ro\u010dno spletla. Vsako nit in okrasek sem izbrala intuitivno. Vsaka mi je povedala svojo zgodbo in posebno sporo\u010dilo, katerega namen ima. Podrobnosti lahko vidite pod rubriko Opis. \ud83d\udc9c\" \/>\n<meta property=\"og:url\" content=\"https:\/\/irenca.si\/en\/trgovina\/zapestnice\/tooney-toon\/\" \/>\n<meta property=\"og:site_name\" content=\"IrenaHappyArt\" \/>\n<meta property=\"article:publisher\" content=\"https:\/\/www.facebook.com\/IrenaHappyArt\/\" \/>\n<meta property=\"article:modified_time\" content=\"2025-01-20T08:09:14+00:00\" \/>\n<meta property=\"og:image\" content=\"https:\/\/irenca.si\/wp-content\/uploads\/2024\/12\/20241229_132225-rotated.jpg\" \/>\n\t<meta property=\"og:image:width\" content=\"1000\" \/>\n\t<meta property=\"og:image:height\" content=\"1000\" \/>\n\t<meta property=\"og:image:type\" content=\"image\/jpeg\" \/>\n<meta name=\"twitter:card\" content=\"summary_large_image\" \/>\n<meta name=\"twitter:site\" content=\"@irenahappy\" \/>\n<meta name=\"twitter:label1\" content=\"Est. reading time\" \/>\n\t<meta name=\"twitter:data1\" content=\"1 minute\" \/>\n<script type=\"application\/ld+json\" class=\"yoast-schema-graph\">{\"@context\":\"https:\/\/schema.org\",\"@graph\":[{\"@type\":\"WebPage\",\"@id\":\"https:\/\/irenca.si\/trgovina\/zapestnice\/tooney-toon\/\",\"url\":\"https:\/\/irenca.si\/trgovina\/zapestnice\/tooney-toon\/\",\"name\":\"Zaj\u010dica Lona \/ Lona Bunny - IrenaHappyArt\",\"isPartOf\":{\"@id\":\"https:\/\/irenca.si\/#website\"},\"primaryImageOfPage\":{\"@id\":\"https:\/\/irenca.si\/trgovina\/zapestnice\/tooney-toon\/#primaryimage\"},\"image\":{\"@id\":\"https:\/\/irenca.si\/trgovina\/zapestnice\/tooney-toon\/#primaryimage\"},\"thumbnailUrl\":\"https:\/\/irenca.si\/wp-content\/uploads\/2024\/12\/20241229_132225-rotated.jpg\",\"datePublished\":\"2024-12-30T16:27:10+00:00\",\"dateModified\":\"2025-01-20T08:09:14+00:00\",\"breadcrumb\":{\"@id\":\"https:\/\/irenca.si\/trgovina\/zapestnice\/tooney-toon\/#breadcrumb\"},\"inLanguage\":\"en-US\",\"potentialAction\":[{\"@type\":\"ReadAction\",\"target\":[\"https:\/\/irenca.si\/trgovina\/zapestnice\/tooney-toon\/\"]}]},{\"@type\":\"ImageObject\",\"inLanguage\":\"en-US\",\"@id\":\"https:\/\/irenca.si\/trgovina\/zapestnice\/tooney-toon\/#primaryimage\",\"url\":\"https:\/\/irenca.si\/wp-content\/uploads\/2024\/12\/20241229_132225-rotated.jpg\",\"contentUrl\":\"https:\/\/irenca.si\/wp-content\/uploads\/2024\/12\/20241229_132225-rotated.jpg\",\"width\":1000,\"height\":1000},{\"@type\":\"BreadcrumbList\",\"@id\":\"https:\/\/irenca.si\/trgovina\/zapestnice\/tooney-toon\/#breadcrumb\",\"itemListElement\":[{\"@type\":\"ListItem\",\"position\":1,\"name\":\"Home\",\"item\":\"https:\/\/irenca.si\/\"},{\"@type\":\"ListItem\",\"position\":2,\"name\":\"Trgovina\",\"item\":\"https:\/\/irenca.si\/trgovina\/\"},{\"@type\":\"ListItem\",\"position\":3,\"name\":\"Zaj\u010dica Lona \/ Lona Bunny\"}]},{\"@type\":\"WebSite\",\"@id\":\"https:\/\/irenca.si\/#website\",\"url\":\"https:\/\/irenca.si\/\",\"name\":\"Irenca.si\",\"description\":\"Narejeno z ljubeznijo\",\"publisher\":{\"@id\":\"https:\/\/irenca.si\/#organization\"},\"alternateName\":\"IrenaHappyArt\",\"potentialAction\":[{\"@type\":\"SearchAction\",\"target\":{\"@type\":\"EntryPoint\",\"urlTemplate\":\"https:\/\/irenca.si\/?s={search_term_string}\"},\"query-input\":{\"@type\":\"PropertyValueSpecification\",\"valueRequired\":true,\"valueName\":\"search_term_string\"}}],\"inLanguage\":\"en-US\"},{\"@type\":\"Organization\",\"@id\":\"https:\/\/irenca.si\/#organization\",\"name\":\"IrenaHappyArt\",\"url\":\"https:\/\/irenca.si\/\",\"logo\":{\"@type\":\"ImageObject\",\"inLanguage\":\"en-US\",\"@id\":\"https:\/\/irenca.si\/#\/schema\/logo\/image\/\",\"url\":\"https:\/\/irenca.si\/wp-content\/uploads\/2024\/12\/IrenaHappyArt_-_Logo-1.png\",\"contentUrl\":\"https:\/\/irenca.si\/wp-content\/uploads\/2024\/12\/IrenaHappyArt_-_Logo-1.png\",\"width\":777,\"height\":200,\"caption\":\"IrenaHappyArt\"},\"image\":{\"@id\":\"https:\/\/irenca.si\/#\/schema\/logo\/image\/\"},\"sameAs\":[\"https:\/\/www.facebook.com\/IrenaHappyArt\/\",\"https:\/\/x.com\/irenahappy\",\"https:\/\/www.instagram.com\/irena_plevnjak\",\"https:\/\/snipfeed.co\/irenahappyart\"]}]}<\/script>\n<!-- \/ Yoast SEO plugin. -->","yoast_head_json":{"title":"Zaj\u010dica Lona \/ Lona Bunny - IrenaHappyArt","robots":{"index":"index","follow":"follow","max-snippet":"max-snippet:-1","max-image-preview":"max-image-preview:large","max-video-preview":"max-video-preview:-1"},"canonical":"https:\/\/irenca.si\/en\/trgovina\/zapestnice\/tooney-toon\/","og_locale":"en_US","og_type":"article","og_title":"Zaj\u010dica Lona \/ Lona Bunny - IrenaHappyArt","og_description":"Vsako zapestnico sem ro\u010dno spletla. Vsako nit in okrasek sem izbrala intuitivno. Vsaka mi je povedala svojo zgodbo in posebno sporo\u010dilo, katerega namen ima. Podrobnosti lahko vidite pod rubriko Opis. \ud83d\udc9c","og_url":"https:\/\/irenca.si\/en\/trgovina\/zapestnice\/tooney-toon\/","og_site_name":"IrenaHappyArt","article_publisher":"https:\/\/www.facebook.com\/IrenaHappyArt\/","article_modified_time":"2025-01-20T08:09:14+00:00","og_image":[{"width":1000,"height":1000,"url":"https:\/\/irenca.si\/wp-content\/uploads\/2024\/12\/20241229_132225-rotated.jpg","type":"image\/jpeg"}],"twitter_card":"summary_large_image","twitter_site":"@irenahappy","twitter_misc":{"Est. reading time":"1 minute"},"schema":{"@context":"https:\/\/schema.org","@graph":[{"@type":"WebPage","@id":"https:\/\/irenca.si\/trgovina\/zapestnice\/tooney-toon\/","url":"https:\/\/irenca.si\/trgovina\/zapestnice\/tooney-toon\/","name":"Zaj\u010dica Lona \/ Lona Bunny - IrenaHappyArt","isPartOf":{"@id":"https:\/\/irenca.si\/#website"},"primaryImageOfPage":{"@id":"https:\/\/irenca.si\/trgovina\/zapestnice\/tooney-toon\/#primaryimage"},"image":{"@id":"https:\/\/irenca.si\/trgovina\/zapestnice\/tooney-toon\/#primaryimage"},"thumbnailUrl":"https:\/\/irenca.si\/wp-content\/uploads\/2024\/12\/20241229_132225-rotated.jpg","datePublished":"2024-12-30T16:27:10+00:00","dateModified":"2025-01-20T08:09:14+00:00","breadcrumb":{"@id":"https:\/\/irenca.si\/trgovina\/zapestnice\/tooney-toon\/#breadcrumb"},"inLanguage":"en-US","potentialAction":[{"@type":"ReadAction","target":["https:\/\/irenca.si\/trgovina\/zapestnice\/tooney-toon\/"]}]},{"@type":"ImageObject","inLanguage":"en-US","@id":"https:\/\/irenca.si\/trgovina\/zapestnice\/tooney-toon\/#primaryimage","url":"https:\/\/irenca.si\/wp-content\/uploads\/2024\/12\/20241229_132225-rotated.jpg","contentUrl":"https:\/\/irenca.si\/wp-content\/uploads\/2024\/12\/20241229_132225-rotated.jpg","width":1000,"height":1000},{"@type":"BreadcrumbList","@id":"https:\/\/irenca.si\/trgovina\/zapestnice\/tooney-toon\/#breadcrumb","itemListElement":[{"@type":"ListItem","position":1,"name":"Home","item":"https:\/\/irenca.si\/"},{"@type":"ListItem","position":2,"name":"Trgovina","item":"https:\/\/irenca.si\/trgovina\/"},{"@type":"ListItem","position":3,"name":"Zaj\u010dica Lona \/ Lona Bunny"}]},{"@type":"WebSite","@id":"https:\/\/irenca.si\/#website","url":"https:\/\/irenca.si\/","name":"Irenca.si","description":"Narejeno z ljubeznijo","publisher":{"@id":"https:\/\/irenca.si\/#organization"},"alternateName":"IrenaHappyArt","potentialAction":[{"@type":"SearchAction","target":{"@type":"EntryPoint","urlTemplate":"https:\/\/irenca.si\/?s={search_term_string}"},"query-input":{"@type":"PropertyValueSpecification","valueRequired":true,"valueName":"search_term_string"}}],"inLanguage":"en-US"},{"@type":"Organization","@id":"https:\/\/irenca.si\/#organization","name":"IrenaHappyArt","url":"https:\/\/irenca.si\/","logo":{"@type":"ImageObject","inLanguage":"en-US","@id":"https:\/\/irenca.si\/#\/schema\/logo\/image\/","url":"https:\/\/irenca.si\/wp-content\/uploads\/2024\/12\/IrenaHappyArt_-_Logo-1.png","contentUrl":"https:\/\/irenca.si\/wp-content\/uploads\/2024\/12\/IrenaHappyArt_-_Logo-1.png","width":777,"height":200,"caption":"IrenaHappyArt"},"image":{"@id":"https:\/\/irenca.si\/#\/schema\/logo\/image\/"},"sameAs":["https:\/\/www.facebook.com\/IrenaHappyArt\/","https:\/\/x.com\/irenahappy","https:\/\/www.instagram.com\/irena_plevnjak","https:\/\/snipfeed.co\/irenahappyart"]}]}},"_links":{"self":[{"href":"https:\/\/irenca.si\/en\/wp-json\/wp\/v2\/product\/4226","targetHints":{"allow":["GET"]}}],"collection":[{"href":"https:\/\/irenca.si\/en\/wp-json\/wp\/v2\/product"}],"about":[{"href":"https:\/\/irenca.si\/en\/wp-json\/wp\/v2\/types\/product"}],"replies":[{"embeddable":true,"href":"https:\/\/irenca.si\/en\/wp-json\/wp\/v2\/comments?post=4226"}],"wp:featuredmedia":[{"embeddable":true,"href":"https:\/\/irenca.si\/en\/wp-json\/wp\/v2\/media\/3833"}],"wp:attachment":[{"href":"https:\/\/irenca.si\/en\/wp-json\/wp\/v2\/media?parent=4226"}],"wp:term":[{"taxonomy":"product_brand","embeddable":true,"href":"https:\/\/irenca.si\/en\/wp-json\/wp\/v2\/product_brand?post=4226"},{"taxonomy":"product_cat","embeddable":true,"href":"https:\/\/irenca.si\/en\/wp-json\/wp\/v2\/product_cat?post=4226"},{"taxonomy":"product_tag","embeddable":true,"href":"https:\/\/irenca.si\/en\/wp-json\/wp\/v2\/product_tag?post=4226"}],"curies":[{"name":"wp","href":"https:\/\/api.w.org\/{rel}","templated":true}]}}