{"id":4217,"date":"2024-12-30T17:14:23","date_gmt":"2024-12-30T16:14:23","guid":{"rendered":"https:\/\/irenca.si\/?post_type=product&#038;p=4217"},"modified":"2025-01-24T19:16:55","modified_gmt":"2025-01-24T18:16:55","slug":"red-stars","status":"publish","type":"product","link":"https:\/\/irenca.si\/en\/trgovina\/zapestnice\/red-stars\/","title":{"rendered":"Rde\u010di \u010car\/Red Charm"},"content":{"rendered":"<p>Ta ro\u010dno izdelana makrame zapestnica je pre\u017eeta s simboliko ljubezni, za\u0161\u010dite in harmoni\u010dne energije. Rde\u010da barva vrvice predstavlja strast, mo\u010d in \u017eivljenjsko energijo, ki te\u010de skozi va\u0161e bistvo. Osrednji rde\u010di krogli\u010dni kamen simbolizira srce in notranjo mo\u010d, ki vas povezuje z va\u0161imi resni\u010dnimi \u017eeljami. Bele sr\u010dne oblike prina\u0161ajo \u010distost ljubezni in odprtost srca. Dve rde\u010di zvezdi na levi in desni strani simbolizirata vodstvo in bo\u017eansko podporo \u2013 njihova energija vas spodbuja k samozavesti in vam pomaga pri uresni\u010devanju ciljev. Zvezde vas opominjajo, da ste sami sebi vodnik in da ste vedno obdani z univerzalno modrostjo. Ta zapestnica je amulet, ki v va\u0161e \u017eivljenje vna\u0161a ravnovesje, ljubezen in pozitivno energijo.<\/p>\n<p>This handmade macrame bracelet is infused with the symbolism of love, protection, and harmonious energy. The red string represents passion, strength, and the life force flowing through your being. The central round red bead symbolizes the heart and inner strength, connecting you to your true desires. The white heart-shaped detail brings purity of love and openness. The two red stars on the left and right sides symbolize guidance and divine support \u2013 their energy encourages confidence and helps you achieve your goals. The stars serve as a reminder that you are your own guide and are always surrounded by universal wisdom. This bracelet serves as an amulet, bringing balance, love, and positive energy into your life.<\/p>","protected":false},"excerpt":{"rendered":"<p>I hand-wove each bracelet. I chose every thread and decoration intuitively. Each one told me its own story and a special message for which it is intended.<br \/>\nYou can see the details under the Description section. \ud83d\udc9c<\/p>","protected":false},"featured_media":3878,"comment_status":"open","ping_status":"closed","template":"","meta":{"_themeisle_gutenberg_block_has_review":false},"product_brand":[],"product_cat":[78],"product_tag":[],"class_list":{"0":"post-4217","1":"product","2":"type-product","3":"status-publish","4":"has-post-thumbnail","6":"product_cat-zapestnice","8":"first","9":"instock","10":"sold-individually","11":"shipping-taxable","12":"purchasable","13":"product-type-simple"},"yoast_head":"<!-- This site is optimized with the Yoast SEO plugin v26.6 - https:\/\/yoast.com\/wordpress\/plugins\/seo\/ -->\n<title>Rde\u010di \u010car\/Red Charm - IrenaHappyArt<\/title>\n<meta name=\"robots\" content=\"index, follow, max-snippet:-1, max-image-preview:large, max-video-preview:-1\" \/>\n<link rel=\"canonical\" href=\"https:\/\/irenca.si\/en\/trgovina\/zapestnice\/red-stars\/\" \/>\n<meta property=\"og:locale\" content=\"en_US\" \/>\n<meta property=\"og:type\" content=\"article\" \/>\n<meta property=\"og:title\" content=\"Rde\u010di \u010car\/Red Charm - IrenaHappyArt\" \/>\n<meta property=\"og:description\" content=\"Vsako zapestnico sem ro\u010dno spletla. Vsako nit in okrasek sem izbrala intuitivno. Vsaka mi je povedala svojo zgodbo in posebno sporo\u010dilo, katerega namen ima. Podrobnosti lahko vidite pod rubriko Opis. \ud83d\udc9c\" \/>\n<meta property=\"og:url\" content=\"https:\/\/irenca.si\/en\/trgovina\/zapestnice\/red-stars\/\" \/>\n<meta property=\"og:site_name\" content=\"IrenaHappyArt\" \/>\n<meta property=\"article:publisher\" content=\"https:\/\/www.facebook.com\/IrenaHappyArt\/\" \/>\n<meta property=\"article:modified_time\" content=\"2025-01-24T18:16:55+00:00\" \/>\n<meta property=\"og:image\" content=\"https:\/\/irenca.si\/wp-content\/uploads\/2024\/12\/20241229_133634-rotated.jpg\" \/>\n\t<meta property=\"og:image:width\" content=\"1000\" \/>\n\t<meta property=\"og:image:height\" content=\"1000\" \/>\n\t<meta property=\"og:image:type\" content=\"image\/jpeg\" \/>\n<meta name=\"twitter:card\" content=\"summary_large_image\" \/>\n<meta name=\"twitter:site\" content=\"@irenahappy\" \/>\n<meta name=\"twitter:label1\" content=\"Est. reading time\" \/>\n\t<meta name=\"twitter:data1\" content=\"1 minute\" \/>\n<script type=\"application\/ld+json\" class=\"yoast-schema-graph\">{\"@context\":\"https:\/\/schema.org\",\"@graph\":[{\"@type\":\"WebPage\",\"@id\":\"https:\/\/irenca.si\/trgovina\/zapestnice\/red-stars\/\",\"url\":\"https:\/\/irenca.si\/trgovina\/zapestnice\/red-stars\/\",\"name\":\"Rde\u010di \u010car\/Red Charm - IrenaHappyArt\",\"isPartOf\":{\"@id\":\"https:\/\/irenca.si\/#website\"},\"primaryImageOfPage\":{\"@id\":\"https:\/\/irenca.si\/trgovina\/zapestnice\/red-stars\/#primaryimage\"},\"image\":{\"@id\":\"https:\/\/irenca.si\/trgovina\/zapestnice\/red-stars\/#primaryimage\"},\"thumbnailUrl\":\"https:\/\/irenca.si\/wp-content\/uploads\/2024\/12\/20241229_133634-rotated.jpg\",\"datePublished\":\"2024-12-30T16:14:23+00:00\",\"dateModified\":\"2025-01-24T18:16:55+00:00\",\"breadcrumb\":{\"@id\":\"https:\/\/irenca.si\/trgovina\/zapestnice\/red-stars\/#breadcrumb\"},\"inLanguage\":\"en-US\",\"potentialAction\":[{\"@type\":\"ReadAction\",\"target\":[\"https:\/\/irenca.si\/trgovina\/zapestnice\/red-stars\/\"]}]},{\"@type\":\"ImageObject\",\"inLanguage\":\"en-US\",\"@id\":\"https:\/\/irenca.si\/trgovina\/zapestnice\/red-stars\/#primaryimage\",\"url\":\"https:\/\/irenca.si\/wp-content\/uploads\/2024\/12\/20241229_133634-rotated.jpg\",\"contentUrl\":\"https:\/\/irenca.si\/wp-content\/uploads\/2024\/12\/20241229_133634-rotated.jpg\",\"width\":1000,\"height\":1000},{\"@type\":\"BreadcrumbList\",\"@id\":\"https:\/\/irenca.si\/trgovina\/zapestnice\/red-stars\/#breadcrumb\",\"itemListElement\":[{\"@type\":\"ListItem\",\"position\":1,\"name\":\"Home\",\"item\":\"https:\/\/irenca.si\/\"},{\"@type\":\"ListItem\",\"position\":2,\"name\":\"Trgovina\",\"item\":\"https:\/\/irenca.si\/trgovina\/\"},{\"@type\":\"ListItem\",\"position\":3,\"name\":\"Rde\u010di \u010car\/Red Charm\"}]},{\"@type\":\"WebSite\",\"@id\":\"https:\/\/irenca.si\/#website\",\"url\":\"https:\/\/irenca.si\/\",\"name\":\"Irenca.si\",\"description\":\"Narejeno z ljubeznijo\",\"publisher\":{\"@id\":\"https:\/\/irenca.si\/#organization\"},\"alternateName\":\"IrenaHappyArt\",\"potentialAction\":[{\"@type\":\"SearchAction\",\"target\":{\"@type\":\"EntryPoint\",\"urlTemplate\":\"https:\/\/irenca.si\/?s={search_term_string}\"},\"query-input\":{\"@type\":\"PropertyValueSpecification\",\"valueRequired\":true,\"valueName\":\"search_term_string\"}}],\"inLanguage\":\"en-US\"},{\"@type\":\"Organization\",\"@id\":\"https:\/\/irenca.si\/#organization\",\"name\":\"IrenaHappyArt\",\"url\":\"https:\/\/irenca.si\/\",\"logo\":{\"@type\":\"ImageObject\",\"inLanguage\":\"en-US\",\"@id\":\"https:\/\/irenca.si\/#\/schema\/logo\/image\/\",\"url\":\"https:\/\/irenca.si\/wp-content\/uploads\/2024\/12\/IrenaHappyArt_-_Logo-1.png\",\"contentUrl\":\"https:\/\/irenca.si\/wp-content\/uploads\/2024\/12\/IrenaHappyArt_-_Logo-1.png\",\"width\":777,\"height\":200,\"caption\":\"IrenaHappyArt\"},\"image\":{\"@id\":\"https:\/\/irenca.si\/#\/schema\/logo\/image\/\"},\"sameAs\":[\"https:\/\/www.facebook.com\/IrenaHappyArt\/\",\"https:\/\/x.com\/irenahappy\",\"https:\/\/www.instagram.com\/irena_plevnjak\",\"https:\/\/snipfeed.co\/irenahappyart\"]}]}<\/script>\n<!-- \/ Yoast SEO plugin. -->","yoast_head_json":{"title":"Rde\u010di \u010car\/Red Charm - IrenaHappyArt","robots":{"index":"index","follow":"follow","max-snippet":"max-snippet:-1","max-image-preview":"max-image-preview:large","max-video-preview":"max-video-preview:-1"},"canonical":"https:\/\/irenca.si\/en\/trgovina\/zapestnice\/red-stars\/","og_locale":"en_US","og_type":"article","og_title":"Rde\u010di \u010car\/Red Charm - IrenaHappyArt","og_description":"Vsako zapestnico sem ro\u010dno spletla. Vsako nit in okrasek sem izbrala intuitivno. Vsaka mi je povedala svojo zgodbo in posebno sporo\u010dilo, katerega namen ima. Podrobnosti lahko vidite pod rubriko Opis. \ud83d\udc9c","og_url":"https:\/\/irenca.si\/en\/trgovina\/zapestnice\/red-stars\/","og_site_name":"IrenaHappyArt","article_publisher":"https:\/\/www.facebook.com\/IrenaHappyArt\/","article_modified_time":"2025-01-24T18:16:55+00:00","og_image":[{"width":1000,"height":1000,"url":"https:\/\/irenca.si\/wp-content\/uploads\/2024\/12\/20241229_133634-rotated.jpg","type":"image\/jpeg"}],"twitter_card":"summary_large_image","twitter_site":"@irenahappy","twitter_misc":{"Est. reading time":"1 minute"},"schema":{"@context":"https:\/\/schema.org","@graph":[{"@type":"WebPage","@id":"https:\/\/irenca.si\/trgovina\/zapestnice\/red-stars\/","url":"https:\/\/irenca.si\/trgovina\/zapestnice\/red-stars\/","name":"Rde\u010di \u010car\/Red Charm - IrenaHappyArt","isPartOf":{"@id":"https:\/\/irenca.si\/#website"},"primaryImageOfPage":{"@id":"https:\/\/irenca.si\/trgovina\/zapestnice\/red-stars\/#primaryimage"},"image":{"@id":"https:\/\/irenca.si\/trgovina\/zapestnice\/red-stars\/#primaryimage"},"thumbnailUrl":"https:\/\/irenca.si\/wp-content\/uploads\/2024\/12\/20241229_133634-rotated.jpg","datePublished":"2024-12-30T16:14:23+00:00","dateModified":"2025-01-24T18:16:55+00:00","breadcrumb":{"@id":"https:\/\/irenca.si\/trgovina\/zapestnice\/red-stars\/#breadcrumb"},"inLanguage":"en-US","potentialAction":[{"@type":"ReadAction","target":["https:\/\/irenca.si\/trgovina\/zapestnice\/red-stars\/"]}]},{"@type":"ImageObject","inLanguage":"en-US","@id":"https:\/\/irenca.si\/trgovina\/zapestnice\/red-stars\/#primaryimage","url":"https:\/\/irenca.si\/wp-content\/uploads\/2024\/12\/20241229_133634-rotated.jpg","contentUrl":"https:\/\/irenca.si\/wp-content\/uploads\/2024\/12\/20241229_133634-rotated.jpg","width":1000,"height":1000},{"@type":"BreadcrumbList","@id":"https:\/\/irenca.si\/trgovina\/zapestnice\/red-stars\/#breadcrumb","itemListElement":[{"@type":"ListItem","position":1,"name":"Home","item":"https:\/\/irenca.si\/"},{"@type":"ListItem","position":2,"name":"Trgovina","item":"https:\/\/irenca.si\/trgovina\/"},{"@type":"ListItem","position":3,"name":"Rde\u010di \u010car\/Red Charm"}]},{"@type":"WebSite","@id":"https:\/\/irenca.si\/#website","url":"https:\/\/irenca.si\/","name":"Irenca.si","description":"Narejeno z ljubeznijo","publisher":{"@id":"https:\/\/irenca.si\/#organization"},"alternateName":"IrenaHappyArt","potentialAction":[{"@type":"SearchAction","target":{"@type":"EntryPoint","urlTemplate":"https:\/\/irenca.si\/?s={search_term_string}"},"query-input":{"@type":"PropertyValueSpecification","valueRequired":true,"valueName":"search_term_string"}}],"inLanguage":"en-US"},{"@type":"Organization","@id":"https:\/\/irenca.si\/#organization","name":"IrenaHappyArt","url":"https:\/\/irenca.si\/","logo":{"@type":"ImageObject","inLanguage":"en-US","@id":"https:\/\/irenca.si\/#\/schema\/logo\/image\/","url":"https:\/\/irenca.si\/wp-content\/uploads\/2024\/12\/IrenaHappyArt_-_Logo-1.png","contentUrl":"https:\/\/irenca.si\/wp-content\/uploads\/2024\/12\/IrenaHappyArt_-_Logo-1.png","width":777,"height":200,"caption":"IrenaHappyArt"},"image":{"@id":"https:\/\/irenca.si\/#\/schema\/logo\/image\/"},"sameAs":["https:\/\/www.facebook.com\/IrenaHappyArt\/","https:\/\/x.com\/irenahappy","https:\/\/www.instagram.com\/irena_plevnjak","https:\/\/snipfeed.co\/irenahappyart"]}]}},"_links":{"self":[{"href":"https:\/\/irenca.si\/en\/wp-json\/wp\/v2\/product\/4217","targetHints":{"allow":["GET"]}}],"collection":[{"href":"https:\/\/irenca.si\/en\/wp-json\/wp\/v2\/product"}],"about":[{"href":"https:\/\/irenca.si\/en\/wp-json\/wp\/v2\/types\/product"}],"replies":[{"embeddable":true,"href":"https:\/\/irenca.si\/en\/wp-json\/wp\/v2\/comments?post=4217"}],"wp:featuredmedia":[{"embeddable":true,"href":"https:\/\/irenca.si\/en\/wp-json\/wp\/v2\/media\/3878"}],"wp:attachment":[{"href":"https:\/\/irenca.si\/en\/wp-json\/wp\/v2\/media?parent=4217"}],"wp:term":[{"taxonomy":"product_brand","embeddable":true,"href":"https:\/\/irenca.si\/en\/wp-json\/wp\/v2\/product_brand?post=4217"},{"taxonomy":"product_cat","embeddable":true,"href":"https:\/\/irenca.si\/en\/wp-json\/wp\/v2\/product_cat?post=4217"},{"taxonomy":"product_tag","embeddable":true,"href":"https:\/\/irenca.si\/en\/wp-json\/wp\/v2\/product_tag?post=4217"}],"curies":[{"name":"wp","href":"https:\/\/api.w.org\/{rel}","templated":true}]}}