{"id":4214,"date":"2024-12-30T17:09:22","date_gmt":"2024-12-30T16:09:22","guid":{"rendered":"https:\/\/irenca.si\/?post_type=product&#038;p=4214"},"modified":"2025-01-25T09:29:51","modified_gmt":"2025-01-25T08:29:51","slug":"jantar-shine","status":"publish","type":"product","link":"https:\/\/irenca.si\/en\/trgovina\/zapestnice\/jantar-shine\/","title":{"rendered":"Son\u010dni dotik\/Sun touch"},"content":{"rendered":"<p>Ta \u010dudovita zapestnica ni le okras, temve\u010d mo\u010dan simbol duhovne energije, ljubezni in za\u0161\u010dite. Vsaka barva in \u0161tevilka ima poseben pomen, ki prispeva k njeni \u010darobni mo\u010di:<\/p>\n<p>Pomen barv:<\/p>\n<p>\u2022 Jantarna (amber)\u00a0\u2013 simbolizira toploto, za\u0161\u010dito, notranjo mo\u010d in \u017eivljenjsko energijo.<\/p>\n<p>\u2022 Oran\u017ena\u00a0\u2013 prina\u0161a ustvarjalnost, strast in veselje do \u017eivljenja.<\/p>\n<p>\u2022 Rde\u010da\u00a0\u2013 simbolizira ljubezen, mo\u010d in vitalnost.<\/p>\n<p>\u2022 Vinsko rde\u010da\u00a0\u2013 predstavlja globoko \u010dustveno stabilnost, samozavest in notranjo modrost.<\/p>\n<p>\u2022 Neon oran\u017ena\u00a0\u2013 krepi energijo, pogum in odpira nove prilo\u017enosti.<\/p>\n<p>\u2022 Rumena\u00a0\u2013 simbolizira son\u010dno energijo, sre\u010do in intelektualno jasnost.<\/p>\n<p>\u2022 Neon rumena\u00a0\u2013 prina\u0161a optimizem, samozavest in privablja pozitivno energijo.<\/p>\n<p>\u2022 Be\u017e\u00a0\u2013 predstavlja ravnovesje, stabilnost in mirnost.<\/p>\n<p>\u2022 Bronasta\u00a0\u2013 simbolizira mo\u010d, odlo\u010dnost in povezanost s starodavnimi modrostmi.<\/p>\n<p>Pomen \u0161tevil:<\/p>\n<p>\u2022 2 (simbol dveh enakih barv)\u00a0\u2013 simbol ravnovesja, dualnosti in harmonije v odnosih.<\/p>\n<p>\u2022 3 (diamantne oblike)\u00a0\u2013 predstavlja popolnost, ustvarjalnost in povezavo med telesom, duhom in umom.<\/p>\n<p>\u2022 12 (krogcev)\u00a0\u2013 \u0161tevilka duhovnega napredka, notranjega prebujenja in popolnosti ciklov.<\/p>\n<p>\u2022 14 (krogcev)\u00a0\u2013 simbol rasti, novih za\u010detkov in prilagodljivosti v \u017eivljenju.<\/p>\n<p>Zapestnica je ustvarjena za tiste, ki \u017eelijo privabiti pozitivne vibracije, notranjo mo\u010d in odkriti svojo resni\u010dno pot.<\/p>\n<p>This beautiful bracelet is more than just an accessory; it is a powerful symbol of spiritual energy, love, and protection. Each color and number holds a special meaning, enhancing its mystical power:<\/p>\n<p>Color meanings:<\/p>\n<p>\u2022 Amber\u00a0\u2013 symbolizes warmth, protection, inner strength, and life energy.<\/p>\n<p>\u2022 Orange\u00a0\u2013 brings creativity, passion, and joy in life.<\/p>\n<p>\u2022 Red\u00a0\u2013 represents love, strength, and vitality.<\/p>\n<p>\u2022 Wine red\u00a0\u2013 signifies deep emotional stability, confidence, and inner wisdom.<\/p>\n<p>\u2022 Neon orange\u00a0\u2013 boosts energy, courage, and opens new opportunities.<\/p>\n<p>\u2022 Yellow\u00a0\u2013 symbolizes solar energy, happiness, and intellectual clarity.<\/p>\n<p>\u2022 Neon yellow\u00a0\u2013 brings optimism, self-confidence, and attracts positive energy.<\/p>\n<p>\u2022 Beige\u00a0\u2013 represents balance, stability, and calmness.<\/p>\n<p>\u2022 Bronze\u00a0\u2013 symbolizes strength, determination, and connection to ancient wisdom.<\/p>\n<p>Number meanings:<\/p>\n<p>\u2022 2 (pairs of colors)\u00a0\u2013 symbolizes balance, duality, and harmony in relationships.<\/p>\n<p>\u2022 3 (diamond-shaped beads)\u00a0\u2013 represents perfection, creativity, and the connection of body, spirit, and mind.<\/p>\n<p>\u2022 12 (circle beads)\u00a0\u2013 a number of spiritual progress, inner awakening, and cycle completion.<\/p>\n<p>\u2022 14 (circle beads)\u00a0\u2013 symbolizes growth, new beginnings, and adaptability in life.<\/p>\n<p>This bracelet is designed for those who seek to attract positive vibrations, inner strength, and discover their true path.<\/p>","protected":false},"excerpt":{"rendered":"<p>I hand-wove each bracelet. I chose every thread and decoration intuitively. Each one told me its own story and a special message for which it is intended.<br \/>\nYou can see the details under the Description section. \ud83d\udc9c<\/p>","protected":false},"featured_media":3893,"comment_status":"open","ping_status":"closed","template":"","meta":{"_themeisle_gutenberg_block_has_review":false},"product_brand":[],"product_cat":[78],"product_tag":[],"class_list":{"0":"post-4214","1":"product","2":"type-product","3":"status-publish","4":"has-post-thumbnail","6":"product_cat-zapestnice","8":"first","9":"instock","10":"sold-individually","11":"shipping-taxable","12":"purchasable","13":"product-type-simple"},"yoast_head":"<!-- This site is optimized with the Yoast SEO plugin v26.6 - https:\/\/yoast.com\/wordpress\/plugins\/seo\/ -->\n<title>Son\u010dni dotik\/Sun touch - IrenaHappyArt<\/title>\n<meta name=\"robots\" content=\"index, follow, max-snippet:-1, max-image-preview:large, max-video-preview:-1\" \/>\n<link rel=\"canonical\" href=\"https:\/\/irenca.si\/en\/trgovina\/zapestnice\/jantar-shine\/\" \/>\n<meta property=\"og:locale\" content=\"en_US\" \/>\n<meta property=\"og:type\" content=\"article\" \/>\n<meta property=\"og:title\" content=\"Son\u010dni dotik\/Sun touch - IrenaHappyArt\" \/>\n<meta property=\"og:description\" content=\"Vsako zapestnico sem ro\u010dno spletla. Vsako nit in okrasek sem izbrala intuitivno. Vsaka mi je povedala svojo zgodbo in posebno sporo\u010dilo, katerega namen ima. Podrobnosti lahko vidite pod rubriko Opis. \ud83d\udc9c\" \/>\n<meta property=\"og:url\" content=\"https:\/\/irenca.si\/en\/trgovina\/zapestnice\/jantar-shine\/\" \/>\n<meta property=\"og:site_name\" content=\"IrenaHappyArt\" \/>\n<meta property=\"article:publisher\" content=\"https:\/\/www.facebook.com\/IrenaHappyArt\/\" \/>\n<meta property=\"article:modified_time\" content=\"2025-01-25T08:29:51+00:00\" \/>\n<meta property=\"og:image\" content=\"https:\/\/irenca.si\/wp-content\/uploads\/2024\/12\/20241229_134032-rotated.jpg\" \/>\n\t<meta property=\"og:image:width\" content=\"1000\" \/>\n\t<meta property=\"og:image:height\" content=\"1000\" \/>\n\t<meta property=\"og:image:type\" content=\"image\/jpeg\" \/>\n<meta name=\"twitter:card\" content=\"summary_large_image\" \/>\n<meta name=\"twitter:site\" content=\"@irenahappy\" \/>\n<meta name=\"twitter:label1\" content=\"Est. reading time\" \/>\n\t<meta name=\"twitter:data1\" content=\"1 minute\" \/>\n<script type=\"application\/ld+json\" class=\"yoast-schema-graph\">{\"@context\":\"https:\/\/schema.org\",\"@graph\":[{\"@type\":\"WebPage\",\"@id\":\"https:\/\/irenca.si\/trgovina\/zapestnice\/jantar-shine\/\",\"url\":\"https:\/\/irenca.si\/trgovina\/zapestnice\/jantar-shine\/\",\"name\":\"Son\u010dni dotik\/Sun touch - IrenaHappyArt\",\"isPartOf\":{\"@id\":\"https:\/\/irenca.si\/#website\"},\"primaryImageOfPage\":{\"@id\":\"https:\/\/irenca.si\/trgovina\/zapestnice\/jantar-shine\/#primaryimage\"},\"image\":{\"@id\":\"https:\/\/irenca.si\/trgovina\/zapestnice\/jantar-shine\/#primaryimage\"},\"thumbnailUrl\":\"https:\/\/irenca.si\/wp-content\/uploads\/2024\/12\/20241229_134032-rotated.jpg\",\"datePublished\":\"2024-12-30T16:09:22+00:00\",\"dateModified\":\"2025-01-25T08:29:51+00:00\",\"breadcrumb\":{\"@id\":\"https:\/\/irenca.si\/trgovina\/zapestnice\/jantar-shine\/#breadcrumb\"},\"inLanguage\":\"en-US\",\"potentialAction\":[{\"@type\":\"ReadAction\",\"target\":[\"https:\/\/irenca.si\/trgovina\/zapestnice\/jantar-shine\/\"]}]},{\"@type\":\"ImageObject\",\"inLanguage\":\"en-US\",\"@id\":\"https:\/\/irenca.si\/trgovina\/zapestnice\/jantar-shine\/#primaryimage\",\"url\":\"https:\/\/irenca.si\/wp-content\/uploads\/2024\/12\/20241229_134032-rotated.jpg\",\"contentUrl\":\"https:\/\/irenca.si\/wp-content\/uploads\/2024\/12\/20241229_134032-rotated.jpg\",\"width\":1000,\"height\":1000},{\"@type\":\"BreadcrumbList\",\"@id\":\"https:\/\/irenca.si\/trgovina\/zapestnice\/jantar-shine\/#breadcrumb\",\"itemListElement\":[{\"@type\":\"ListItem\",\"position\":1,\"name\":\"Home\",\"item\":\"https:\/\/irenca.si\/\"},{\"@type\":\"ListItem\",\"position\":2,\"name\":\"Trgovina\",\"item\":\"https:\/\/irenca.si\/trgovina\/\"},{\"@type\":\"ListItem\",\"position\":3,\"name\":\"Son\u010dni dotik\/Sun touch\"}]},{\"@type\":\"WebSite\",\"@id\":\"https:\/\/irenca.si\/#website\",\"url\":\"https:\/\/irenca.si\/\",\"name\":\"Irenca.si\",\"description\":\"Narejeno z ljubeznijo\",\"publisher\":{\"@id\":\"https:\/\/irenca.si\/#organization\"},\"alternateName\":\"IrenaHappyArt\",\"potentialAction\":[{\"@type\":\"SearchAction\",\"target\":{\"@type\":\"EntryPoint\",\"urlTemplate\":\"https:\/\/irenca.si\/?s={search_term_string}\"},\"query-input\":{\"@type\":\"PropertyValueSpecification\",\"valueRequired\":true,\"valueName\":\"search_term_string\"}}],\"inLanguage\":\"en-US\"},{\"@type\":\"Organization\",\"@id\":\"https:\/\/irenca.si\/#organization\",\"name\":\"IrenaHappyArt\",\"url\":\"https:\/\/irenca.si\/\",\"logo\":{\"@type\":\"ImageObject\",\"inLanguage\":\"en-US\",\"@id\":\"https:\/\/irenca.si\/#\/schema\/logo\/image\/\",\"url\":\"https:\/\/irenca.si\/wp-content\/uploads\/2024\/12\/IrenaHappyArt_-_Logo-1.png\",\"contentUrl\":\"https:\/\/irenca.si\/wp-content\/uploads\/2024\/12\/IrenaHappyArt_-_Logo-1.png\",\"width\":777,\"height\":200,\"caption\":\"IrenaHappyArt\"},\"image\":{\"@id\":\"https:\/\/irenca.si\/#\/schema\/logo\/image\/\"},\"sameAs\":[\"https:\/\/www.facebook.com\/IrenaHappyArt\/\",\"https:\/\/x.com\/irenahappy\",\"https:\/\/www.instagram.com\/irena_plevnjak\",\"https:\/\/snipfeed.co\/irenahappyart\"]}]}<\/script>\n<!-- \/ Yoast SEO plugin. -->","yoast_head_json":{"title":"Son\u010dni dotik\/Sun touch - IrenaHappyArt","robots":{"index":"index","follow":"follow","max-snippet":"max-snippet:-1","max-image-preview":"max-image-preview:large","max-video-preview":"max-video-preview:-1"},"canonical":"https:\/\/irenca.si\/en\/trgovina\/zapestnice\/jantar-shine\/","og_locale":"en_US","og_type":"article","og_title":"Son\u010dni dotik\/Sun touch - IrenaHappyArt","og_description":"Vsako zapestnico sem ro\u010dno spletla. Vsako nit in okrasek sem izbrala intuitivno. Vsaka mi je povedala svojo zgodbo in posebno sporo\u010dilo, katerega namen ima. Podrobnosti lahko vidite pod rubriko Opis. \ud83d\udc9c","og_url":"https:\/\/irenca.si\/en\/trgovina\/zapestnice\/jantar-shine\/","og_site_name":"IrenaHappyArt","article_publisher":"https:\/\/www.facebook.com\/IrenaHappyArt\/","article_modified_time":"2025-01-25T08:29:51+00:00","og_image":[{"width":1000,"height":1000,"url":"https:\/\/irenca.si\/wp-content\/uploads\/2024\/12\/20241229_134032-rotated.jpg","type":"image\/jpeg"}],"twitter_card":"summary_large_image","twitter_site":"@irenahappy","twitter_misc":{"Est. reading time":"1 minute"},"schema":{"@context":"https:\/\/schema.org","@graph":[{"@type":"WebPage","@id":"https:\/\/irenca.si\/trgovina\/zapestnice\/jantar-shine\/","url":"https:\/\/irenca.si\/trgovina\/zapestnice\/jantar-shine\/","name":"Son\u010dni dotik\/Sun touch - IrenaHappyArt","isPartOf":{"@id":"https:\/\/irenca.si\/#website"},"primaryImageOfPage":{"@id":"https:\/\/irenca.si\/trgovina\/zapestnice\/jantar-shine\/#primaryimage"},"image":{"@id":"https:\/\/irenca.si\/trgovina\/zapestnice\/jantar-shine\/#primaryimage"},"thumbnailUrl":"https:\/\/irenca.si\/wp-content\/uploads\/2024\/12\/20241229_134032-rotated.jpg","datePublished":"2024-12-30T16:09:22+00:00","dateModified":"2025-01-25T08:29:51+00:00","breadcrumb":{"@id":"https:\/\/irenca.si\/trgovina\/zapestnice\/jantar-shine\/#breadcrumb"},"inLanguage":"en-US","potentialAction":[{"@type":"ReadAction","target":["https:\/\/irenca.si\/trgovina\/zapestnice\/jantar-shine\/"]}]},{"@type":"ImageObject","inLanguage":"en-US","@id":"https:\/\/irenca.si\/trgovina\/zapestnice\/jantar-shine\/#primaryimage","url":"https:\/\/irenca.si\/wp-content\/uploads\/2024\/12\/20241229_134032-rotated.jpg","contentUrl":"https:\/\/irenca.si\/wp-content\/uploads\/2024\/12\/20241229_134032-rotated.jpg","width":1000,"height":1000},{"@type":"BreadcrumbList","@id":"https:\/\/irenca.si\/trgovina\/zapestnice\/jantar-shine\/#breadcrumb","itemListElement":[{"@type":"ListItem","position":1,"name":"Home","item":"https:\/\/irenca.si\/"},{"@type":"ListItem","position":2,"name":"Trgovina","item":"https:\/\/irenca.si\/trgovina\/"},{"@type":"ListItem","position":3,"name":"Son\u010dni dotik\/Sun touch"}]},{"@type":"WebSite","@id":"https:\/\/irenca.si\/#website","url":"https:\/\/irenca.si\/","name":"Irenca.si","description":"Narejeno z ljubeznijo","publisher":{"@id":"https:\/\/irenca.si\/#organization"},"alternateName":"IrenaHappyArt","potentialAction":[{"@type":"SearchAction","target":{"@type":"EntryPoint","urlTemplate":"https:\/\/irenca.si\/?s={search_term_string}"},"query-input":{"@type":"PropertyValueSpecification","valueRequired":true,"valueName":"search_term_string"}}],"inLanguage":"en-US"},{"@type":"Organization","@id":"https:\/\/irenca.si\/#organization","name":"IrenaHappyArt","url":"https:\/\/irenca.si\/","logo":{"@type":"ImageObject","inLanguage":"en-US","@id":"https:\/\/irenca.si\/#\/schema\/logo\/image\/","url":"https:\/\/irenca.si\/wp-content\/uploads\/2024\/12\/IrenaHappyArt_-_Logo-1.png","contentUrl":"https:\/\/irenca.si\/wp-content\/uploads\/2024\/12\/IrenaHappyArt_-_Logo-1.png","width":777,"height":200,"caption":"IrenaHappyArt"},"image":{"@id":"https:\/\/irenca.si\/#\/schema\/logo\/image\/"},"sameAs":["https:\/\/www.facebook.com\/IrenaHappyArt\/","https:\/\/x.com\/irenahappy","https:\/\/www.instagram.com\/irena_plevnjak","https:\/\/snipfeed.co\/irenahappyart"]}]}},"_links":{"self":[{"href":"https:\/\/irenca.si\/en\/wp-json\/wp\/v2\/product\/4214","targetHints":{"allow":["GET"]}}],"collection":[{"href":"https:\/\/irenca.si\/en\/wp-json\/wp\/v2\/product"}],"about":[{"href":"https:\/\/irenca.si\/en\/wp-json\/wp\/v2\/types\/product"}],"replies":[{"embeddable":true,"href":"https:\/\/irenca.si\/en\/wp-json\/wp\/v2\/comments?post=4214"}],"wp:featuredmedia":[{"embeddable":true,"href":"https:\/\/irenca.si\/en\/wp-json\/wp\/v2\/media\/3893"}],"wp:attachment":[{"href":"https:\/\/irenca.si\/en\/wp-json\/wp\/v2\/media?parent=4214"}],"wp:term":[{"taxonomy":"product_brand","embeddable":true,"href":"https:\/\/irenca.si\/en\/wp-json\/wp\/v2\/product_brand?post=4214"},{"taxonomy":"product_cat","embeddable":true,"href":"https:\/\/irenca.si\/en\/wp-json\/wp\/v2\/product_cat?post=4214"},{"taxonomy":"product_tag","embeddable":true,"href":"https:\/\/irenca.si\/en\/wp-json\/wp\/v2\/product_tag?post=4214"}],"curies":[{"name":"wp","href":"https:\/\/api.w.org\/{rel}","templated":true}]}}