{"id":4197,"date":"2024-12-30T16:47:39","date_gmt":"2024-12-30T15:47:39","guid":{"rendered":"https:\/\/irenca.si\/?post_type=product&#038;p=4197"},"modified":"2025-01-13T13:19:31","modified_gmt":"2025-01-13T12:19:31","slug":"africa","status":"publish","type":"product","link":"https:\/\/irenca.si\/en\/trgovina\/zapestnice\/africa\/","title":{"rendered":"Afrika ~ Africa"},"content":{"rendered":"<p>Zapestnica: &#8220;Afrika&#8221;<\/p>\n<p>Zapestnica\u00a0&#8220;Afrika&#8221;\u00a0je mo\u010dan talisman, navdihnjen z misti\u010dno esenco afri\u0161ke celine \u2013 de\u017eele starodavne modrosti, ognjenih son\u010dnih zahodov in neukrotljivega duha. Ro\u010dno izdelana v \u010drni, oran\u017eni in rumeni barvi ponazarja ples med svetlobo in senco, \u017eivljenjem in skrivnostjo.<\/p>\n<p>\u2022 \u010crna\u00a0barva simbolizira za\u0161\u010dito in prizemljitev, ki nosilca varuje pred negativnimi energijami.<\/p>\n<p>\u2022 Oran\u017ena\u00a0predstavlja vitalnost, ustvarjalnost in gore\u010do strast afri\u0161kega sonca.<\/p>\n<p>\u2022 Rumena iz\u017eareva veselje, jasnost in duhovno prebujenje, ki odmeva s toplimi peski savane.<\/p>\n<p>Te barve skupaj pletejo zgodbo o vztrajnosti, pustolov\u0161\u010dini in notranji mo\u010di. Kroglice spominjajo na plemenski nakit, ki nosi du\u0161o starodavnih tradicij in povezanost s prvinskimi silami Zemlje.<\/p>\n<p>Nosite zapestnico\u00a0Afrika\u00a0kot opomnik na svojo osebno pot \u2013 klic, da sprejmete svoje divje srce, i\u0161\u010dete nove obzorja in ostanete zvesti sami sebi. Naj vas vodi skozi \u017eivljenjske skrivnosti, varuje va\u0161ega duha in pri\u017ege va\u0161o strast.<\/p>\n<p>Bracelet &#8220;Africa&#8221;<\/p>\n<p>The &#8220;Africa&#8221; bracelet is a powerful talisman inspired by the mystic essence of the African continent \u2014 a land of ancient wisdom, fiery sunsets, and untamed spirit. Handcrafted with black, orange, and yellow hues, this macrame piece embodies the dance between light and shadow, life and mystery.<\/p>\n<p>\u2022 Black\u00a0symbolizes protection and grounding, shielding the wearer from negative energies.<\/p>\n<p>\u2022 Orange\u00a0represents vitality, creativity, and the burning passion of the African sun.<\/p>\n<p>\u2022 Yellow\u00a0radiate joy, clarity, and spiritual awakening, echoing the warm sands of the savannah.<\/p>\n<p>Together, these colors weave a story of resilience, adventure, and inner strength. The beads are reminiscent of tribal adornments, carrying the soul of ancient traditions and a connection to the Earth\u2019s primal forces.<\/p>\n<p>Wear the\u00a0Africa bracelet\u00a0as a reminder of your personal journey \u2014 a call to embrace your wild heart, seek new horizons, and stay rooted in your truth. Let it be your guide through life&#8217;s mysteries, protecting your spirit and igniting your passion.<\/p>","protected":false},"excerpt":{"rendered":"<p>Zapestnica: &#8220;Afrika&#8221; Zapestnica\u00a0&#8220;Afrika&#8221;\u00a0je mo\u010dan talisman, navdihnjen z misti\u010dno esenco afri\u0161ke celine \u2013 de\u017eele starodavne modrosti, ognjenih son\u010dnih zahodov in neukrotljivega duha. Ro\u010dno izdelana v \u010drni, oran\u017eni in rumeni barvi ponazarja ples med svetlobo in senco, \u017eivljenjem in skrivnostjo. \u2022 \u010crna\u00a0barva simbolizira za\u0161\u010dito in prizemljitev, ki nosilca varuje pred negativnimi energijami. \u2022 Oran\u017ena\u00a0predstavlja vitalnost, ustvarjalnost in [&hellip;]<\/p>","protected":false},"featured_media":3981,"comment_status":"open","ping_status":"closed","template":"","meta":{"_themeisle_gutenberg_block_has_review":false},"product_brand":[],"product_cat":[78],"product_tag":[],"class_list":{"0":"post-4197","1":"product","2":"type-product","3":"status-publish","4":"has-post-thumbnail","6":"product_cat-zapestnice","8":"first","9":"instock","10":"sold-individually","11":"shipping-taxable","12":"purchasable","13":"product-type-simple"},"yoast_head":"<!-- This site is optimized with the Yoast SEO plugin v26.6 - https:\/\/yoast.com\/wordpress\/plugins\/seo\/ -->\n<title>Afrika ~ Africa - IrenaHappyArt<\/title>\n<meta name=\"robots\" content=\"index, follow, max-snippet:-1, max-image-preview:large, max-video-preview:-1\" \/>\n<link rel=\"canonical\" href=\"https:\/\/irenca.si\/en\/trgovina\/zapestnice\/africa\/\" \/>\n<meta property=\"og:locale\" content=\"en_US\" \/>\n<meta property=\"og:type\" content=\"article\" \/>\n<meta property=\"og:title\" content=\"Afrika ~ Africa - IrenaHappyArt\" \/>\n<meta property=\"og:description\" content=\"Zapestnica: &#8220;Afrika&#8221; Zapestnica\u00a0&#8220;Afrika&#8221;\u00a0je mo\u010dan talisman, navdihnjen z misti\u010dno esenco afri\u0161ke celine \u2013 de\u017eele starodavne modrosti, ognjenih son\u010dnih zahodov in neukrotljivega duha. Ro\u010dno izdelana v \u010drni, oran\u017eni in rumeni barvi ponazarja ples med svetlobo in senco, \u017eivljenjem in skrivnostjo. \u2022 \u010crna\u00a0barva simbolizira za\u0161\u010dito in prizemljitev, ki nosilca varuje pred negativnimi energijami. \u2022 Oran\u017ena\u00a0predstavlja vitalnost, ustvarjalnost in [&hellip;]\" \/>\n<meta property=\"og:url\" content=\"https:\/\/irenca.si\/en\/trgovina\/zapestnice\/africa\/\" \/>\n<meta property=\"og:site_name\" content=\"IrenaHappyArt\" \/>\n<meta property=\"article:publisher\" content=\"https:\/\/www.facebook.com\/IrenaHappyArt\/\" \/>\n<meta property=\"article:modified_time\" content=\"2025-01-13T12:19:31+00:00\" \/>\n<meta property=\"og:image\" content=\"https:\/\/irenca.si\/wp-content\/uploads\/2024\/12\/20241229_142105-rotated.jpg\" \/>\n\t<meta property=\"og:image:width\" content=\"1000\" \/>\n\t<meta property=\"og:image:height\" content=\"1000\" \/>\n\t<meta property=\"og:image:type\" content=\"image\/jpeg\" \/>\n<meta name=\"twitter:card\" content=\"summary_large_image\" \/>\n<meta name=\"twitter:site\" content=\"@irenahappy\" \/>\n<meta name=\"twitter:label1\" content=\"Est. reading time\" \/>\n\t<meta name=\"twitter:data1\" content=\"1 minute\" \/>\n<script type=\"application\/ld+json\" class=\"yoast-schema-graph\">{\"@context\":\"https:\/\/schema.org\",\"@graph\":[{\"@type\":\"WebPage\",\"@id\":\"https:\/\/irenca.si\/trgovina\/zapestnice\/africa\/\",\"url\":\"https:\/\/irenca.si\/trgovina\/zapestnice\/africa\/\",\"name\":\"Afrika ~ Africa - IrenaHappyArt\",\"isPartOf\":{\"@id\":\"https:\/\/irenca.si\/#website\"},\"primaryImageOfPage\":{\"@id\":\"https:\/\/irenca.si\/trgovina\/zapestnice\/africa\/#primaryimage\"},\"image\":{\"@id\":\"https:\/\/irenca.si\/trgovina\/zapestnice\/africa\/#primaryimage\"},\"thumbnailUrl\":\"https:\/\/irenca.si\/wp-content\/uploads\/2024\/12\/20241229_142105-rotated.jpg\",\"datePublished\":\"2024-12-30T15:47:39+00:00\",\"dateModified\":\"2025-01-13T12:19:31+00:00\",\"breadcrumb\":{\"@id\":\"https:\/\/irenca.si\/trgovina\/zapestnice\/africa\/#breadcrumb\"},\"inLanguage\":\"en-US\",\"potentialAction\":[{\"@type\":\"ReadAction\",\"target\":[\"https:\/\/irenca.si\/trgovina\/zapestnice\/africa\/\"]}]},{\"@type\":\"ImageObject\",\"inLanguage\":\"en-US\",\"@id\":\"https:\/\/irenca.si\/trgovina\/zapestnice\/africa\/#primaryimage\",\"url\":\"https:\/\/irenca.si\/wp-content\/uploads\/2024\/12\/20241229_142105-rotated.jpg\",\"contentUrl\":\"https:\/\/irenca.si\/wp-content\/uploads\/2024\/12\/20241229_142105-rotated.jpg\",\"width\":1000,\"height\":1000},{\"@type\":\"BreadcrumbList\",\"@id\":\"https:\/\/irenca.si\/trgovina\/zapestnice\/africa\/#breadcrumb\",\"itemListElement\":[{\"@type\":\"ListItem\",\"position\":1,\"name\":\"Home\",\"item\":\"https:\/\/irenca.si\/\"},{\"@type\":\"ListItem\",\"position\":2,\"name\":\"Trgovina\",\"item\":\"https:\/\/irenca.si\/trgovina\/\"},{\"@type\":\"ListItem\",\"position\":3,\"name\":\"Afrika ~ Africa\"}]},{\"@type\":\"WebSite\",\"@id\":\"https:\/\/irenca.si\/#website\",\"url\":\"https:\/\/irenca.si\/\",\"name\":\"Irenca.si\",\"description\":\"Narejeno z ljubeznijo\",\"publisher\":{\"@id\":\"https:\/\/irenca.si\/#organization\"},\"alternateName\":\"IrenaHappyArt\",\"potentialAction\":[{\"@type\":\"SearchAction\",\"target\":{\"@type\":\"EntryPoint\",\"urlTemplate\":\"https:\/\/irenca.si\/?s={search_term_string}\"},\"query-input\":{\"@type\":\"PropertyValueSpecification\",\"valueRequired\":true,\"valueName\":\"search_term_string\"}}],\"inLanguage\":\"en-US\"},{\"@type\":\"Organization\",\"@id\":\"https:\/\/irenca.si\/#organization\",\"name\":\"IrenaHappyArt\",\"url\":\"https:\/\/irenca.si\/\",\"logo\":{\"@type\":\"ImageObject\",\"inLanguage\":\"en-US\",\"@id\":\"https:\/\/irenca.si\/#\/schema\/logo\/image\/\",\"url\":\"https:\/\/irenca.si\/wp-content\/uploads\/2024\/12\/IrenaHappyArt_-_Logo-1.png\",\"contentUrl\":\"https:\/\/irenca.si\/wp-content\/uploads\/2024\/12\/IrenaHappyArt_-_Logo-1.png\",\"width\":777,\"height\":200,\"caption\":\"IrenaHappyArt\"},\"image\":{\"@id\":\"https:\/\/irenca.si\/#\/schema\/logo\/image\/\"},\"sameAs\":[\"https:\/\/www.facebook.com\/IrenaHappyArt\/\",\"https:\/\/x.com\/irenahappy\",\"https:\/\/www.instagram.com\/irena_plevnjak\",\"https:\/\/snipfeed.co\/irenahappyart\"]}]}<\/script>\n<!-- \/ Yoast SEO plugin. -->","yoast_head_json":{"title":"Afrika ~ Africa - IrenaHappyArt","robots":{"index":"index","follow":"follow","max-snippet":"max-snippet:-1","max-image-preview":"max-image-preview:large","max-video-preview":"max-video-preview:-1"},"canonical":"https:\/\/irenca.si\/en\/trgovina\/zapestnice\/africa\/","og_locale":"en_US","og_type":"article","og_title":"Afrika ~ Africa - IrenaHappyArt","og_description":"Zapestnica: &#8220;Afrika&#8221; Zapestnica\u00a0&#8220;Afrika&#8221;\u00a0je mo\u010dan talisman, navdihnjen z misti\u010dno esenco afri\u0161ke celine \u2013 de\u017eele starodavne modrosti, ognjenih son\u010dnih zahodov in neukrotljivega duha. Ro\u010dno izdelana v \u010drni, oran\u017eni in rumeni barvi ponazarja ples med svetlobo in senco, \u017eivljenjem in skrivnostjo. \u2022 \u010crna\u00a0barva simbolizira za\u0161\u010dito in prizemljitev, ki nosilca varuje pred negativnimi energijami. \u2022 Oran\u017ena\u00a0predstavlja vitalnost, ustvarjalnost in [&hellip;]","og_url":"https:\/\/irenca.si\/en\/trgovina\/zapestnice\/africa\/","og_site_name":"IrenaHappyArt","article_publisher":"https:\/\/www.facebook.com\/IrenaHappyArt\/","article_modified_time":"2025-01-13T12:19:31+00:00","og_image":[{"width":1000,"height":1000,"url":"https:\/\/irenca.si\/wp-content\/uploads\/2024\/12\/20241229_142105-rotated.jpg","type":"image\/jpeg"}],"twitter_card":"summary_large_image","twitter_site":"@irenahappy","twitter_misc":{"Est. reading time":"1 minute"},"schema":{"@context":"https:\/\/schema.org","@graph":[{"@type":"WebPage","@id":"https:\/\/irenca.si\/trgovina\/zapestnice\/africa\/","url":"https:\/\/irenca.si\/trgovina\/zapestnice\/africa\/","name":"Afrika ~ Africa - IrenaHappyArt","isPartOf":{"@id":"https:\/\/irenca.si\/#website"},"primaryImageOfPage":{"@id":"https:\/\/irenca.si\/trgovina\/zapestnice\/africa\/#primaryimage"},"image":{"@id":"https:\/\/irenca.si\/trgovina\/zapestnice\/africa\/#primaryimage"},"thumbnailUrl":"https:\/\/irenca.si\/wp-content\/uploads\/2024\/12\/20241229_142105-rotated.jpg","datePublished":"2024-12-30T15:47:39+00:00","dateModified":"2025-01-13T12:19:31+00:00","breadcrumb":{"@id":"https:\/\/irenca.si\/trgovina\/zapestnice\/africa\/#breadcrumb"},"inLanguage":"en-US","potentialAction":[{"@type":"ReadAction","target":["https:\/\/irenca.si\/trgovina\/zapestnice\/africa\/"]}]},{"@type":"ImageObject","inLanguage":"en-US","@id":"https:\/\/irenca.si\/trgovina\/zapestnice\/africa\/#primaryimage","url":"https:\/\/irenca.si\/wp-content\/uploads\/2024\/12\/20241229_142105-rotated.jpg","contentUrl":"https:\/\/irenca.si\/wp-content\/uploads\/2024\/12\/20241229_142105-rotated.jpg","width":1000,"height":1000},{"@type":"BreadcrumbList","@id":"https:\/\/irenca.si\/trgovina\/zapestnice\/africa\/#breadcrumb","itemListElement":[{"@type":"ListItem","position":1,"name":"Home","item":"https:\/\/irenca.si\/"},{"@type":"ListItem","position":2,"name":"Trgovina","item":"https:\/\/irenca.si\/trgovina\/"},{"@type":"ListItem","position":3,"name":"Afrika ~ Africa"}]},{"@type":"WebSite","@id":"https:\/\/irenca.si\/#website","url":"https:\/\/irenca.si\/","name":"Irenca.si","description":"Narejeno z ljubeznijo","publisher":{"@id":"https:\/\/irenca.si\/#organization"},"alternateName":"IrenaHappyArt","potentialAction":[{"@type":"SearchAction","target":{"@type":"EntryPoint","urlTemplate":"https:\/\/irenca.si\/?s={search_term_string}"},"query-input":{"@type":"PropertyValueSpecification","valueRequired":true,"valueName":"search_term_string"}}],"inLanguage":"en-US"},{"@type":"Organization","@id":"https:\/\/irenca.si\/#organization","name":"IrenaHappyArt","url":"https:\/\/irenca.si\/","logo":{"@type":"ImageObject","inLanguage":"en-US","@id":"https:\/\/irenca.si\/#\/schema\/logo\/image\/","url":"https:\/\/irenca.si\/wp-content\/uploads\/2024\/12\/IrenaHappyArt_-_Logo-1.png","contentUrl":"https:\/\/irenca.si\/wp-content\/uploads\/2024\/12\/IrenaHappyArt_-_Logo-1.png","width":777,"height":200,"caption":"IrenaHappyArt"},"image":{"@id":"https:\/\/irenca.si\/#\/schema\/logo\/image\/"},"sameAs":["https:\/\/www.facebook.com\/IrenaHappyArt\/","https:\/\/x.com\/irenahappy","https:\/\/www.instagram.com\/irena_plevnjak","https:\/\/snipfeed.co\/irenahappyart"]}]}},"_links":{"self":[{"href":"https:\/\/irenca.si\/en\/wp-json\/wp\/v2\/product\/4197","targetHints":{"allow":["GET"]}}],"collection":[{"href":"https:\/\/irenca.si\/en\/wp-json\/wp\/v2\/product"}],"about":[{"href":"https:\/\/irenca.si\/en\/wp-json\/wp\/v2\/types\/product"}],"replies":[{"embeddable":true,"href":"https:\/\/irenca.si\/en\/wp-json\/wp\/v2\/comments?post=4197"}],"wp:featuredmedia":[{"embeddable":true,"href":"https:\/\/irenca.si\/en\/wp-json\/wp\/v2\/media\/3981"}],"wp:attachment":[{"href":"https:\/\/irenca.si\/en\/wp-json\/wp\/v2\/media?parent=4197"}],"wp:term":[{"taxonomy":"product_brand","embeddable":true,"href":"https:\/\/irenca.si\/en\/wp-json\/wp\/v2\/product_brand?post=4197"},{"taxonomy":"product_cat","embeddable":true,"href":"https:\/\/irenca.si\/en\/wp-json\/wp\/v2\/product_cat?post=4197"},{"taxonomy":"product_tag","embeddable":true,"href":"https:\/\/irenca.si\/en\/wp-json\/wp\/v2\/product_tag?post=4197"}],"curies":[{"name":"wp","href":"https:\/\/api.w.org\/{rel}","templated":true}]}}