{"id":4196,"date":"2024-12-30T16:46:10","date_gmt":"2024-12-30T15:46:10","guid":{"rendered":"https:\/\/irenca.si\/?post_type=product&#038;p=4196"},"modified":"2025-01-30T13:20:56","modified_gmt":"2025-01-30T12:20:56","slug":"youre-a-pink-star","status":"publish","type":"product","link":"https:\/\/irenca.si\/en\/trgovina\/zapestnice\/youre-a-pink-star\/","title":{"rendered":"Roza zvezda \/ Pink Star"},"content":{"rendered":"<p>Ta ro\u010dno izdelana makrame zapestnica je ve\u010d kot le modni dodatek \u2013 je amulet ljubezni, harmonije in duhovnega vodstva.<\/p>\n<p>Ro\u017enata barva nosi energijo ne\u017enosti, so\u010dutja in ljubezni, ki odpirajo sr\u010dno \u010dakro ter prina\u0161ajo notranji mir in veselje. Prosojna ro\u017enata zvezda v sredi\u0161\u010du simbolizira svetlobo, bo\u017eansko vodstvo in za\u0161\u010dito, medtem ko njen ro\u017enati krog v notranjosti predstavlja celovitost in popolnost.<\/p>\n<p>\u0160tevilo\u00a03, ki se ponavlja v zaporedju kroglic, je mo\u010dno duhovno \u0161tevilo, povezano s harmonijo, ustvarjalnostjo in povezavo med telesom, umom in duhom. Srce v notranjosti ene izmed kroglic nosi vibracijo \u010diste ljubezni in iskrene namere. Biserni kroglici pa dodajata pridih modrosti, notranje rasti in za\u0161\u010dite pred negativnimi energijami.<\/p>\n<p>To je zapestnica za tiste, ki \u017eelijo v svoje \u017eivljenje pritegniti ljubezen, ravnovesje in misti\u010dno mo\u010d vesolja.<\/p>\n<p>This handmade macrame bracelet is more than just an accessory \u2013 it is an amulet of love, harmony, and spiritual guidance.<\/p>\n<p>The pink color carries the energy of gentleness, compassion, and love, opening the heart chakra and bringing inner peace and joy. The transparent pink star at the center symbolizes light, divine guidance, and protection, while its pink circle inside represents wholeness and completeness.<\/p>\n<p>The number\u00a03, which repeats in the bead sequence, is a powerful spiritual number associated with harmony, creativity, and the connection between body, mind, and spirit. The heart inside one of the beads radiates the vibration of pure love and sincere intention. The pearl beads add a touch of wisdom, inner growth, and protection from negative energies.<\/p>\n<p>This is a bracelet for those who wish to attract love, balance, and the mystical power of the universe into their lives.<\/p>","protected":false},"excerpt":{"rendered":"<p>I hand-wove each bracelet. I chose every thread and decoration intuitively. Each one told me its own story and a special message for which it is intended.<br \/>\nYou can see the details under the Description section. \ud83d\udc9c<\/p>","protected":false},"featured_media":3986,"comment_status":"open","ping_status":"closed","template":"","meta":{"_themeisle_gutenberg_block_has_review":false},"product_brand":[],"product_cat":[78],"product_tag":[],"class_list":{"0":"post-4196","1":"product","2":"type-product","3":"status-publish","4":"has-post-thumbnail","6":"product_cat-zapestnice","8":"first","9":"instock","10":"sold-individually","11":"shipping-taxable","12":"purchasable","13":"product-type-simple"},"yoast_head":"<!-- This site is optimized with the Yoast SEO plugin v26.6 - https:\/\/yoast.com\/wordpress\/plugins\/seo\/ -->\n<title>Roza zvezda \/ Pink Star - IrenaHappyArt<\/title>\n<meta name=\"robots\" content=\"index, follow, max-snippet:-1, max-image-preview:large, max-video-preview:-1\" \/>\n<link rel=\"canonical\" href=\"https:\/\/irenca.si\/en\/trgovina\/zapestnice\/youre-a-pink-star\/\" \/>\n<meta property=\"og:locale\" content=\"en_US\" \/>\n<meta property=\"og:type\" content=\"article\" \/>\n<meta property=\"og:title\" content=\"Roza zvezda \/ Pink Star - IrenaHappyArt\" \/>\n<meta property=\"og:description\" content=\"Vsako zapestnico sem ro\u010dno spletla. Vsako nit in okrasek sem izbrala intuitivno. Vsaka mi je povedala svojo zgodbo in posebno sporo\u010dilo, katerega namen ima. Podrobnosti lahko vidite pod rubriko Opis. \ud83d\udc9c\" \/>\n<meta property=\"og:url\" content=\"https:\/\/irenca.si\/en\/trgovina\/zapestnice\/youre-a-pink-star\/\" \/>\n<meta property=\"og:site_name\" content=\"IrenaHappyArt\" \/>\n<meta property=\"article:publisher\" content=\"https:\/\/www.facebook.com\/IrenaHappyArt\/\" \/>\n<meta property=\"article:modified_time\" content=\"2025-01-30T12:20:56+00:00\" \/>\n<meta property=\"og:image\" content=\"https:\/\/irenca.si\/wp-content\/uploads\/2024\/12\/20241229_142213-rotated.jpg\" \/>\n\t<meta property=\"og:image:width\" content=\"1000\" \/>\n\t<meta property=\"og:image:height\" content=\"1000\" \/>\n\t<meta property=\"og:image:type\" content=\"image\/jpeg\" \/>\n<meta name=\"twitter:card\" content=\"summary_large_image\" \/>\n<meta name=\"twitter:site\" content=\"@irenahappy\" \/>\n<meta name=\"twitter:label1\" content=\"Est. reading time\" \/>\n\t<meta name=\"twitter:data1\" content=\"1 minute\" \/>\n<script type=\"application\/ld+json\" class=\"yoast-schema-graph\">{\"@context\":\"https:\/\/schema.org\",\"@graph\":[{\"@type\":\"WebPage\",\"@id\":\"https:\/\/irenca.si\/trgovina\/zapestnice\/youre-a-pink-star\/\",\"url\":\"https:\/\/irenca.si\/trgovina\/zapestnice\/youre-a-pink-star\/\",\"name\":\"Roza zvezda \/ Pink Star - IrenaHappyArt\",\"isPartOf\":{\"@id\":\"https:\/\/irenca.si\/#website\"},\"primaryImageOfPage\":{\"@id\":\"https:\/\/irenca.si\/trgovina\/zapestnice\/youre-a-pink-star\/#primaryimage\"},\"image\":{\"@id\":\"https:\/\/irenca.si\/trgovina\/zapestnice\/youre-a-pink-star\/#primaryimage\"},\"thumbnailUrl\":\"https:\/\/irenca.si\/wp-content\/uploads\/2024\/12\/20241229_142213-rotated.jpg\",\"datePublished\":\"2024-12-30T15:46:10+00:00\",\"dateModified\":\"2025-01-30T12:20:56+00:00\",\"breadcrumb\":{\"@id\":\"https:\/\/irenca.si\/trgovina\/zapestnice\/youre-a-pink-star\/#breadcrumb\"},\"inLanguage\":\"en-US\",\"potentialAction\":[{\"@type\":\"ReadAction\",\"target\":[\"https:\/\/irenca.si\/trgovina\/zapestnice\/youre-a-pink-star\/\"]}]},{\"@type\":\"ImageObject\",\"inLanguage\":\"en-US\",\"@id\":\"https:\/\/irenca.si\/trgovina\/zapestnice\/youre-a-pink-star\/#primaryimage\",\"url\":\"https:\/\/irenca.si\/wp-content\/uploads\/2024\/12\/20241229_142213-rotated.jpg\",\"contentUrl\":\"https:\/\/irenca.si\/wp-content\/uploads\/2024\/12\/20241229_142213-rotated.jpg\",\"width\":1000,\"height\":1000},{\"@type\":\"BreadcrumbList\",\"@id\":\"https:\/\/irenca.si\/trgovina\/zapestnice\/youre-a-pink-star\/#breadcrumb\",\"itemListElement\":[{\"@type\":\"ListItem\",\"position\":1,\"name\":\"Home\",\"item\":\"https:\/\/irenca.si\/\"},{\"@type\":\"ListItem\",\"position\":2,\"name\":\"Trgovina\",\"item\":\"https:\/\/irenca.si\/trgovina\/\"},{\"@type\":\"ListItem\",\"position\":3,\"name\":\"Roza zvezda \/ Pink Star\"}]},{\"@type\":\"WebSite\",\"@id\":\"https:\/\/irenca.si\/#website\",\"url\":\"https:\/\/irenca.si\/\",\"name\":\"Irenca.si\",\"description\":\"Narejeno z ljubeznijo\",\"publisher\":{\"@id\":\"https:\/\/irenca.si\/#organization\"},\"alternateName\":\"IrenaHappyArt\",\"potentialAction\":[{\"@type\":\"SearchAction\",\"target\":{\"@type\":\"EntryPoint\",\"urlTemplate\":\"https:\/\/irenca.si\/?s={search_term_string}\"},\"query-input\":{\"@type\":\"PropertyValueSpecification\",\"valueRequired\":true,\"valueName\":\"search_term_string\"}}],\"inLanguage\":\"en-US\"},{\"@type\":\"Organization\",\"@id\":\"https:\/\/irenca.si\/#organization\",\"name\":\"IrenaHappyArt\",\"url\":\"https:\/\/irenca.si\/\",\"logo\":{\"@type\":\"ImageObject\",\"inLanguage\":\"en-US\",\"@id\":\"https:\/\/irenca.si\/#\/schema\/logo\/image\/\",\"url\":\"https:\/\/irenca.si\/wp-content\/uploads\/2024\/12\/IrenaHappyArt_-_Logo-1.png\",\"contentUrl\":\"https:\/\/irenca.si\/wp-content\/uploads\/2024\/12\/IrenaHappyArt_-_Logo-1.png\",\"width\":777,\"height\":200,\"caption\":\"IrenaHappyArt\"},\"image\":{\"@id\":\"https:\/\/irenca.si\/#\/schema\/logo\/image\/\"},\"sameAs\":[\"https:\/\/www.facebook.com\/IrenaHappyArt\/\",\"https:\/\/x.com\/irenahappy\",\"https:\/\/www.instagram.com\/irena_plevnjak\",\"https:\/\/snipfeed.co\/irenahappyart\"]}]}<\/script>\n<!-- \/ Yoast SEO plugin. -->","yoast_head_json":{"title":"Roza zvezda \/ Pink Star - IrenaHappyArt","robots":{"index":"index","follow":"follow","max-snippet":"max-snippet:-1","max-image-preview":"max-image-preview:large","max-video-preview":"max-video-preview:-1"},"canonical":"https:\/\/irenca.si\/en\/trgovina\/zapestnice\/youre-a-pink-star\/","og_locale":"en_US","og_type":"article","og_title":"Roza zvezda \/ Pink Star - IrenaHappyArt","og_description":"Vsako zapestnico sem ro\u010dno spletla. Vsako nit in okrasek sem izbrala intuitivno. Vsaka mi je povedala svojo zgodbo in posebno sporo\u010dilo, katerega namen ima. Podrobnosti lahko vidite pod rubriko Opis. \ud83d\udc9c","og_url":"https:\/\/irenca.si\/en\/trgovina\/zapestnice\/youre-a-pink-star\/","og_site_name":"IrenaHappyArt","article_publisher":"https:\/\/www.facebook.com\/IrenaHappyArt\/","article_modified_time":"2025-01-30T12:20:56+00:00","og_image":[{"width":1000,"height":1000,"url":"https:\/\/irenca.si\/wp-content\/uploads\/2024\/12\/20241229_142213-rotated.jpg","type":"image\/jpeg"}],"twitter_card":"summary_large_image","twitter_site":"@irenahappy","twitter_misc":{"Est. reading time":"1 minute"},"schema":{"@context":"https:\/\/schema.org","@graph":[{"@type":"WebPage","@id":"https:\/\/irenca.si\/trgovina\/zapestnice\/youre-a-pink-star\/","url":"https:\/\/irenca.si\/trgovina\/zapestnice\/youre-a-pink-star\/","name":"Roza zvezda \/ Pink Star - IrenaHappyArt","isPartOf":{"@id":"https:\/\/irenca.si\/#website"},"primaryImageOfPage":{"@id":"https:\/\/irenca.si\/trgovina\/zapestnice\/youre-a-pink-star\/#primaryimage"},"image":{"@id":"https:\/\/irenca.si\/trgovina\/zapestnice\/youre-a-pink-star\/#primaryimage"},"thumbnailUrl":"https:\/\/irenca.si\/wp-content\/uploads\/2024\/12\/20241229_142213-rotated.jpg","datePublished":"2024-12-30T15:46:10+00:00","dateModified":"2025-01-30T12:20:56+00:00","breadcrumb":{"@id":"https:\/\/irenca.si\/trgovina\/zapestnice\/youre-a-pink-star\/#breadcrumb"},"inLanguage":"en-US","potentialAction":[{"@type":"ReadAction","target":["https:\/\/irenca.si\/trgovina\/zapestnice\/youre-a-pink-star\/"]}]},{"@type":"ImageObject","inLanguage":"en-US","@id":"https:\/\/irenca.si\/trgovina\/zapestnice\/youre-a-pink-star\/#primaryimage","url":"https:\/\/irenca.si\/wp-content\/uploads\/2024\/12\/20241229_142213-rotated.jpg","contentUrl":"https:\/\/irenca.si\/wp-content\/uploads\/2024\/12\/20241229_142213-rotated.jpg","width":1000,"height":1000},{"@type":"BreadcrumbList","@id":"https:\/\/irenca.si\/trgovina\/zapestnice\/youre-a-pink-star\/#breadcrumb","itemListElement":[{"@type":"ListItem","position":1,"name":"Home","item":"https:\/\/irenca.si\/"},{"@type":"ListItem","position":2,"name":"Trgovina","item":"https:\/\/irenca.si\/trgovina\/"},{"@type":"ListItem","position":3,"name":"Roza zvezda \/ Pink Star"}]},{"@type":"WebSite","@id":"https:\/\/irenca.si\/#website","url":"https:\/\/irenca.si\/","name":"Irenca.si","description":"Narejeno z ljubeznijo","publisher":{"@id":"https:\/\/irenca.si\/#organization"},"alternateName":"IrenaHappyArt","potentialAction":[{"@type":"SearchAction","target":{"@type":"EntryPoint","urlTemplate":"https:\/\/irenca.si\/?s={search_term_string}"},"query-input":{"@type":"PropertyValueSpecification","valueRequired":true,"valueName":"search_term_string"}}],"inLanguage":"en-US"},{"@type":"Organization","@id":"https:\/\/irenca.si\/#organization","name":"IrenaHappyArt","url":"https:\/\/irenca.si\/","logo":{"@type":"ImageObject","inLanguage":"en-US","@id":"https:\/\/irenca.si\/#\/schema\/logo\/image\/","url":"https:\/\/irenca.si\/wp-content\/uploads\/2024\/12\/IrenaHappyArt_-_Logo-1.png","contentUrl":"https:\/\/irenca.si\/wp-content\/uploads\/2024\/12\/IrenaHappyArt_-_Logo-1.png","width":777,"height":200,"caption":"IrenaHappyArt"},"image":{"@id":"https:\/\/irenca.si\/#\/schema\/logo\/image\/"},"sameAs":["https:\/\/www.facebook.com\/IrenaHappyArt\/","https:\/\/x.com\/irenahappy","https:\/\/www.instagram.com\/irena_plevnjak","https:\/\/snipfeed.co\/irenahappyart"]}]}},"_links":{"self":[{"href":"https:\/\/irenca.si\/en\/wp-json\/wp\/v2\/product\/4196","targetHints":{"allow":["GET"]}}],"collection":[{"href":"https:\/\/irenca.si\/en\/wp-json\/wp\/v2\/product"}],"about":[{"href":"https:\/\/irenca.si\/en\/wp-json\/wp\/v2\/types\/product"}],"replies":[{"embeddable":true,"href":"https:\/\/irenca.si\/en\/wp-json\/wp\/v2\/comments?post=4196"}],"wp:featuredmedia":[{"embeddable":true,"href":"https:\/\/irenca.si\/en\/wp-json\/wp\/v2\/media\/3986"}],"wp:attachment":[{"href":"https:\/\/irenca.si\/en\/wp-json\/wp\/v2\/media?parent=4196"}],"wp:term":[{"taxonomy":"product_brand","embeddable":true,"href":"https:\/\/irenca.si\/en\/wp-json\/wp\/v2\/product_brand?post=4196"},{"taxonomy":"product_cat","embeddable":true,"href":"https:\/\/irenca.si\/en\/wp-json\/wp\/v2\/product_cat?post=4196"},{"taxonomy":"product_tag","embeddable":true,"href":"https:\/\/irenca.si\/en\/wp-json\/wp\/v2\/product_tag?post=4196"}],"curies":[{"name":"wp","href":"https:\/\/api.w.org\/{rel}","templated":true}]}}