{"id":4189,"date":"2024-12-30T16:32:46","date_gmt":"2024-12-30T15:32:46","guid":{"rendered":"https:\/\/irenca.si\/?post_type=product&#038;p=4189"},"modified":"2025-02-23T15:50:43","modified_gmt":"2025-02-23T14:50:43","slug":"white-star","status":"publish","type":"product","link":"https:\/\/irenca.si\/en\/trgovina\/zapestnice\/white-star\/","title":{"rendered":"Zapestnica Nebe\u0161ka Snega\/Celestial Snow Bracelet"},"content":{"rendered":"<p>Ta ro\u010dno izdelana makrame zapestnica zdru\u017euje misti\u010dno mo\u010d modre in \u010diste energijo bele barve. Modra simbolizira intuicijo, duhovno modrost in za\u0161\u010dito, medtem ko bela prina\u0161a svetlobo, mir in \u010distost duha.<\/p>\n<p>Osrednja lesena krogla s sne\u017einko nosi energijo zimskih \u010darovnij, kristalne jasnosti in bo\u017eanske harmonije. \u0160tevilo pet, prisotno v kro\u017enih kroglicah, nosi simboliko preobrazbe, ravnovesja med zemeljskim in duhovnim svetom ter mo\u010di elementov.<\/p>\n<p>Nosite to zapestnico kot talisman, ki vas povezuje z nebe\u0161ko modrostjo, prina\u0161a duhovno jasnost in vas vodi skozi obdobja sprememb s spokojnostjo in notranjo mo\u010djo.<\/p>\n<p>This handmade macrame bracelet combines the mystical power of blue with the pure energy of white. Blue symbolizes intuition, spiritual wisdom, and protection, while white brings light, peace, and purity of spirit.<\/p>\n<p>The central wooden bead with a snowflake carries the energy of winter magic, crystal clarity, and divine harmony. The number five, present in the circular beads, represents transformation, balance between the earthly and spiritual realms, and the power of the elements.<\/p>\n<p>Wear this bracelet as a talisman that connects you to celestial wisdom, brings spiritual clarity, and guides you through times of change with serenity and inner strength.<\/p>","protected":false},"excerpt":{"rendered":"<p>I hand-wove each bracelet. I chose every thread and decoration intuitively. Each one told me its own story and a special message for which it is intended.<br \/>\nYou can see the details under the Description section. \ud83d\udc9c<\/p>","protected":false},"featured_media":4021,"comment_status":"open","ping_status":"closed","template":"","meta":{"_themeisle_gutenberg_block_has_review":false},"product_brand":[],"product_cat":[78],"product_tag":[],"class_list":{"0":"post-4189","1":"product","2":"type-product","3":"status-publish","4":"has-post-thumbnail","6":"product_cat-zapestnice","8":"first","9":"instock","10":"sold-individually","11":"shipping-taxable","12":"purchasable","13":"product-type-simple"},"yoast_head":"<!-- This site is optimized with the Yoast SEO plugin v26.6 - https:\/\/yoast.com\/wordpress\/plugins\/seo\/ -->\n<title>Zapestnica Nebe\u0161ka Snega\/Celestial Snow Bracelet - IrenaHappyArt<\/title>\n<meta name=\"robots\" content=\"index, follow, max-snippet:-1, max-image-preview:large, max-video-preview:-1\" \/>\n<link rel=\"canonical\" href=\"https:\/\/irenca.si\/en\/trgovina\/zapestnice\/white-star\/\" \/>\n<meta property=\"og:locale\" content=\"en_US\" \/>\n<meta property=\"og:type\" content=\"article\" \/>\n<meta property=\"og:title\" content=\"Zapestnica Nebe\u0161ka Snega\/Celestial Snow Bracelet - IrenaHappyArt\" \/>\n<meta property=\"og:description\" content=\"Vsako zapestnico sem ro\u010dno spletla. Vsako nit in okrasek sem izbrala intuitivno. Vsaka mi je povedala svojo zgodbo in posebno sporo\u010dilo, katerega namen ima. Podrobnosti lahko vidite pod rubriko Opis. \ud83d\udc9c\" \/>\n<meta property=\"og:url\" content=\"https:\/\/irenca.si\/en\/trgovina\/zapestnice\/white-star\/\" \/>\n<meta property=\"og:site_name\" content=\"IrenaHappyArt\" \/>\n<meta property=\"article:publisher\" content=\"https:\/\/www.facebook.com\/IrenaHappyArt\/\" \/>\n<meta property=\"article:modified_time\" content=\"2025-02-23T14:50:43+00:00\" \/>\n<meta property=\"og:image\" content=\"https:\/\/irenca.si\/wp-content\/uploads\/2024\/12\/20241229_143128-rotated.jpg\" \/>\n\t<meta property=\"og:image:width\" content=\"1000\" \/>\n\t<meta property=\"og:image:height\" content=\"1000\" \/>\n\t<meta property=\"og:image:type\" content=\"image\/jpeg\" \/>\n<meta name=\"twitter:card\" content=\"summary_large_image\" \/>\n<meta name=\"twitter:site\" content=\"@irenahappy\" \/>\n<meta name=\"twitter:label1\" content=\"Est. reading time\" \/>\n\t<meta name=\"twitter:data1\" content=\"1 minute\" \/>\n<script type=\"application\/ld+json\" class=\"yoast-schema-graph\">{\"@context\":\"https:\/\/schema.org\",\"@graph\":[{\"@type\":\"WebPage\",\"@id\":\"https:\/\/irenca.si\/trgovina\/zapestnice\/white-star\/\",\"url\":\"https:\/\/irenca.si\/trgovina\/zapestnice\/white-star\/\",\"name\":\"Zapestnica Nebe\u0161ka Snega\/Celestial Snow Bracelet - IrenaHappyArt\",\"isPartOf\":{\"@id\":\"https:\/\/irenca.si\/#website\"},\"primaryImageOfPage\":{\"@id\":\"https:\/\/irenca.si\/trgovina\/zapestnice\/white-star\/#primaryimage\"},\"image\":{\"@id\":\"https:\/\/irenca.si\/trgovina\/zapestnice\/white-star\/#primaryimage\"},\"thumbnailUrl\":\"https:\/\/irenca.si\/wp-content\/uploads\/2024\/12\/20241229_143128-rotated.jpg\",\"datePublished\":\"2024-12-30T15:32:46+00:00\",\"dateModified\":\"2025-02-23T14:50:43+00:00\",\"breadcrumb\":{\"@id\":\"https:\/\/irenca.si\/trgovina\/zapestnice\/white-star\/#breadcrumb\"},\"inLanguage\":\"en-US\",\"potentialAction\":[{\"@type\":\"ReadAction\",\"target\":[\"https:\/\/irenca.si\/trgovina\/zapestnice\/white-star\/\"]}]},{\"@type\":\"ImageObject\",\"inLanguage\":\"en-US\",\"@id\":\"https:\/\/irenca.si\/trgovina\/zapestnice\/white-star\/#primaryimage\",\"url\":\"https:\/\/irenca.si\/wp-content\/uploads\/2024\/12\/20241229_143128-rotated.jpg\",\"contentUrl\":\"https:\/\/irenca.si\/wp-content\/uploads\/2024\/12\/20241229_143128-rotated.jpg\",\"width\":1000,\"height\":1000},{\"@type\":\"BreadcrumbList\",\"@id\":\"https:\/\/irenca.si\/trgovina\/zapestnice\/white-star\/#breadcrumb\",\"itemListElement\":[{\"@type\":\"ListItem\",\"position\":1,\"name\":\"Home\",\"item\":\"https:\/\/irenca.si\/\"},{\"@type\":\"ListItem\",\"position\":2,\"name\":\"Trgovina\",\"item\":\"https:\/\/irenca.si\/trgovina\/\"},{\"@type\":\"ListItem\",\"position\":3,\"name\":\"Zapestnica Nebe\u0161ka Snega\/Celestial Snow Bracelet\"}]},{\"@type\":\"WebSite\",\"@id\":\"https:\/\/irenca.si\/#website\",\"url\":\"https:\/\/irenca.si\/\",\"name\":\"Irenca.si\",\"description\":\"Narejeno z ljubeznijo\",\"publisher\":{\"@id\":\"https:\/\/irenca.si\/#organization\"},\"alternateName\":\"IrenaHappyArt\",\"potentialAction\":[{\"@type\":\"SearchAction\",\"target\":{\"@type\":\"EntryPoint\",\"urlTemplate\":\"https:\/\/irenca.si\/?s={search_term_string}\"},\"query-input\":{\"@type\":\"PropertyValueSpecification\",\"valueRequired\":true,\"valueName\":\"search_term_string\"}}],\"inLanguage\":\"en-US\"},{\"@type\":\"Organization\",\"@id\":\"https:\/\/irenca.si\/#organization\",\"name\":\"IrenaHappyArt\",\"url\":\"https:\/\/irenca.si\/\",\"logo\":{\"@type\":\"ImageObject\",\"inLanguage\":\"en-US\",\"@id\":\"https:\/\/irenca.si\/#\/schema\/logo\/image\/\",\"url\":\"https:\/\/irenca.si\/wp-content\/uploads\/2024\/12\/IrenaHappyArt_-_Logo-1.png\",\"contentUrl\":\"https:\/\/irenca.si\/wp-content\/uploads\/2024\/12\/IrenaHappyArt_-_Logo-1.png\",\"width\":777,\"height\":200,\"caption\":\"IrenaHappyArt\"},\"image\":{\"@id\":\"https:\/\/irenca.si\/#\/schema\/logo\/image\/\"},\"sameAs\":[\"https:\/\/www.facebook.com\/IrenaHappyArt\/\",\"https:\/\/x.com\/irenahappy\",\"https:\/\/www.instagram.com\/irena_plevnjak\",\"https:\/\/snipfeed.co\/irenahappyart\"]}]}<\/script>\n<!-- \/ Yoast SEO plugin. -->","yoast_head_json":{"title":"Zapestnica Nebe\u0161ka Snega\/Celestial Snow Bracelet - IrenaHappyArt","robots":{"index":"index","follow":"follow","max-snippet":"max-snippet:-1","max-image-preview":"max-image-preview:large","max-video-preview":"max-video-preview:-1"},"canonical":"https:\/\/irenca.si\/en\/trgovina\/zapestnice\/white-star\/","og_locale":"en_US","og_type":"article","og_title":"Zapestnica Nebe\u0161ka Snega\/Celestial Snow Bracelet - IrenaHappyArt","og_description":"Vsako zapestnico sem ro\u010dno spletla. Vsako nit in okrasek sem izbrala intuitivno. Vsaka mi je povedala svojo zgodbo in posebno sporo\u010dilo, katerega namen ima. Podrobnosti lahko vidite pod rubriko Opis. \ud83d\udc9c","og_url":"https:\/\/irenca.si\/en\/trgovina\/zapestnice\/white-star\/","og_site_name":"IrenaHappyArt","article_publisher":"https:\/\/www.facebook.com\/IrenaHappyArt\/","article_modified_time":"2025-02-23T14:50:43+00:00","og_image":[{"width":1000,"height":1000,"url":"https:\/\/irenca.si\/wp-content\/uploads\/2024\/12\/20241229_143128-rotated.jpg","type":"image\/jpeg"}],"twitter_card":"summary_large_image","twitter_site":"@irenahappy","twitter_misc":{"Est. reading time":"1 minute"},"schema":{"@context":"https:\/\/schema.org","@graph":[{"@type":"WebPage","@id":"https:\/\/irenca.si\/trgovina\/zapestnice\/white-star\/","url":"https:\/\/irenca.si\/trgovina\/zapestnice\/white-star\/","name":"Zapestnica Nebe\u0161ka Snega\/Celestial Snow Bracelet - IrenaHappyArt","isPartOf":{"@id":"https:\/\/irenca.si\/#website"},"primaryImageOfPage":{"@id":"https:\/\/irenca.si\/trgovina\/zapestnice\/white-star\/#primaryimage"},"image":{"@id":"https:\/\/irenca.si\/trgovina\/zapestnice\/white-star\/#primaryimage"},"thumbnailUrl":"https:\/\/irenca.si\/wp-content\/uploads\/2024\/12\/20241229_143128-rotated.jpg","datePublished":"2024-12-30T15:32:46+00:00","dateModified":"2025-02-23T14:50:43+00:00","breadcrumb":{"@id":"https:\/\/irenca.si\/trgovina\/zapestnice\/white-star\/#breadcrumb"},"inLanguage":"en-US","potentialAction":[{"@type":"ReadAction","target":["https:\/\/irenca.si\/trgovina\/zapestnice\/white-star\/"]}]},{"@type":"ImageObject","inLanguage":"en-US","@id":"https:\/\/irenca.si\/trgovina\/zapestnice\/white-star\/#primaryimage","url":"https:\/\/irenca.si\/wp-content\/uploads\/2024\/12\/20241229_143128-rotated.jpg","contentUrl":"https:\/\/irenca.si\/wp-content\/uploads\/2024\/12\/20241229_143128-rotated.jpg","width":1000,"height":1000},{"@type":"BreadcrumbList","@id":"https:\/\/irenca.si\/trgovina\/zapestnice\/white-star\/#breadcrumb","itemListElement":[{"@type":"ListItem","position":1,"name":"Home","item":"https:\/\/irenca.si\/"},{"@type":"ListItem","position":2,"name":"Trgovina","item":"https:\/\/irenca.si\/trgovina\/"},{"@type":"ListItem","position":3,"name":"Zapestnica Nebe\u0161ka Snega\/Celestial Snow Bracelet"}]},{"@type":"WebSite","@id":"https:\/\/irenca.si\/#website","url":"https:\/\/irenca.si\/","name":"Irenca.si","description":"Narejeno z ljubeznijo","publisher":{"@id":"https:\/\/irenca.si\/#organization"},"alternateName":"IrenaHappyArt","potentialAction":[{"@type":"SearchAction","target":{"@type":"EntryPoint","urlTemplate":"https:\/\/irenca.si\/?s={search_term_string}"},"query-input":{"@type":"PropertyValueSpecification","valueRequired":true,"valueName":"search_term_string"}}],"inLanguage":"en-US"},{"@type":"Organization","@id":"https:\/\/irenca.si\/#organization","name":"IrenaHappyArt","url":"https:\/\/irenca.si\/","logo":{"@type":"ImageObject","inLanguage":"en-US","@id":"https:\/\/irenca.si\/#\/schema\/logo\/image\/","url":"https:\/\/irenca.si\/wp-content\/uploads\/2024\/12\/IrenaHappyArt_-_Logo-1.png","contentUrl":"https:\/\/irenca.si\/wp-content\/uploads\/2024\/12\/IrenaHappyArt_-_Logo-1.png","width":777,"height":200,"caption":"IrenaHappyArt"},"image":{"@id":"https:\/\/irenca.si\/#\/schema\/logo\/image\/"},"sameAs":["https:\/\/www.facebook.com\/IrenaHappyArt\/","https:\/\/x.com\/irenahappy","https:\/\/www.instagram.com\/irena_plevnjak","https:\/\/snipfeed.co\/irenahappyart"]}]}},"_links":{"self":[{"href":"https:\/\/irenca.si\/en\/wp-json\/wp\/v2\/product\/4189","targetHints":{"allow":["GET"]}}],"collection":[{"href":"https:\/\/irenca.si\/en\/wp-json\/wp\/v2\/product"}],"about":[{"href":"https:\/\/irenca.si\/en\/wp-json\/wp\/v2\/types\/product"}],"replies":[{"embeddable":true,"href":"https:\/\/irenca.si\/en\/wp-json\/wp\/v2\/comments?post=4189"}],"wp:featuredmedia":[{"embeddable":true,"href":"https:\/\/irenca.si\/en\/wp-json\/wp\/v2\/media\/4021"}],"wp:attachment":[{"href":"https:\/\/irenca.si\/en\/wp-json\/wp\/v2\/media?parent=4189"}],"wp:term":[{"taxonomy":"product_brand","embeddable":true,"href":"https:\/\/irenca.si\/en\/wp-json\/wp\/v2\/product_brand?post=4189"},{"taxonomy":"product_cat","embeddable":true,"href":"https:\/\/irenca.si\/en\/wp-json\/wp\/v2\/product_cat?post=4189"},{"taxonomy":"product_tag","embeddable":true,"href":"https:\/\/irenca.si\/en\/wp-json\/wp\/v2\/product_tag?post=4189"}],"curies":[{"name":"wp","href":"https:\/\/api.w.org\/{rel}","templated":true}]}}