{"id":4172,"date":"2024-12-30T16:06:36","date_gmt":"2024-12-30T15:06:36","guid":{"rendered":"https:\/\/irenca.si\/?post_type=product&#038;p=4172"},"modified":"2025-02-06T13:02:23","modified_gmt":"2025-02-06T12:02:23","slug":"blue-smile-copy","status":"publish","type":"product","link":"https:\/\/irenca.si\/en\/trgovina\/zapestnice\/blue-smile-copy\/","title":{"rendered":"Korenine in Nebo\/Roots and Sky"},"content":{"rendered":"<p>Ta makrame zapestnica je izdelana z mo\u010dnimi barvami, ki nosijo globok pomen in simboliko. \u010crna barva simbolizira mo\u010d, za\u0161\u010dito in stabilnost. Predstavlja temno, skrivnostno energijo, ki vas varuje pred negativnimi vplivi in vas vodi na poti notranje mo\u010di. Neon oran\u017ena barva je barva ustvarjalnosti in strasti, prina\u0161a energijo, optimizem in zagon. Spodbuja va\u0161o notranjo energijo, da se osredoto\u010dite na dosego ciljev in izra\u017eanje svoje edinstvenosti. Modra barva pomeni mirnost, ravnote\u017eje in modrost. Je barva duhovnosti in du\u0161e, ki vas povezuje z va\u0161o intuicijo ter spodbuja mirno in jasnovidno naravo. Rjava barva nas povezuje z zemljo in naravo, nudi ob\u010dutek varnosti, stabilnosti in prizemljenosti. Pomaga najti notranjo ravnote\u017eje ter vas spominja na va\u0161e korenine in preteklost.<\/p>\n<p>This macrame bracelet is crafted with powerful colors, each carrying deep meaning and symbolism. Black represents strength, protection, and stability. It embodies dark, mysterious energy that shields you from negative influences and guides you on your path of inner power. Neon orange is the color of creativity and passion, bringing energy, optimism, and drive. It stimulates your inner energy to focus on achieving your goals and expressing your uniqueness. Blue symbolizes calm, balance, and wisdom. It is the color of spirituality and the soul, connecting you with your intuition and promoting peaceful and clear insight. Brown is the color that connects us to the earth and nature, offering a sense of security, stability, and grounding. It helps find inner balance and reminds you of your roots and past.<\/p>","protected":false},"excerpt":{"rendered":"<p>I hand-wove each bracelet. I chose every thread and decoration intuitively. Each one told me its own story and a special message for which it is intended.<br \/>\nYou can see the details under the Description section. \ud83d\udc9c<\/p>","protected":false},"featured_media":4101,"comment_status":"open","ping_status":"closed","template":"","meta":{"_themeisle_gutenberg_block_has_review":false},"product_brand":[],"product_cat":[78],"product_tag":[],"class_list":{"0":"post-4172","1":"product","2":"type-product","3":"status-publish","4":"has-post-thumbnail","6":"product_cat-zapestnice","8":"first","9":"instock","10":"sold-individually","11":"shipping-taxable","12":"purchasable","13":"product-type-simple"},"yoast_head":"<!-- This site is optimized with the Yoast SEO plugin v26.6 - https:\/\/yoast.com\/wordpress\/plugins\/seo\/ -->\n<title>Korenine in Nebo\/Roots and Sky - IrenaHappyArt<\/title>\n<meta name=\"robots\" content=\"index, follow, max-snippet:-1, max-image-preview:large, max-video-preview:-1\" \/>\n<link rel=\"canonical\" href=\"https:\/\/irenca.si\/en\/trgovina\/zapestnice\/blue-smile-copy\/\" \/>\n<meta property=\"og:locale\" content=\"en_US\" \/>\n<meta property=\"og:type\" content=\"article\" \/>\n<meta property=\"og:title\" content=\"Korenine in Nebo\/Roots and Sky - IrenaHappyArt\" \/>\n<meta property=\"og:description\" content=\"Vsako zapestnico sem ro\u010dno spletla. Vsako nit in okrasek sem izbrala intuitivno. Vsaka mi je povedala svojo zgodbo in posebno sporo\u010dilo, katerega namen ima. Podrobnosti lahko vidite pod rubriko Opis. \ud83d\udc9c\" \/>\n<meta property=\"og:url\" content=\"https:\/\/irenca.si\/en\/trgovina\/zapestnice\/blue-smile-copy\/\" \/>\n<meta property=\"og:site_name\" content=\"IrenaHappyArt\" \/>\n<meta property=\"article:publisher\" content=\"https:\/\/www.facebook.com\/IrenaHappyArt\/\" \/>\n<meta property=\"article:modified_time\" content=\"2025-02-06T12:02:23+00:00\" \/>\n<meta property=\"og:image\" content=\"https:\/\/irenca.si\/wp-content\/uploads\/2024\/12\/20241229_145810-rotated.jpg\" \/>\n\t<meta property=\"og:image:width\" content=\"1000\" \/>\n\t<meta property=\"og:image:height\" content=\"1000\" \/>\n\t<meta property=\"og:image:type\" content=\"image\/jpeg\" \/>\n<meta name=\"twitter:card\" content=\"summary_large_image\" \/>\n<meta name=\"twitter:site\" content=\"@irenahappy\" \/>\n<meta name=\"twitter:label1\" content=\"Est. reading time\" \/>\n\t<meta name=\"twitter:data1\" content=\"1 minute\" \/>\n<script type=\"application\/ld+json\" class=\"yoast-schema-graph\">{\"@context\":\"https:\/\/schema.org\",\"@graph\":[{\"@type\":\"WebPage\",\"@id\":\"https:\/\/irenca.si\/trgovina\/zapestnice\/blue-smile-copy\/\",\"url\":\"https:\/\/irenca.si\/trgovina\/zapestnice\/blue-smile-copy\/\",\"name\":\"Korenine in Nebo\/Roots and Sky - IrenaHappyArt\",\"isPartOf\":{\"@id\":\"https:\/\/irenca.si\/#website\"},\"primaryImageOfPage\":{\"@id\":\"https:\/\/irenca.si\/trgovina\/zapestnice\/blue-smile-copy\/#primaryimage\"},\"image\":{\"@id\":\"https:\/\/irenca.si\/trgovina\/zapestnice\/blue-smile-copy\/#primaryimage\"},\"thumbnailUrl\":\"https:\/\/irenca.si\/wp-content\/uploads\/2024\/12\/20241229_145810-rotated.jpg\",\"datePublished\":\"2024-12-30T15:06:36+00:00\",\"dateModified\":\"2025-02-06T12:02:23+00:00\",\"breadcrumb\":{\"@id\":\"https:\/\/irenca.si\/trgovina\/zapestnice\/blue-smile-copy\/#breadcrumb\"},\"inLanguage\":\"en-US\",\"potentialAction\":[{\"@type\":\"ReadAction\",\"target\":[\"https:\/\/irenca.si\/trgovina\/zapestnice\/blue-smile-copy\/\"]}]},{\"@type\":\"ImageObject\",\"inLanguage\":\"en-US\",\"@id\":\"https:\/\/irenca.si\/trgovina\/zapestnice\/blue-smile-copy\/#primaryimage\",\"url\":\"https:\/\/irenca.si\/wp-content\/uploads\/2024\/12\/20241229_145810-rotated.jpg\",\"contentUrl\":\"https:\/\/irenca.si\/wp-content\/uploads\/2024\/12\/20241229_145810-rotated.jpg\",\"width\":1000,\"height\":1000},{\"@type\":\"BreadcrumbList\",\"@id\":\"https:\/\/irenca.si\/trgovina\/zapestnice\/blue-smile-copy\/#breadcrumb\",\"itemListElement\":[{\"@type\":\"ListItem\",\"position\":1,\"name\":\"Home\",\"item\":\"https:\/\/irenca.si\/\"},{\"@type\":\"ListItem\",\"position\":2,\"name\":\"Trgovina\",\"item\":\"https:\/\/irenca.si\/trgovina\/\"},{\"@type\":\"ListItem\",\"position\":3,\"name\":\"Korenine in Nebo\/Roots and Sky\"}]},{\"@type\":\"WebSite\",\"@id\":\"https:\/\/irenca.si\/#website\",\"url\":\"https:\/\/irenca.si\/\",\"name\":\"Irenca.si\",\"description\":\"Narejeno z ljubeznijo\",\"publisher\":{\"@id\":\"https:\/\/irenca.si\/#organization\"},\"alternateName\":\"IrenaHappyArt\",\"potentialAction\":[{\"@type\":\"SearchAction\",\"target\":{\"@type\":\"EntryPoint\",\"urlTemplate\":\"https:\/\/irenca.si\/?s={search_term_string}\"},\"query-input\":{\"@type\":\"PropertyValueSpecification\",\"valueRequired\":true,\"valueName\":\"search_term_string\"}}],\"inLanguage\":\"en-US\"},{\"@type\":\"Organization\",\"@id\":\"https:\/\/irenca.si\/#organization\",\"name\":\"IrenaHappyArt\",\"url\":\"https:\/\/irenca.si\/\",\"logo\":{\"@type\":\"ImageObject\",\"inLanguage\":\"en-US\",\"@id\":\"https:\/\/irenca.si\/#\/schema\/logo\/image\/\",\"url\":\"https:\/\/irenca.si\/wp-content\/uploads\/2024\/12\/IrenaHappyArt_-_Logo-1.png\",\"contentUrl\":\"https:\/\/irenca.si\/wp-content\/uploads\/2024\/12\/IrenaHappyArt_-_Logo-1.png\",\"width\":777,\"height\":200,\"caption\":\"IrenaHappyArt\"},\"image\":{\"@id\":\"https:\/\/irenca.si\/#\/schema\/logo\/image\/\"},\"sameAs\":[\"https:\/\/www.facebook.com\/IrenaHappyArt\/\",\"https:\/\/x.com\/irenahappy\",\"https:\/\/www.instagram.com\/irena_plevnjak\",\"https:\/\/snipfeed.co\/irenahappyart\"]}]}<\/script>\n<!-- \/ Yoast SEO plugin. -->","yoast_head_json":{"title":"Korenine in Nebo\/Roots and Sky - IrenaHappyArt","robots":{"index":"index","follow":"follow","max-snippet":"max-snippet:-1","max-image-preview":"max-image-preview:large","max-video-preview":"max-video-preview:-1"},"canonical":"https:\/\/irenca.si\/en\/trgovina\/zapestnice\/blue-smile-copy\/","og_locale":"en_US","og_type":"article","og_title":"Korenine in Nebo\/Roots and Sky - IrenaHappyArt","og_description":"Vsako zapestnico sem ro\u010dno spletla. Vsako nit in okrasek sem izbrala intuitivno. Vsaka mi je povedala svojo zgodbo in posebno sporo\u010dilo, katerega namen ima. Podrobnosti lahko vidite pod rubriko Opis. \ud83d\udc9c","og_url":"https:\/\/irenca.si\/en\/trgovina\/zapestnice\/blue-smile-copy\/","og_site_name":"IrenaHappyArt","article_publisher":"https:\/\/www.facebook.com\/IrenaHappyArt\/","article_modified_time":"2025-02-06T12:02:23+00:00","og_image":[{"width":1000,"height":1000,"url":"https:\/\/irenca.si\/wp-content\/uploads\/2024\/12\/20241229_145810-rotated.jpg","type":"image\/jpeg"}],"twitter_card":"summary_large_image","twitter_site":"@irenahappy","twitter_misc":{"Est. reading time":"1 minute"},"schema":{"@context":"https:\/\/schema.org","@graph":[{"@type":"WebPage","@id":"https:\/\/irenca.si\/trgovina\/zapestnice\/blue-smile-copy\/","url":"https:\/\/irenca.si\/trgovina\/zapestnice\/blue-smile-copy\/","name":"Korenine in Nebo\/Roots and Sky - IrenaHappyArt","isPartOf":{"@id":"https:\/\/irenca.si\/#website"},"primaryImageOfPage":{"@id":"https:\/\/irenca.si\/trgovina\/zapestnice\/blue-smile-copy\/#primaryimage"},"image":{"@id":"https:\/\/irenca.si\/trgovina\/zapestnice\/blue-smile-copy\/#primaryimage"},"thumbnailUrl":"https:\/\/irenca.si\/wp-content\/uploads\/2024\/12\/20241229_145810-rotated.jpg","datePublished":"2024-12-30T15:06:36+00:00","dateModified":"2025-02-06T12:02:23+00:00","breadcrumb":{"@id":"https:\/\/irenca.si\/trgovina\/zapestnice\/blue-smile-copy\/#breadcrumb"},"inLanguage":"en-US","potentialAction":[{"@type":"ReadAction","target":["https:\/\/irenca.si\/trgovina\/zapestnice\/blue-smile-copy\/"]}]},{"@type":"ImageObject","inLanguage":"en-US","@id":"https:\/\/irenca.si\/trgovina\/zapestnice\/blue-smile-copy\/#primaryimage","url":"https:\/\/irenca.si\/wp-content\/uploads\/2024\/12\/20241229_145810-rotated.jpg","contentUrl":"https:\/\/irenca.si\/wp-content\/uploads\/2024\/12\/20241229_145810-rotated.jpg","width":1000,"height":1000},{"@type":"BreadcrumbList","@id":"https:\/\/irenca.si\/trgovina\/zapestnice\/blue-smile-copy\/#breadcrumb","itemListElement":[{"@type":"ListItem","position":1,"name":"Home","item":"https:\/\/irenca.si\/"},{"@type":"ListItem","position":2,"name":"Trgovina","item":"https:\/\/irenca.si\/trgovina\/"},{"@type":"ListItem","position":3,"name":"Korenine in Nebo\/Roots and Sky"}]},{"@type":"WebSite","@id":"https:\/\/irenca.si\/#website","url":"https:\/\/irenca.si\/","name":"Irenca.si","description":"Narejeno z ljubeznijo","publisher":{"@id":"https:\/\/irenca.si\/#organization"},"alternateName":"IrenaHappyArt","potentialAction":[{"@type":"SearchAction","target":{"@type":"EntryPoint","urlTemplate":"https:\/\/irenca.si\/?s={search_term_string}"},"query-input":{"@type":"PropertyValueSpecification","valueRequired":true,"valueName":"search_term_string"}}],"inLanguage":"en-US"},{"@type":"Organization","@id":"https:\/\/irenca.si\/#organization","name":"IrenaHappyArt","url":"https:\/\/irenca.si\/","logo":{"@type":"ImageObject","inLanguage":"en-US","@id":"https:\/\/irenca.si\/#\/schema\/logo\/image\/","url":"https:\/\/irenca.si\/wp-content\/uploads\/2024\/12\/IrenaHappyArt_-_Logo-1.png","contentUrl":"https:\/\/irenca.si\/wp-content\/uploads\/2024\/12\/IrenaHappyArt_-_Logo-1.png","width":777,"height":200,"caption":"IrenaHappyArt"},"image":{"@id":"https:\/\/irenca.si\/#\/schema\/logo\/image\/"},"sameAs":["https:\/\/www.facebook.com\/IrenaHappyArt\/","https:\/\/x.com\/irenahappy","https:\/\/www.instagram.com\/irena_plevnjak","https:\/\/snipfeed.co\/irenahappyart"]}]}},"_links":{"self":[{"href":"https:\/\/irenca.si\/en\/wp-json\/wp\/v2\/product\/4172","targetHints":{"allow":["GET"]}}],"collection":[{"href":"https:\/\/irenca.si\/en\/wp-json\/wp\/v2\/product"}],"about":[{"href":"https:\/\/irenca.si\/en\/wp-json\/wp\/v2\/types\/product"}],"replies":[{"embeddable":true,"href":"https:\/\/irenca.si\/en\/wp-json\/wp\/v2\/comments?post=4172"}],"wp:featuredmedia":[{"embeddable":true,"href":"https:\/\/irenca.si\/en\/wp-json\/wp\/v2\/media\/4101"}],"wp:attachment":[{"href":"https:\/\/irenca.si\/en\/wp-json\/wp\/v2\/media?parent=4172"}],"wp:term":[{"taxonomy":"product_brand","embeddable":true,"href":"https:\/\/irenca.si\/en\/wp-json\/wp\/v2\/product_brand?post=4172"},{"taxonomy":"product_cat","embeddable":true,"href":"https:\/\/irenca.si\/en\/wp-json\/wp\/v2\/product_cat?post=4172"},{"taxonomy":"product_tag","embeddable":true,"href":"https:\/\/irenca.si\/en\/wp-json\/wp\/v2\/product_tag?post=4172"}],"curies":[{"name":"wp","href":"https:\/\/api.w.org\/{rel}","templated":true}]}}