{"id":350,"date":"2018-10-24T03:01:46","date_gmt":"2018-10-24T03:01:46","guid":{"rendered":"https:\/\/learts.thememove.com\/?page_id=350"},"modified":"2025-08-09T12:33:52","modified_gmt":"2025-08-09T11:33:52","slug":"o-meni","status":"publish","type":"page","link":"https:\/\/irenca.si\/en\/o-meni\/","title":{"rendered":"About Me"},"content":{"rendered":"<div class=\"wpb-content-wrapper\"><div class=\"vc_row wpb_row row\"><div class=\"wpb_column vc_column_container col-sm-8\"><div class=\"vc_column-inner\"><div class=\"wpb_wrapper\"><div style=\"font-size: 40px;color: #333333;line-height: 56px;text-align: left;font-family:Marcellus;font-weight:400;font-style:normal\" class=\"vc_custom_heading vc_custom_1740209298761\" >Welcome to My Creative World \ud83c\udf1e<\/div>\n\t<div class=\"wpb_text_column wpb_content_element\" >\n\t\t<div class=\"wpb_wrapper\">\n\t\t\t<p><span style=\"font-size: 18px;\">Hi, I\u2019m Irena \u2013 the hands, heart, and soul behind this shop. \ud83e\ude77<\/span><\/p>\n<p>&nbsp;<\/p>\n<p><span style=\"font-size: 18px;\">I create not just with tools, but with presence. With breath. With love. Every piece is born from the quiet moments of tea, incense, soft music, and a heart full of vision.<\/span><\/p>\n<p>&nbsp;<\/p>\n<p><span style=\"font-size: 18px;\">Art is not a hobby for me\u2014it is my way of listening to the world and speaking back through beauty. \ud83d\udc9a<\/span><\/p>\n<p>&nbsp;<\/p>\n<p><span style=\"font-size: 18px;\">In my little sacred studio corner, I craft:<\/span><br \/>\n<span style=\"font-size: 18px;\">- handmade bags sewn with love,<\/span><br \/>\n<span style=\"font-size: 18px;\">nature-inspired bracelets and necklaces,<\/span><br \/>\n<span style=\"font-size: 18px;\">- oracle cards, paintings and a few hidden treasure.<\/span><\/p>\n<p>&nbsp;<\/p>\n<p><span style=\"font-size: 18px;\">I believe handmade items carry spirit. They are not mass-produced. They are born of energy, intention, and soul memory. \n\n\nIf something calls you, don\u2019t ignore it. Sometimes an object is more than a gift\u2014it is a message. \u2764\ufe0f<\/span><\/p>\n<p>&nbsp;<\/p>\n<p><span style=\"font-size: 18px;\">Thank you for being here. Thank you for supporting soulful creation. \ud83d\udcab<\/span><\/p>\n<p>&nbsp;<\/p>\n<p><span style=\"font-size: 18px;\">\ud83c\udf3f May what you find here bless your life in quiet and beautiful ways.<\/span><\/p>\n\n\t\t<\/div>\n\t<\/div>\n<\/div><\/div><\/div><div class=\"wpb_column vc_column_container col-sm-4\"><div class=\"vc_column-inner\"><div class=\"wpb_wrapper\">\n<div class=\"tm-shortcode learts-space\" id=\"learts-space-1\"><\/div>\n\n\t<div  class=\"wpb_single_image wpb_content_element vc_align_center\">\n\t\t\n\t\t<figure class=\"wpb_wrapper vc_figure\">\n\t\t\t<div class=\"vc_single_image-wrapper   vc_box_border_grey\"><img decoding=\"async\" width=\"1079\" height=\"808\" data-src=\"https:\/\/irenca.si\/wp-content\/uploads\/2025\/02\/irenca-4.jpg\" class=\"vc_single_image-img attachment-full lazyload\" alt=\"\" title=\"irenca-4\" data-srcset=\"https:\/\/irenca.si\/wp-content\/uploads\/2025\/02\/irenca-4.jpg 1079w, https:\/\/irenca.si\/wp-content\/uploads\/2025\/02\/irenca-4-300x225.jpg 300w, https:\/\/irenca.si\/wp-content\/uploads\/2025\/02\/irenca-4-1024x767.jpg 1024w, https:\/\/irenca.si\/wp-content\/uploads\/2025\/02\/irenca-4-768x575.jpg 768w, https:\/\/irenca.si\/wp-content\/uploads\/2025\/02\/irenca-4-540x404.jpg 540w\" data-sizes=\"(max-width: 1079px) 100vw, 1079px\" src=\"data:image\/svg+xml;base64,PHN2ZyB3aWR0aD0iMSIgaGVpZ2h0PSIxIiB4bWxucz0iaHR0cDovL3d3dy53My5vcmcvMjAwMC9zdmciPjwvc3ZnPg==\" style=\"--smush-placeholder-width: 1079px; --smush-placeholder-aspect-ratio: 1079\/808;\" \/><\/div>\n\t\t<\/figure>\n\t<\/div>\n\n\t<div  class=\"wpb_single_image wpb_content_element vc_align_center\">\n\t\t\n\t\t<figure class=\"wpb_wrapper vc_figure\">\n\t\t\t<div class=\"vc_single_image-wrapper   vc_box_border_grey\"><img decoding=\"async\" width=\"962\" height=\"1280\" data-src=\"https:\/\/irenca.si\/wp-content\/uploads\/2025\/02\/irenca-2.jpg\" class=\"vc_single_image-img attachment-full lazyload\" alt=\"\" title=\"irenca-2\" data-srcset=\"https:\/\/irenca.si\/wp-content\/uploads\/2025\/02\/irenca-2.jpg 962w, https:\/\/irenca.si\/wp-content\/uploads\/2025\/02\/irenca-2-225x300.jpg 225w, https:\/\/irenca.si\/wp-content\/uploads\/2025\/02\/irenca-2-770x1024.jpg 770w, https:\/\/irenca.si\/wp-content\/uploads\/2025\/02\/irenca-2-768x1022.jpg 768w, https:\/\/irenca.si\/wp-content\/uploads\/2025\/02\/irenca-2-540x719.jpg 540w\" data-sizes=\"(max-width: 962px) 100vw, 962px\" src=\"data:image\/svg+xml;base64,PHN2ZyB3aWR0aD0iMSIgaGVpZ2h0PSIxIiB4bWxucz0iaHR0cDovL3d3dy53My5vcmcvMjAwMC9zdmciPjwvc3ZnPg==\" style=\"--smush-placeholder-width: 962px; --smush-placeholder-aspect-ratio: 962\/1280;\" \/><\/div>\n\t\t<\/figure>\n\t<\/div>\n<\/div><\/div><\/div><\/div><div class=\"vc_row wpb_row row\"><div class=\"wpb_column vc_column_container col-sm-12\"><div class=\"vc_column-inner vc_custom_1540354247369\"><div class=\"wpb_wrapper\">\n<div class=\"tm-shortcode learts-space\" id=\"learts-space-2\"><\/div>\n<\/div><\/div><\/div><\/div>\n<\/div>","protected":false},"excerpt":{"rendered":"Dobrodo\u0161li v mojem ustvarjalnem svetu \ud83c\udf1e \u017divjo! Sem Irena, du\u0161a in srce te trgovinice.&nbsp;\ud83e\ude77 &nbsp; Ustvarjam iz rok, iz srca, in iz tiste tihe notranje sile, ki me kli\u010de k lepoti, miru in izra\u017eanju. Risanje, slikanje, \u0161ivanje, izdelovanje zapestnic \u2013 vse to ni zame le hobi. To je moj ritual. Moj stik z notranjim svetom [...]","protected":false},"author":1,"featured_media":0,"parent":0,"menu_order":0,"comment_status":"closed","ping_status":"closed","template":"","meta":{"_themeisle_gutenberg_block_has_review":false,"footnotes":""},"class_list":["post-350","page","type-page","status-publish","hentry"],"yoast_head":"<!-- This site is optimized with the Yoast SEO plugin v26.6 - https:\/\/yoast.com\/wordpress\/plugins\/seo\/ -->\n<title>O Meni - IrenaHappyArt<\/title>\n<meta name=\"description\" content=\"Sem Irena \u2013 ustvarjam ro\u010dno izdelane unikatne izdelke, pre\u017eete z ljubeznijo, strastjo in spo\u0161tovanjem do lepote.\" \/>\n<meta name=\"robots\" content=\"index, follow, max-snippet:-1, max-image-preview:large, max-video-preview:-1\" \/>\n<link rel=\"canonical\" href=\"https:\/\/irenca.si\/en\/o-meni\/\" \/>\n<meta property=\"og:locale\" content=\"en_US\" \/>\n<meta property=\"og:type\" content=\"article\" \/>\n<meta property=\"og:title\" content=\"O Meni - IrenaHappyArt\" \/>\n<meta property=\"og:description\" content=\"Sem Irena \u2013 ustvarjam ro\u010dno izdelane unikatne izdelke, pre\u017eete z ljubeznijo, strastjo in spo\u0161tovanjem do lepote.\" \/>\n<meta property=\"og:url\" content=\"https:\/\/irenca.si\/en\/o-meni\/\" \/>\n<meta property=\"og:site_name\" content=\"IrenaHappyArt\" \/>\n<meta property=\"article:publisher\" content=\"https:\/\/www.facebook.com\/IrenaHappyArt\/\" \/>\n<meta property=\"article:modified_time\" content=\"2025-08-09T11:33:52+00:00\" \/>\n<meta name=\"twitter:card\" content=\"summary_large_image\" \/>\n<meta name=\"twitter:site\" content=\"@irenahappy\" \/>\n<meta name=\"twitter:label1\" content=\"Est. reading time\" \/>\n\t<meta name=\"twitter:data1\" content=\"6 minutes\" \/>\n<script type=\"application\/ld+json\" class=\"yoast-schema-graph\">{\"@context\":\"https:\/\/schema.org\",\"@graph\":[{\"@type\":\"WebPage\",\"@id\":\"https:\/\/irenca.si\/o-meni\/\",\"url\":\"https:\/\/irenca.si\/o-meni\/\",\"name\":\"O Meni - IrenaHappyArt\",\"isPartOf\":{\"@id\":\"https:\/\/irenca.si\/#website\"},\"datePublished\":\"2018-10-24T03:01:46+00:00\",\"dateModified\":\"2025-08-09T11:33:52+00:00\",\"description\":\"Sem Irena \u2013 ustvarjam ro\u010dno izdelane unikatne izdelke, pre\u017eete z ljubeznijo, strastjo in spo\u0161tovanjem do lepote.\",\"breadcrumb\":{\"@id\":\"https:\/\/irenca.si\/o-meni\/#breadcrumb\"},\"inLanguage\":\"en-US\",\"potentialAction\":[{\"@type\":\"ReadAction\",\"target\":[\"https:\/\/irenca.si\/o-meni\/\"]}]},{\"@type\":\"BreadcrumbList\",\"@id\":\"https:\/\/irenca.si\/o-meni\/#breadcrumb\",\"itemListElement\":[{\"@type\":\"ListItem\",\"position\":1,\"name\":\"Home\",\"item\":\"https:\/\/irenca.si\/\"},{\"@type\":\"ListItem\",\"position\":2,\"name\":\"O Meni\"}]},{\"@type\":\"WebSite\",\"@id\":\"https:\/\/irenca.si\/#website\",\"url\":\"https:\/\/irenca.si\/\",\"name\":\"Irenca.si\",\"description\":\"Narejeno z ljubeznijo\",\"publisher\":{\"@id\":\"https:\/\/irenca.si\/#organization\"},\"alternateName\":\"IrenaHappyArt\",\"potentialAction\":[{\"@type\":\"SearchAction\",\"target\":{\"@type\":\"EntryPoint\",\"urlTemplate\":\"https:\/\/irenca.si\/?s={search_term_string}\"},\"query-input\":{\"@type\":\"PropertyValueSpecification\",\"valueRequired\":true,\"valueName\":\"search_term_string\"}}],\"inLanguage\":\"en-US\"},{\"@type\":\"Organization\",\"@id\":\"https:\/\/irenca.si\/#organization\",\"name\":\"IrenaHappyArt\",\"url\":\"https:\/\/irenca.si\/\",\"logo\":{\"@type\":\"ImageObject\",\"inLanguage\":\"en-US\",\"@id\":\"https:\/\/irenca.si\/#\/schema\/logo\/image\/\",\"url\":\"https:\/\/irenca.si\/wp-content\/uploads\/2024\/12\/IrenaHappyArt_-_Logo-1.png\",\"contentUrl\":\"https:\/\/irenca.si\/wp-content\/uploads\/2024\/12\/IrenaHappyArt_-_Logo-1.png\",\"width\":777,\"height\":200,\"caption\":\"IrenaHappyArt\"},\"image\":{\"@id\":\"https:\/\/irenca.si\/#\/schema\/logo\/image\/\"},\"sameAs\":[\"https:\/\/www.facebook.com\/IrenaHappyArt\/\",\"https:\/\/x.com\/irenahappy\",\"https:\/\/www.instagram.com\/irena_plevnjak\",\"https:\/\/snipfeed.co\/irenahappyart\"]}]}<\/script>\n<!-- \/ Yoast SEO plugin. -->","yoast_head_json":{"title":"O Meni - IrenaHappyArt","description":"Sem Irena \u2013 ustvarjam ro\u010dno izdelane unikatne izdelke, pre\u017eete z ljubeznijo, strastjo in spo\u0161tovanjem do lepote.","robots":{"index":"index","follow":"follow","max-snippet":"max-snippet:-1","max-image-preview":"max-image-preview:large","max-video-preview":"max-video-preview:-1"},"canonical":"https:\/\/irenca.si\/en\/o-meni\/","og_locale":"en_US","og_type":"article","og_title":"O Meni - IrenaHappyArt","og_description":"Sem Irena \u2013 ustvarjam ro\u010dno izdelane unikatne izdelke, pre\u017eete z ljubeznijo, strastjo in spo\u0161tovanjem do lepote.","og_url":"https:\/\/irenca.si\/en\/o-meni\/","og_site_name":"IrenaHappyArt","article_publisher":"https:\/\/www.facebook.com\/IrenaHappyArt\/","article_modified_time":"2025-08-09T11:33:52+00:00","twitter_card":"summary_large_image","twitter_site":"@irenahappy","twitter_misc":{"Est. reading time":"6 minutes"},"schema":{"@context":"https:\/\/schema.org","@graph":[{"@type":"WebPage","@id":"https:\/\/irenca.si\/o-meni\/","url":"https:\/\/irenca.si\/o-meni\/","name":"O Meni - IrenaHappyArt","isPartOf":{"@id":"https:\/\/irenca.si\/#website"},"datePublished":"2018-10-24T03:01:46+00:00","dateModified":"2025-08-09T11:33:52+00:00","description":"Sem Irena \u2013 ustvarjam ro\u010dno izdelane unikatne izdelke, pre\u017eete z ljubeznijo, strastjo in spo\u0161tovanjem do lepote.","breadcrumb":{"@id":"https:\/\/irenca.si\/o-meni\/#breadcrumb"},"inLanguage":"en-US","potentialAction":[{"@type":"ReadAction","target":["https:\/\/irenca.si\/o-meni\/"]}]},{"@type":"BreadcrumbList","@id":"https:\/\/irenca.si\/o-meni\/#breadcrumb","itemListElement":[{"@type":"ListItem","position":1,"name":"Home","item":"https:\/\/irenca.si\/"},{"@type":"ListItem","position":2,"name":"O Meni"}]},{"@type":"WebSite","@id":"https:\/\/irenca.si\/#website","url":"https:\/\/irenca.si\/","name":"Irenca.si","description":"Narejeno z ljubeznijo","publisher":{"@id":"https:\/\/irenca.si\/#organization"},"alternateName":"IrenaHappyArt","potentialAction":[{"@type":"SearchAction","target":{"@type":"EntryPoint","urlTemplate":"https:\/\/irenca.si\/?s={search_term_string}"},"query-input":{"@type":"PropertyValueSpecification","valueRequired":true,"valueName":"search_term_string"}}],"inLanguage":"en-US"},{"@type":"Organization","@id":"https:\/\/irenca.si\/#organization","name":"IrenaHappyArt","url":"https:\/\/irenca.si\/","logo":{"@type":"ImageObject","inLanguage":"en-US","@id":"https:\/\/irenca.si\/#\/schema\/logo\/image\/","url":"https:\/\/irenca.si\/wp-content\/uploads\/2024\/12\/IrenaHappyArt_-_Logo-1.png","contentUrl":"https:\/\/irenca.si\/wp-content\/uploads\/2024\/12\/IrenaHappyArt_-_Logo-1.png","width":777,"height":200,"caption":"IrenaHappyArt"},"image":{"@id":"https:\/\/irenca.si\/#\/schema\/logo\/image\/"},"sameAs":["https:\/\/www.facebook.com\/IrenaHappyArt\/","https:\/\/x.com\/irenahappy","https:\/\/www.instagram.com\/irena_plevnjak","https:\/\/snipfeed.co\/irenahappyart"]}]}},"_links":{"self":[{"href":"https:\/\/irenca.si\/en\/wp-json\/wp\/v2\/pages\/350","targetHints":{"allow":["GET"]}}],"collection":[{"href":"https:\/\/irenca.si\/en\/wp-json\/wp\/v2\/pages"}],"about":[{"href":"https:\/\/irenca.si\/en\/wp-json\/wp\/v2\/types\/page"}],"author":[{"embeddable":true,"href":"https:\/\/irenca.si\/en\/wp-json\/wp\/v2\/users\/1"}],"replies":[{"embeddable":true,"href":"https:\/\/irenca.si\/en\/wp-json\/wp\/v2\/comments?post=350"}],"version-history":[{"count":0,"href":"https:\/\/irenca.si\/en\/wp-json\/wp\/v2\/pages\/350\/revisions"}],"wp:attachment":[{"href":"https:\/\/irenca.si\/en\/wp-json\/wp\/v2\/media?parent=350"}],"curies":[{"name":"wp","href":"https:\/\/api.w.org\/{rel}","templated":true}]}}